{"id":39986,"date":"2022-07-06T13:48:19","date_gmt":"2022-07-06T11:48:19","guid":{"rendered":"https:\/\/dev.authority.biz\/boj\/obecne-podminky\/"},"modified":"2023-01-22T11:43:09","modified_gmt":"2023-01-22T11:43:09","slug":"obecne-podminky","status":"publish","type":"page","link":"https:\/\/www.bojungle.eu\/cs\/obecne-podminky\/","title":{"rendered":"Obecn\u00e9 podm\u00ednky"},"content":{"rendered":"\t\t<div data-elementor-type=\"wp-page\" data-elementor-id=\"39986\" class=\"elementor elementor-39986 elementor-23502\" data-elementor-post-type=\"page\">\n\t\t\t\t\t\t<section class=\"elementor-section elementor-top-section elementor-element elementor-element-78ccdebe elementor-section-boxed elementor-section-height-default elementor-section-height-default rael-particle-no\" data-id=\"78ccdebe\" data-element_type=\"section\" data-e-type=\"section\" data-settings=\"{&quot;rae_animations_entrance&quot;:&quot;none&quot;}\">\n\t\t\t\t\t\t<div class=\"elementor-container elementor-column-gap-default\">\n\t\t\t\t\t<div class=\"elementor-column elementor-col-100 elementor-top-column elementor-element elementor-element-73e81cf2 rael-particle-no\" data-id=\"73e81cf2\" data-element_type=\"column\" data-e-type=\"column\">\n\t\t\t<div class=\"elementor-widget-wrap elementor-element-populated\">\n\t\t\t\t\t\t<div class=\"elementor-element elementor-element-5859d4b3 elementor-widget elementor-widget-text-editor\" data-id=\"5859d4b3\" data-element_type=\"widget\" data-e-type=\"widget\" data-widget_type=\"text-editor.default\">\n\t\t\t\t<div class=\"elementor-widget-container\">\n\t\t\t\t\t\t\t\t\t<p><strong>Podm\u00ednky a pravidla<\/strong><\/p>\n<p>V\u00edtejte v Bo Jungle!<\/p>\n<p>Tyto smluvn\u00ed podm\u00ednky stanovuj\u00ed pravidla a p\u0159edpisy pro pou\u017e\u00edv\u00e1n\u00ed webov\u00fdch str\u00e1nek spole\u010dnosti Chamo BV, kter\u00e9 se nach\u00e1zej\u00ed na adrese https:\/\/www.bojungle.eu.<\/p>\n<p>Vstupem na tyto webov\u00e9 str\u00e1nky p\u0159edpokl\u00e1d\u00e1me, \u017ee tyto podm\u00ednky p\u0159ij\u00edm\u00e1te. Pokud nesouhlas\u00edte se v\u0161emi podm\u00ednkami uveden\u00fdmi na t\u00e9to str\u00e1nce, nepou\u017e\u00edvejte d\u00e1le bojungle.<\/p>\n<p><strong>Soubory cookie:<\/strong><\/p>\n<p>Webov\u00e9 str\u00e1nky pou\u017e\u00edvaj\u00ed soubory cookie, kter\u00e9 pom\u00e1haj\u00ed p\u0159izp\u016fsobit va\u0161e online prost\u0159ed\u00ed. P\u0159\u00edstupem na bojungle jste souhlasili s pou\u017e\u00edv\u00e1n\u00edm po\u017eadovan\u00fdch soubor\u016f cookie.<\/p>\n<p>Soubor cookie je textov\u00fd soubor, kter\u00fd server webov\u00e9 str\u00e1nky um\u00edst\u00ed na v\u00e1\u0161 pevn\u00fd disk. Soubory cookie nelze pou\u017e\u00edt ke spou\u0161t\u011bn\u00ed program\u016f nebo k p\u0159enosu vir\u016f do va\u0161eho po\u010d\u00edta\u010de. Soubory cookie jsou v\u00e1m jedine\u010dn\u011b p\u0159i\u0159azeny a mohou b\u00fdt \u010dteny pouze webov\u00fdm serverem v dom\u00e9n\u011b, kter\u00e1 v\u00e1m soubor cookie vydala.<\/p>\n<p>Soubory cookie m\u016f\u017eeme pou\u017e\u00edvat ke shroma\u017e\u010fov\u00e1n\u00ed, ukl\u00e1d\u00e1n\u00ed a sledov\u00e1n\u00ed informac\u00ed pro statistick\u00e9 nebo marketingov\u00e9 \u00fa\u010dely, abychom mohli provozovat na\u0161e webov\u00e9 str\u00e1nky. M\u00e1te mo\u017enost p\u0159ijmout nebo odm\u00edtnout voliteln\u00e9 soubory cookie. Existuj\u00ed n\u011bkter\u00e9 povinn\u00e9 soubory cookie, kter\u00e9 jsou nezbytn\u00e9 pro provoz na\u0161ich webov\u00fdch str\u00e1nek. Tyto soubory cookie nevy\u017eaduj\u00ed v\u00e1\u0161 souhlas, proto\u017ee funguj\u00ed v\u017edy. M\u011bjte pros\u00edm na pam\u011bti, \u017ee p\u0159ijet\u00edm po\u017eadovan\u00fdch soubor\u016f cookie p\u0159ij\u00edm\u00e1te tak\u00e9 soubory cookie t\u0159et\u00edch stran, kter\u00e9 mohou b\u00fdt pou\u017eity prost\u0159ednictv\u00edm slu\u017eeb poskytovan\u00fdch t\u0159et\u00edmi stranami, pokud takov\u00e9 slu\u017eby na na\u0161ich webov\u00fdch str\u00e1nk\u00e1ch pou\u017e\u00edv\u00e1te, nap\u0159\u00edklad okno pro zobrazen\u00ed videa poskytovan\u00e9 t\u0159et\u00edmi stranami a integrovan\u00e9 do na\u0161ich webov\u00fdch str\u00e1nek.<\/p>\n<p><strong>Licence:<\/strong><\/p>\n<p>Pokud nen\u00ed uvedeno jinak, vlastn\u00ed pr\u00e1va du\u0161evn\u00edho vlastnictv\u00ed k ve\u0161ker\u00e9mu materi\u00e1lu na bojungle spole\u010dnost Chamo BV a\/nebo jej\u00ed poskytovatel\u00e9 licenc\u00ed. V\u0161echna pr\u00e1va du\u0161evn\u00edho vlastnictv\u00ed jsou vyhrazena. P\u0159\u00edstup z bojungle je mo\u017en\u00fd pro va\u0161e osobn\u00ed pou\u017eit\u00ed s v\u00fdhradou omezen\u00ed stanoven\u00fdch v t\u011bchto podm\u00ednk\u00e1ch.<\/p>\n<p>Nesm\u00edte:<\/p>\n<ul>\n<li>Kop\u00edrov\u00e1n\u00ed nebo dal\u0161\u00ed publikov\u00e1n\u00ed materi\u00e1lu z bojungle<\/li>\n<li>Prod\u00e1vat, pronaj\u00edmat nebo poskytovat sublicence na materi\u00e1l z bojungle<\/li>\n<li>Reprodukovat, duplikovat nebo kop\u00edrovat materi\u00e1l z bojungle<\/li>\n<li>Redistribuce obsahu z bojungle<\/li>\n<\/ul>\n<p>Tato dohoda za\u010d\u00edn\u00e1 platit dnem jej\u00edho podpisu.<\/p>\n<p>N\u011bkter\u00e9 \u010d\u00e1sti t\u011bchto webov\u00fdch str\u00e1nek nab\u00edzej\u00ed u\u017eivatel\u016fm mo\u017enost zve\u0159ej\u0148ovat a vym\u011b\u0148ovat si n\u00e1zory a informace v ur\u010dit\u00fdch oblastech webov\u00fdch str\u00e1nek. Spole\u010dnost Chamo BV nefiltruje, neupravuje, nezve\u0159ej\u0148uje ani nep\u0159ezkoum\u00e1v\u00e1 koment\u00e1\u0159e p\u0159ed jejich zve\u0159ejn\u011bn\u00edm na webov\u00fdch str\u00e1nk\u00e1ch. Koment\u00e1\u0159e nevyjad\u0159uj\u00ed n\u00e1zory a stanoviska spole\u010dnosti Chamo BV, jej\u00edch z\u00e1stupc\u016f a\/nebo p\u0159idru\u017een\u00fdch spole\u010dnost\u00ed. Koment\u00e1\u0159e vyjad\u0159uj\u00ed n\u00e1zory a stanoviska osoby, kter\u00e1 je zve\u0159ejnila. V rozsahu povolen\u00e9m platn\u00fdmi z\u00e1kony nenese spole\u010dnost Chamo BV odpov\u011bdnost za koment\u00e1\u0159e ani za jakoukoli odpov\u011bdnost, \u0161kody nebo v\u00fddaje zp\u016fsoben\u00e9 a\/nebo vznikl\u00e9 v d\u016fsledku jak\u00e9hokoli pou\u017eit\u00ed a\/nebo zve\u0159ejn\u011bn\u00ed a\/nebo zobrazen\u00ed koment\u00e1\u0159\u016f na t\u011bchto webov\u00fdch str\u00e1nk\u00e1ch.<\/p>\n<p>Spole\u010dnost Chamo BV si vyhrazuje pr\u00e1vo sledovat v\u0161echny koment\u00e1\u0159e a odstranit v\u0161echny koment\u00e1\u0159e, kter\u00e9 lze pova\u017eovat za nevhodn\u00e9, ur\u00e1\u017eliv\u00e9 nebo zp\u016fsobuj\u00edc\u00ed poru\u0161en\u00ed t\u011bchto smluvn\u00edch podm\u00ednek.<\/p>\n<p>Zaru\u010dujete a prohla\u0161ujete, \u017ee:<\/p>\n<ul>\n<li>Jste opr\u00e1vn\u011bni zve\u0159ej\u0148ovat koment\u00e1\u0159e na na\u0161ich webov\u00fdch str\u00e1nk\u00e1ch a m\u00e1te k tomu v\u0161echny pot\u0159ebn\u00e9 licence a souhlasy;<\/li>\n<li>Koment\u00e1\u0159e nezasahuj\u00ed do \u017e\u00e1dn\u00e9ho pr\u00e1va du\u0161evn\u00edho vlastnictv\u00ed, mimo jin\u00e9 do autorsk\u00fdch pr\u00e1v, patent\u016f nebo ochrann\u00fdch zn\u00e1mek t\u0159et\u00edch stran;<\/li>\n<li>Koment\u00e1\u0159e neobsahuj\u00ed \u017e\u00e1dn\u00fd hanliv\u00fd, pomlouva\u010dn\u00fd, ur\u00e1\u017eliv\u00fd, neslu\u0161n\u00fd nebo jinak nez\u00e1konn\u00fd materi\u00e1l, kter\u00fd by p\u0159edstavoval z\u00e1sah do soukrom\u00ed.<\/li>\n<li>Koment\u00e1\u0159e nebudou pou\u017e\u00edv\u00e1ny k z\u00edsk\u00e1v\u00e1n\u00ed nebo propagaci obchodu nebo zvyklost\u00ed nebo k prezentaci komer\u010dn\u00edch aktivit nebo nez\u00e1konn\u00e9 \u010dinnosti.<\/li>\n<\/ul>\n<p>T\u00edmto ud\u011blujete spole\u010dnosti Chamo BV nev\u00fdhradn\u00ed licenci k pou\u017eit\u00ed, reprodukci, \u00faprav\u00e1m a k opr\u00e1vn\u011bn\u00ed ostatn\u00edch k pou\u017eit\u00ed, reprodukci a \u00faprav\u00e1m jak\u00fdchkoli va\u0161ich koment\u00e1\u0159\u016f v jak\u00e9koli form\u011b, form\u00e1tu nebo m\u00e9diu.<\/p>\n<p><strong>Hypertextov\u00e9 odkazy na n\u00e1\u0161 obsah:<\/strong><\/p>\n<p>N\u00e1sleduj\u00edc\u00ed organizace mohou na na\u0161e webov\u00e9 str\u00e1nky odkazovat bez p\u0159edchoz\u00edho p\u00edsemn\u00e9ho souhlasu:<\/p>\n<ul>\n<li>Vl\u00e1dn\u00ed agentury;<\/li>\n<li>Vyhled\u00e1va\u010de;<\/li>\n<li>Zpravodajsk\u00e9 organizace;<\/li>\n<li>Distributo\u0159i online adres\u00e1\u0159\u016f mohou odkazovat na na\u0161e webov\u00e9 str\u00e1nky stejn\u00fdm zp\u016fsobem, jak\u00fdm odkazuj\u00ed na webov\u00e9 str\u00e1nky ostatn\u00edch uveden\u00fdch podnik\u016f; a<\/li>\n<li>Akreditovan\u00e9 podniky v r\u00e1mci cel\u00e9ho syst\u00e9mu, s v\u00fdjimkou neziskov\u00fdch organizac\u00ed, charitativn\u00edch n\u00e1kupn\u00edch center a skupin pro z\u00edsk\u00e1v\u00e1n\u00ed finan\u010dn\u00edch prost\u0159edk\u016f na charitativn\u00ed \u00fa\u010dely, kter\u00e9 nesm\u011bj\u00ed odkazovat na na\u0161e webov\u00e9 str\u00e1nky.<\/li>\n<\/ul>\n<p>Tyto organizace mohou odkazovat na na\u0161i domovskou str\u00e1nku, na publikace nebo na jin\u00e9 informace na webov\u00fdch str\u00e1nk\u00e1ch, pokud je tento odkaz: (a) nen\u00ed v \u017e\u00e1dn\u00e9m p\u0159\u00edpad\u011b klamav\u00fd; (b) nepravdiv\u011b nenazna\u010duje sponzorstv\u00ed, podporu nebo schv\u00e1len\u00ed odkazuj\u00edc\u00ed strany a jej\u00edch produkt\u016f a\/nebo slu\u017eeb; a (c) zapad\u00e1 do kontextu str\u00e1nek odkazuj\u00edc\u00ed strany.<\/p>\n<p>M\u016f\u017eeme zv\u00e1\u017eit a schv\u00e1lit dal\u0161\u00ed \u017e\u00e1dosti o propojen\u00ed od n\u00e1sleduj\u00edc\u00edch typ\u016f organizac\u00ed:<\/p>\n<ul>\n<li>b\u011b\u017en\u011b zn\u00e1m\u00e9 zdroje spot\u0159ebitelsk\u00fdch a\/nebo obchodn\u00edch informac\u00ed;<\/li>\n<li>komunitn\u00ed str\u00e1nky dot.com;<\/li>\n<li>sdru\u017een\u00ed nebo jin\u00fdch skupin zastupuj\u00edc\u00edch charitativn\u00ed organizace;<\/li>\n<li>online adres\u00e1\u0159 distributor\u016f;<\/li>\n<li>internetov\u00e9 port\u00e1ly;<\/li>\n<li>\u00fa\u010detn\u00ed, pr\u00e1vn\u00ed a poradensk\u00e9 firmy a<\/li>\n<li>vzd\u011bl\u00e1vac\u00ed instituce a obchodn\u00ed sdru\u017een\u00ed.<\/li>\n<\/ul>\n<p>\u017d\u00e1dosti o propojen\u00ed od t\u011bchto organizac\u00ed schv\u00e1l\u00edme, pokud o tom rozhodneme: (a) toto propojen\u00ed by n\u00e1s neznev\u00fdhod\u0148ovalo p\u0159ed n\u00e1mi nebo na\u0161imi akreditovan\u00fdmi podniky; (b) organizace u n\u00e1s nem\u00e1 \u017e\u00e1dn\u00e9 negativn\u00ed z\u00e1znamy; (c) v\u00fdhoda, kterou pro n\u00e1s viditelnost hypertextov\u00e9ho odkazu p\u0159edstavuje, kompenzuje absenci spole\u010dnosti Chamo BV; a (d) odkaz je v kontextu obecn\u00fdch informac\u00ed o zdroji.<\/p>\n<p>Tyto organizace mohou odkazovat na na\u0161i domovskou str\u00e1nku, pokud odkaz: (a) nen\u00ed v \u017e\u00e1dn\u00e9m p\u0159\u00edpad\u011b klamav\u00fd; (b) nepravdiv\u011b nenazna\u010duje sponzorstv\u00ed, podporu nebo schv\u00e1len\u00ed odkazuj\u00edc\u00ed strany a jej\u00edch produkt\u016f nebo slu\u017eeb; a (c) zapad\u00e1 do kontextu str\u00e1nek odkazuj\u00edc\u00ed strany.<\/p>\n<p>Pokud jste jednou z organizac\u00ed uveden\u00fdch v odstavci 2 v\u00fd\u0161e a m\u00e1te z\u00e1jem o propojen\u00ed s na\u0161imi webov\u00fdmi str\u00e1nkami, mus\u00edte n\u00e1s o tom informovat zasl\u00e1n\u00edm e-mailu spole\u010dnosti Chamo BV. Uve\u010fte pros\u00edm sv\u00e9 jm\u00e9no, n\u00e1zev organizace, kontaktn\u00ed \u00fadaje a adresu URL sv\u00e9 str\u00e1nky, seznam adres URL, ze kter\u00fdch hodl\u00e1te odkazovat na na\u0161e webov\u00e9 str\u00e1nky, a seznam adres URL na na\u0161ich str\u00e1nk\u00e1ch, na kter\u00e9 chcete odkazovat. Na odpov\u011b\u010f po\u010dkejte 2-3 t\u00fddny.<\/p>\n<p>Schv\u00e1len\u00e9 organizace mohou na na\u0161e webov\u00e9 str\u00e1nky odkazovat takto:<\/p>\n<ul>\n<li>pou\u017e\u00edv\u00e1n\u00edm n\u00e1zvu na\u0161\u00ed spole\u010dnosti; nebo<\/li>\n<li>Pou\u017eit\u00edm jednotn\u00e9ho lok\u00e1toru zdroj\u016f, na kter\u00fd je odkazov\u00e1no, nebo<\/li>\n<li>pou\u017eit\u00ed jak\u00e9hokoli jin\u00e9ho popisu na\u0161ich webov\u00fdch str\u00e1nek, na kter\u00e9 je odkazov\u00e1no, kter\u00fd d\u00e1v\u00e1 smysl v kontextu a form\u00e1tu obsahu na str\u00e1nk\u00e1ch odkazuj\u00edc\u00ed strany.<\/li>\n<\/ul>\n<p>Bez licen\u010dn\u00ed smlouvy na ochrannou zn\u00e1mku nebude povoleno pou\u017e\u00edvat logo spole\u010dnosti Chamo BV ani jin\u00e9 um\u011bleck\u00e9 d\u00edlo pro odkazov\u00e1n\u00ed.<\/p>\n<p><strong>Odpov\u011bdnost za obsah:<\/strong><\/p>\n<p>Neneseme odpov\u011bdnost za \u017e\u00e1dn\u00fd obsah, kter\u00fd se objev\u00ed na va\u0161ich webov\u00fdch str\u00e1nk\u00e1ch. Souhlas\u00edte s t\u00edm, \u017ee n\u00e1s budete chr\u00e1nit a br\u00e1nit proti v\u0161em n\u00e1rok\u016fm, kter\u00e9 budou vzneseny na va\u0161ich webov\u00fdch str\u00e1nk\u00e1ch. Na \u017e\u00e1dn\u00e9 webov\u00e9 str\u00e1nce by se nem\u011bl objevit odkaz(y), kter\u00fd by mohl b\u00fdt vykl\u00e1d\u00e1n jako hanliv\u00fd, obsc\u00e9nn\u00ed nebo trestn\u00fd, nebo kter\u00fd poru\u0161uje, jinak poru\u0161uje nebo podporuje poru\u0161ov\u00e1n\u00ed nebo jin\u00e9 poru\u0161ov\u00e1n\u00ed pr\u00e1v t\u0159et\u00edch stran.<\/p>\n<p><strong>V\u00fdhrada pr\u00e1v:<\/strong><\/p>\n<p>Vyhrazujeme si pr\u00e1vo po\u017e\u00e1dat v\u00e1s o odstran\u011bn\u00ed v\u0161ech odkaz\u016f nebo jak\u00e9hokoli konkr\u00e9tn\u00edho odkazu na na\u0161e webov\u00e9 str\u00e1nky. Souhlas\u00edte s t\u00edm, \u017ee na po\u017e\u00e1d\u00e1n\u00ed okam\u017eit\u011b odstran\u00edte v\u0161echny odkazy na na\u0161e webov\u00e9 str\u00e1nky. Vyhrazujeme si tak\u00e9 pr\u00e1vo tyto podm\u00ednky a z\u00e1sady propojen\u00ed kdykoli zm\u011bnit. Trval\u00fdm odkazov\u00e1n\u00edm na na\u0161e webov\u00e9 str\u00e1nky souhlas\u00edte s t\u011bmito podm\u00ednkami odkazov\u00e1n\u00ed a jejich dodr\u017eov\u00e1n\u00edm.<\/p>\n<p><strong>Odstran\u011bn\u00ed odkaz\u016f z na\u0161ich webov\u00fdch str\u00e1nek:<\/strong><\/p>\n<p>Pokud na na\u0161ich webov\u00fdch str\u00e1nk\u00e1ch najdete odkaz, kter\u00fd je z jak\u00e9hokoli d\u016fvodu ur\u00e1\u017eliv\u00fd, m\u016f\u017eete n\u00e1s kdykoli kontaktovat a informovat. \u017d\u00e1dosti o odstran\u011bn\u00ed odkaz\u016f zv\u00e1\u017e\u00edme, ale nejsme povinni tak u\u010dinit ani v\u00e1m p\u0159\u00edmo odpov\u011bd\u011bt.<\/p>\n<p>Nezaru\u010dujeme, \u017ee informace na t\u011bchto webov\u00fdch str\u00e1nk\u00e1ch jsou spr\u00e1vn\u00e9. Nezaru\u010dujeme jejich \u00faplnost ani p\u0159esnost, ani neslibujeme, \u017ee webov\u00e9 str\u00e1nky z\u016fstanou dostupn\u00e9 nebo \u017ee materi\u00e1l na nich bude aktualizov\u00e1n.<\/p>\n<p><strong>Odm\u00edtnut\u00ed odpov\u011bdnosti:<\/strong><\/p>\n<p>V maxim\u00e1ln\u00edm rozsahu povolen\u00e9m platn\u00fdmi z\u00e1kony vylu\u010dujeme ve\u0161ker\u00e1 prohl\u00e1\u0161en\u00ed, z\u00e1ruky a podm\u00ednky t\u00fdkaj\u00edc\u00ed se na\u0161ich webov\u00fdch str\u00e1nek a jejich pou\u017e\u00edv\u00e1n\u00ed. Nic v tomto prohl\u00e1\u0161en\u00ed o vylou\u010den\u00ed odpov\u011bdnosti:<\/p>\n<ul>\n<li>omezit nebo vylou\u010dit na\u0161i nebo va\u0161i odpov\u011bdnost za smrt nebo \u00fajmu na zdrav\u00ed;<\/li>\n<li>omezit nebo vylou\u010dit na\u0161i nebo va\u0161i odpov\u011bdnost za podvod nebo podvodn\u00e9 zkreslen\u00ed;<\/li>\n<li>omezovat na\u0161e nebo va\u0161e z\u00e1vazky jak\u00fdmkoli zp\u016fsobem, kter\u00fd nen\u00ed povolen platn\u00fdmi pr\u00e1vn\u00edmi p\u0159edpisy; nebo<\/li>\n<li>vylou\u010den\u00ed na\u0161ich nebo va\u0161ich z\u00e1vazk\u016f, kter\u00e9 nelze vylou\u010dit podle platn\u00fdch pr\u00e1vn\u00edch p\u0159edpis\u016f.<\/li>\n<\/ul>\n<p>Omezen\u00ed a z\u00e1kazy odpov\u011bdnosti uveden\u00e9 v tomto odd\u00edle a v jin\u00fdch \u010d\u00e1stech tohoto prohl\u00e1\u0161en\u00ed o vylou\u010den\u00ed odpov\u011bdnosti: (a) podl\u00e9haj\u00ed p\u0159edchoz\u00edmu odstavci a (b) upravuje ve\u0161ker\u00e9 z\u00e1vazky vypl\u00fdvaj\u00edc\u00ed z tohoto prohl\u00e1\u0161en\u00ed o vylou\u010den\u00ed odpov\u011bdnosti, v\u010detn\u011b z\u00e1vazk\u016f vypl\u00fdvaj\u00edc\u00edch ze smlouvy, z delikt\u016f a z poru\u0161en\u00ed z\u00e1konn\u00fdch povinnost\u00ed.<\/p>\n<p>Dokud jsou webov\u00e9 str\u00e1nky a informace a slu\u017eby na nich poskytov\u00e1ny bezplatn\u011b, neneseme odpov\u011bdnost za jakoukoli ztr\u00e1tu nebo \u0161kodu jak\u00e9koli povahy.<\/p>\n<p> <\/p>\t\t\t\t\t\t\t\t<\/div>\n\t\t\t\t<\/div>\n\t\t\t\t\t<\/div>\n\t\t<\/div>\n\t\t\t\t\t<\/div>\n\t\t<\/section>\n\t\t\t\t<\/div>\n\t\t","protected":false},"excerpt":{"rendered":"<p>Podm\u00ednky a pravidla V\u00edtejte v Bo Jungle! Tyto smluvn\u00ed podm\u00ednky stanovuj\u00ed pravidla a p\u0159edpisy pro pou\u017e\u00edv\u00e1n\u00ed webov\u00fdch str\u00e1nek spole\u010dnosti Chamo BV, kter\u00e9 se nach\u00e1zej\u00ed na adrese https:\/\/www.bojungle.eu. Vstupem na tyto webov\u00e9 str\u00e1nky p\u0159edpokl\u00e1d\u00e1me, \u017ee tyto podm\u00ednky p\u0159ij\u00edm\u00e1te. Pokud nesouhlas\u00edte se v\u0161emi podm\u00ednkami uveden\u00fdmi na t\u00e9to str\u00e1nce, nepou\u017e\u00edvejte d\u00e1le bojungle. Soubory cookie: Webov\u00e9 str\u00e1nky pou\u017e\u00edvaj\u00ed soubory [&hellip;]<\/p>\n","protected":false},"author":6,"featured_media":0,"parent":0,"menu_order":0,"comment_status":"closed","ping_status":"closed","template":"elementor_theme","meta":{"_lmt_disableupdate":"","_lmt_disable":"","footnotes":""},"categories":[],"tags":[],"class_list":["post-39986","page","type-page","status-publish","hentry"],"_links":{"self":[{"href":"https:\/\/www.bojungle.eu\/cs\/wp-json\/wp\/v2\/pages\/39986","targetHints":{"allow":["GET"]}}],"collection":[{"href":"https:\/\/www.bojungle.eu\/cs\/wp-json\/wp\/v2\/pages"}],"about":[{"href":"https:\/\/www.bojungle.eu\/cs\/wp-json\/wp\/v2\/types\/page"}],"author":[{"embeddable":true,"href":"https:\/\/www.bojungle.eu\/cs\/wp-json\/wp\/v2\/users\/6"}],"replies":[{"embeddable":true,"href":"https:\/\/www.bojungle.eu\/cs\/wp-json\/wp\/v2\/comments?post=39986"}],"version-history":[{"count":1,"href":"https:\/\/www.bojungle.eu\/cs\/wp-json\/wp\/v2\/pages\/39986\/revisions"}],"predecessor-version":[{"id":39991,"href":"https:\/\/www.bojungle.eu\/cs\/wp-json\/wp\/v2\/pages\/39986\/revisions\/39991"}],"wp:attachment":[{"href":"https:\/\/www.bojungle.eu\/cs\/wp-json\/wp\/v2\/media?parent=39986"}],"wp:term":[{"taxonomy":"category","embeddable":true,"href":"https:\/\/www.bojungle.eu\/cs\/wp-json\/wp\/v2\/categories?post=39986"},{"taxonomy":"post_tag","embeddable":true,"href":"https:\/\/www.bojungle.eu\/cs\/wp-json\/wp\/v2\/tags?post=39986"}],"curies":[{"name":"wp","href":"https:\/\/api.w.org\/{rel}","templated":true}]}}