{"id":41726,"date":"2022-05-29T09:55:52","date_gmt":"2022-05-29T09:55:52","guid":{"rendered":"https:\/\/dev.authority.biz\/boj\/zasady-ochrany-osobnich-udaju\/"},"modified":"2023-02-06T12:30:16","modified_gmt":"2023-02-06T12:30:16","slug":"zasady-ochrany-osobnich-udaju","status":"publish","type":"page","link":"https:\/\/www.bojungle.eu\/cs\/zasady-ochrany-osobnich-udaju\/","title":{"rendered":"Z\u00e1sady ochrany osobn\u00edch \u00fadaj\u016f"},"content":{"rendered":"\t\t<div data-elementor-type=\"wp-page\" data-elementor-id=\"41726\" class=\"elementor elementor-41726 elementor-3\" data-elementor-post-type=\"page\">\n\t\t\t\t\t\t<section class=\"elementor-section elementor-top-section elementor-element elementor-element-1711ebdd elementor-section-boxed elementor-section-height-default elementor-section-height-default rael-particle-no\" data-id=\"1711ebdd\" data-element_type=\"section\" data-e-type=\"section\" data-settings=\"{&quot;rae_animations_entrance&quot;:&quot;none&quot;}\">\n\t\t\t\t\t\t<div class=\"elementor-container elementor-column-gap-default\">\n\t\t\t\t\t<div class=\"elementor-column elementor-col-100 elementor-top-column elementor-element elementor-element-2999eab rael-particle-no\" data-id=\"2999eab\" data-element_type=\"column\" data-e-type=\"column\">\n\t\t\t<div class=\"elementor-widget-wrap elementor-element-populated\">\n\t\t\t\t\t\t<div class=\"elementor-element elementor-element-48a44f04 elementor-widget elementor-widget-text-editor\" data-id=\"48a44f04\" data-element_type=\"widget\" data-e-type=\"widget\" data-widget_type=\"text-editor.default\">\n\t\t\t\t<div class=\"elementor-widget-container\">\n\t\t\t\t\t\t\t\t\t<p><\/p>\n<p id=\"tw-target-text\" class=\"tw-data-text tw-text-large tw-ta\" dir=\"ltr\" data-placeholder=\"Vertaling\"><span class=\"Y2IQFc\" lang=\"en\">Spole\u010dnost Bo Jungle se s\u00eddlem na adrese Brambroek 23b Geraadsbergen 9500 je odpov\u011bdn\u00e1 za zpracov\u00e1n\u00ed osobn\u00edch \u00fadaj\u016f, jak je uvedeno v tomto prohl\u00e1\u0161en\u00ed o ochran\u011b osobn\u00edch \u00fadaj\u016f.  <\/span><\/p>\n<p class=\"tw-data-text tw-text-large tw-ta\" dir=\"ltr\" data-placeholder=\"Vertaling\"><span class=\"Y2IQFc\" lang=\"en\">Kontaktn\u00ed \u00fadaje: http:\/\/www.bojungle.eu Brambroek 23b Geraadsbergen 9500 +32 54 24 03 31 Osobn\u00ed \u00fadaje, kter\u00e9 zpracov\u00e1v\u00e1me.  <\/span><\/p>\n<p class=\"tw-data-text tw-text-large tw-ta\" dir=\"ltr\" data-placeholder=\"Vertaling\"><span class=\"Y2IQFc\" lang=\"en\">Spole\u010dnost Bo Jungle zpracov\u00e1v\u00e1 va\u0161e osobn\u00ed \u00fadaje, proto\u017ee vyu\u017e\u00edv\u00e1te na\u0161e slu\u017eby a\/nebo proto\u017ee jste n\u00e1m je sami poskytli. N\u00ed\u017ee najdete p\u0159ehled osobn\u00edch \u00fadaj\u016f, kter\u00e9 zpracov\u00e1v\u00e1me:<\/span><\/p>\n<ol>\n<li class=\"tw-data-text tw-text-large tw-ta\" dir=\"ltr\" data-placeholder=\"Vertaling\"><span class=\"Y2IQFc\" lang=\"en\">Jm\u00e9no a p\u0159\u00edjmen\u00ed  <\/span><\/li>\n<li class=\"tw-data-text tw-text-large tw-ta\" dir=\"ltr\" data-placeholder=\"Vertaling\"><span class=\"Y2IQFc\" lang=\"en\">Sex  <\/span><\/li>\n<li class=\"tw-data-text tw-text-large tw-ta\" dir=\"ltr\" data-placeholder=\"Vertaling\"><span class=\"Y2IQFc\" lang=\"en\">Datum narozen\u00ed  <\/span><\/li>\n<li class=\"tw-data-text tw-text-large tw-ta\" dir=\"ltr\" data-placeholder=\"Vertaling\"><span class=\"Y2IQFc\" lang=\"en\">M\u00edsto narozen\u00ed  <\/span><\/li>\n<li class=\"tw-data-text tw-text-large tw-ta\" dir=\"ltr\" data-placeholder=\"Vertaling\"><span class=\"Y2IQFc\" lang=\"en\">\u00dadaje o adrese  <\/span><\/li>\n<li class=\"tw-data-text tw-text-large tw-ta\" dir=\"ltr\" data-placeholder=\"Vertaling\"><span class=\"Y2IQFc\" lang=\"en\">Telefonn\u00ed \u010d\u00edslo  <\/span><\/li>\n<li class=\"tw-data-text tw-text-large tw-ta\" dir=\"ltr\" data-placeholder=\"Vertaling\"><span class=\"Y2IQFc\" lang=\"en\">E-mailov\u00e1 adresa  <\/span><\/li>\n<li class=\"tw-data-text tw-text-large tw-ta\" dir=\"ltr\" data-placeholder=\"Vertaling\"><span class=\"Y2IQFc\" lang=\"en\">IP adresa  <\/span><\/li>\n<li class=\"tw-data-text tw-text-large tw-ta\" dir=\"ltr\" data-placeholder=\"Vertaling\"><span class=\"Y2IQFc\" lang=\"en\">Dal\u0161\u00ed osobn\u00ed \u00fadaje, kter\u00e9 aktivn\u011b poskytnete, nap\u0159\u00edklad vytvo\u0159en\u00edm profilu na t\u011bchto webov\u00fdch str\u00e1nk\u00e1ch, v korespondenci a telefonicky.  <\/span><\/li>\n<li class=\"tw-data-text tw-text-large tw-ta\" dir=\"ltr\" data-placeholder=\"Vertaling\"><span class=\"Y2IQFc\" lang=\"en\">\u00dadaje o poloze  <\/span><\/li>\n<li class=\"tw-data-text tw-text-large tw-ta\" dir=\"ltr\" data-placeholder=\"Vertaling\"><span class=\"Y2IQFc\" lang=\"en\">Informace o va\u0161ich aktivit\u00e1ch na na\u0161ich webov\u00fdch str\u00e1nk\u00e1ch  <\/span><\/li>\n<li class=\"tw-data-text tw-text-large tw-ta\" dir=\"ltr\" data-placeholder=\"Vertaling\"><span class=\"Y2IQFc\" lang=\"en\">\u00dadaje o va\u0161em chov\u00e1n\u00ed p\u0159i surfov\u00e1n\u00ed na r\u016fzn\u00fdch webov\u00fdch str\u00e1nk\u00e1ch (nap\u0159\u00edklad proto, \u017ee tato spole\u010dnost je sou\u010d\u00e1st\u00ed reklamn\u00ed s\u00edt\u011b).  <\/span><\/li>\n<li class=\"tw-data-text tw-text-large tw-ta\" dir=\"ltr\" data-placeholder=\"Vertaling\"><span class=\"Y2IQFc\" lang=\"en\">Internetov\u00fd prohl\u00ed\u017ee\u010d a typ za\u0159\u00edzen\u00ed<\/span><\/li>\n<\/ol>\n<p dir=\"ltr\" data-placeholder=\"Vertaling\"> <\/p>\n<p id=\"tw-target-text\" class=\"tw-data-text tw-text-large tw-ta\" dir=\"ltr\" data-placeholder=\"Vertaling\"><span class=\"Y2IQFc\" lang=\"en\">Zvl\u00e1\u0161tn\u00ed a\/nebo citliv\u00e9 osobn\u00ed \u00fadaje, kter\u00e9 zpracov\u00e1v\u00e1me Na\u0161e webov\u00e9 str\u00e1nky a\/nebo slu\u017eby nemaj\u00ed v \u00famyslu shroma\u017e\u010fovat \u00fadaje o n\u00e1v\u0161t\u011bvn\u00edc\u00edch webov\u00fdch str\u00e1nek mlad\u0161\u00edch 16 let. Pokud nemaj\u00ed souhlas rodi\u010d\u016f nebo opatrovn\u00edka. Nem\u016f\u017eeme v\u0161ak ov\u011b\u0159it, zda je n\u00e1v\u0161t\u011bvn\u00edk star\u0161\u00ed 16 let. Doporu\u010dujeme proto rodi\u010d\u016fm, aby se zapojili do online aktivit sv\u00fdch d\u011bt\u00ed a zabr\u00e1nili tak shroma\u017e\u010fov\u00e1n\u00ed \u00fadaj\u016f o d\u011btech bez souhlasu rodi\u010d\u016f. Pokud jste p\u0159esv\u011bd\u010deni, \u017ee jsme shrom\u00e1\u017edili osobn\u00ed \u00fadaje o nezletil\u00e9 osob\u011b bez tohoto svolen\u00ed, kontaktujte n\u00e1s pros\u00edm na adrese marketing@bojungle.eu a my tyto \u00fadaje odstran\u00edme. Za jak\u00fdm \u00fa\u010delem a na jak\u00e9m z\u00e1klad\u011b zpracov\u00e1v\u00e1me osobn\u00ed \u00fadaje Spole\u010dnost Bo Jungle zpracov\u00e1v\u00e1 va\u0161e osobn\u00ed \u00fadaje pro n\u00e1sleduj\u00edc\u00ed \u00fa\u010dely:  <\/span><\/p>\n<ol>\n<li class=\"tw-data-text tw-text-large tw-ta\" dir=\"ltr\" data-placeholder=\"Vertaling\"><span class=\"Y2IQFc\" lang=\"en\">Zas\u00edl\u00e1n\u00ed na\u0161eho newsletteru a\/nebo reklamn\u00ed bro\u017eury  <\/span><\/li>\n<li class=\"tw-data-text tw-text-large tw-ta\" dir=\"ltr\" data-placeholder=\"Vertaling\"><span class=\"Y2IQFc\" lang=\"en\">informovat v\u00e1s o zm\u011bn\u00e1ch na\u0161ich slu\u017eeb a produkt\u016f.  <\/span><\/li>\n<li class=\"tw-data-text tw-text-large tw-ta\" dir=\"ltr\" data-placeholder=\"Vertaling\"><span class=\"Y2IQFc\" lang=\"en\">Nab\u00eddnout v\u00e1m mo\u017enost vytvo\u0159it si \u00fa\u010det  <\/span><\/li>\n<li class=\"tw-data-text tw-text-large tw-ta\" dir=\"ltr\" data-placeholder=\"Vertaling\"><span class=\"Y2IQFc\" lang=\"en\">doru\u010dov\u00e1n\u00ed zbo\u017e\u00ed a slu\u017eeb  <\/span><\/li>\n<li class=\"tw-data-text tw-text-large tw-ta\" dir=\"ltr\" data-placeholder=\"Vertaling\"><span class=\"Y2IQFc\" lang=\"en\">Spole\u010dnost Bo Jungle analyzuje va\u0161e chov\u00e1n\u00ed na webov\u00fdch str\u00e1nk\u00e1ch, aby je mohla vylep\u0161ovat a p\u0159izp\u016fsobovat nab\u00eddku produkt\u016f a slu\u017eeb va\u0161im preferenc\u00edm.  <\/span><\/li>\n<li class=\"tw-data-text tw-text-large tw-ta\" dir=\"ltr\" data-placeholder=\"Vertaling\"><span class=\"Y2IQFc\" lang=\"en\">Bo Jungle sleduje va\u0161e chov\u00e1n\u00ed p\u0159i surfov\u00e1n\u00ed na r\u016fzn\u00fdch webov\u00fdch str\u00e1nk\u00e1ch, pomoc\u00ed kter\u00e9ho p\u0159izp\u016fsobujeme na\u0161e produkty a slu\u017eby va\u0161im pot\u0159eb\u00e1m.  <\/span><\/li>\n<li class=\"tw-data-text tw-text-large tw-ta\" dir=\"ltr\" data-placeholder=\"Vertaling\"><span class=\"Y2IQFc\" lang=\"en\">Spole\u010dnost Bo Jungle tak\u00e9 zpracov\u00e1v\u00e1 osobn\u00ed \u00fadaje, pokud jsme k tomu ze z\u00e1kona povinni, nap\u0159\u00edklad \u00fadaje, kter\u00e9 pot\u0159ebujeme pro na\u0161e da\u0148ov\u00e9 p\u0159izn\u00e1n\u00ed.<\/span><\/li>\n<\/ol>\n<p dir=\"ltr\" data-placeholder=\"Vertaling\"> <\/p>\n<p id=\"tw-target-text\" class=\"tw-data-text tw-text-large tw-ta\" dir=\"ltr\" data-placeholder=\"Vertaling\"><span class=\"Y2IQFc\" lang=\"en\">Automatizovan\u00e9 rozhodov\u00e1n\u00ed  <\/span><\/p>\n<p class=\"tw-data-text tw-text-large tw-ta\" dir=\"ltr\" data-placeholder=\"Vertaling\"><span class=\"Y2IQFc\" lang=\"en\">Bo Jungle trv\u00e1  <\/span><span class=\"Y2IQFc\" lang=\"en\">#rozhodov\u00e1n\u00ed o odpov\u011bdnosti na z\u00e1klad\u011b automatizovan\u00e9ho zpracov\u00e1n\u00ed v z\u00e1le\u017eitostech, kter\u00e9 mohou m\u00edt (v\u00fdznamn\u00e9) d\u016fsledky pro lidi. Jedn\u00e1 se o rozhodnut\u00ed p\u0159ijat\u00e1 po\u010d\u00edta\u010dov\u00fdmi programy nebo syst\u00e9my bez \u00fa\u010dasti \u010dlov\u011bka (nap\u0159\u00edklad zam\u011bstnance spole\u010dnosti Bo Jungle). Bo Jungle pou\u017e\u00edv\u00e1 n\u00e1sleduj\u00edc\u00ed po\u010d\u00edta\u010dov\u00e9 programy nebo syst\u00e9my:  <\/span><\/p>\n<p class=\"tw-data-text tw-text-large tw-ta\" dir=\"ltr\" data-placeholder=\"Vertaling\"><span class=\"Y2IQFc\" lang=\"en\">#use_explanation  <\/span><\/p>\n<p class=\"tw-data-text tw-text-large tw-ta\" dir=\"ltr\" data-placeholder=\"Vertaling\"><span class=\"Y2IQFc\" lang=\"en\">Jak dlouho uchov\u00e1v\u00e1me osobn\u00ed \u00fadaje Spole\u010dnost Bo Jungle neuchov\u00e1v\u00e1 va\u0161e osobn\u00ed \u00fadaje d\u00e9le, ne\u017e je nezbytn\u011b nutn\u00e9 k realizaci \u00fa\u010del\u016f, pro kter\u00e9 jsou va\u0161e \u00fadaje shroma\u017e\u010fov\u00e1ny. Pro n\u00e1sleduj\u00edc\u00ed (kategorie) osobn\u00edch \u00fadaj\u016f pou\u017e\u00edv\u00e1me n\u00e1sleduj\u00edc\u00ed doby uchov\u00e1v\u00e1n\u00ed:  <\/span><\/p>\n<p class=\"tw-data-text tw-text-large tw-ta\" dir=\"ltr\" data-placeholder=\"Vertaling\"><span class=\"Y2IQFc\" lang=\"en\">#retention_period  <\/span><\/p>\n<p class=\"tw-data-text tw-text-large tw-ta\" dir=\"ltr\" data-placeholder=\"Vertaling\"><span class=\"Y2IQFc\" lang=\"en\">Sd\u00edlen\u00ed osobn\u00edch \u00fadaj\u016f s t\u0159et\u00edmi stranami Spole\u010dnost Bo Jungle neprod\u00e1v\u00e1 va\u0161e \u00fadaje t\u0159et\u00edm stran\u00e1m a poskytuje je pouze v p\u0159\u00edpad\u011b, \u017ee je to nezbytn\u00e9 pro pln\u011bn\u00ed na\u0161\u00ed smlouvy s v\u00e1mi nebo pro spln\u011bn\u00ed z\u00e1konn\u00e9 povinnosti. Se spole\u010dnostmi, kter\u00e9 zpracov\u00e1vaj\u00ed va\u0161e \u00fadaje na\u0161\u00edm jm\u00e9nem, uzav\u00edr\u00e1me smlouvu o zpracov\u00e1n\u00ed, abychom zajistili stejnou \u00farove\u0148 zabezpe\u010den\u00ed a d\u016fv\u011brnosti va\u0161ich \u00fadaj\u016f. Za tyto zpracovatelsk\u00e9 operace je nad\u00e1le odpov\u011bdn\u00e1 spole\u010dnost Bo Jungle. Cookies nebo podobn\u00e9 techniky, kter\u00e9 pou\u017e\u00edv\u00e1me Bo Jungle pou\u017e\u00edv\u00e1 pouze technick\u00e9 a funk\u010dn\u00ed cookies. A analytick\u00e9 soubory cookie, kter\u00e9 nenaru\u0161uj\u00ed va\u0161e soukrom\u00ed. Soubor cookie je mal\u00fd textov\u00fd soubor, kter\u00fd se ulo\u017e\u00ed do va\u0161eho po\u010d\u00edta\u010de, tabletu nebo chytr\u00e9ho telefonu p\u0159i prvn\u00ed n\u00e1v\u0161t\u011bv\u011b t\u011bchto webov\u00fdch str\u00e1nek. Soubory cookie, kter\u00e9 pou\u017e\u00edv\u00e1me, jsou nezbytn\u00e9 pro technick\u00e9 fungov\u00e1n\u00ed webov\u00fdch str\u00e1nek a jejich snadn\u00e9 pou\u017e\u00edv\u00e1n\u00ed. Zaji\u0161\u0165uj\u00ed spr\u00e1vn\u00e9 fungov\u00e1n\u00ed webov\u00fdch str\u00e1nek a nap\u0159\u00edklad si pamatuj\u00ed va\u0161e preferovan\u00e1 nastaven\u00ed. D\u00edky tomu m\u016f\u017eeme tak\u00e9 optimalizovat na\u0161e webov\u00e9 str\u00e1nky. Soubory cookie m\u016f\u017eete odm\u00edtnout nastaven\u00edm internetov\u00e9ho prohl\u00ed\u017ee\u010de tak, aby soubory cookie ji\u017e neukl\u00e1dal. Krom\u011b toho m\u016f\u017eete prost\u0159ednictv\u00edm nastaven\u00ed prohl\u00ed\u017ee\u010de odstranit v\u0161echny d\u0159\u00edve ulo\u017een\u00e9 informace.<\/span><\/p>\n<p id=\"tw-target-text\" class=\"tw-data-text tw-text-large tw-ta\" dir=\"ltr\" data-placeholder=\"Vertaling\"><span class=\"Y2IQFc\" lang=\"en\">Prohl\u00ed\u017een\u00ed, \u00faprava nebo vymaz\u00e1n\u00ed \u00fadaj\u016f M\u00e1te pr\u00e1vo na prohl\u00ed\u017een\u00ed, opravu nebo vymaz\u00e1n\u00ed sv\u00fdch osobn\u00edch \u00fadaj\u016f. To m\u016f\u017eete prov\u00e9st sami v osobn\u00edm nastaven\u00ed sv\u00e9ho \u00fa\u010dtu. Krom\u011b toho m\u00e1te pr\u00e1vo odvolat sv\u016fj souhlas se zpracov\u00e1n\u00edm \u00fadaj\u016f nebo vzn\u00e9st n\u00e1mitku proti zpracov\u00e1n\u00ed va\u0161ich osobn\u00edch \u00fadaj\u016f na\u0161\u00ed spole\u010dnost\u00ed a m\u00e1te pr\u00e1vo na p\u0159enositelnost \u00fadaj\u016f. To znamen\u00e1, \u017ee n\u00e1s m\u016f\u017eete po\u017e\u00e1dat o zasl\u00e1n\u00ed osobn\u00edch \u00fadaj\u016f, kter\u00e9 o v\u00e1s m\u00e1me v po\u010d\u00edta\u010dov\u00e9m souboru, v\u00e1m nebo jin\u00e9 v\u00e1mi uveden\u00e9 organizaci. Pokud chcete uplatnit sv\u00e9 pr\u00e1vo vzn\u00e9st n\u00e1mitku a\/nebo pr\u00e1vo na p\u0159enositelnost \u00fadaj\u016f nebo m\u00e1te jin\u00e9 dotazy\/p\u0159ipom\u00ednky ke zpracov\u00e1n\u00ed \u00fadaj\u016f, za\u0161lete pros\u00edm konkr\u00e9tn\u00ed \u017e\u00e1dost na adresu marketing@bojungle.eu. Abychom se ujistili, \u017ee jste \u017e\u00e1dost o p\u0159\u00edstup podali vy, \u017e\u00e1d\u00e1me v\u00e1s, abyste k \u017e\u00e1dosti p\u0159ilo\u017eili kopii dokladu toto\u017enosti. V t\u00e9to kopii si nechte z\u010dernit fotografii v pasu, MRZ (strojov\u011b \u010diteln\u00e1 z\u00f3na, prou\u017eek s \u010d\u00edsly na spodn\u00ed stran\u011b pasu), \u010d\u00edslo pasu a \u010d\u00edslo ob\u010dansk\u00e9ho pr\u016fkazu (BSN). Je to z d\u016fvodu ochrany va\u0161eho soukrom\u00ed. Spole\u010dnost Bo Jungle odpov\u00ed na va\u0161i \u017e\u00e1dost co nejd\u0159\u00edve, nejpozd\u011bji v\u0161ak do \u010dty\u0159 t\u00fddn\u016f. Spole\u010dnost Bo Jungle by v\u00e1s tak\u00e9 r\u00e1da upozornila, \u017ee m\u00e1te mo\u017enost podat st\u00ed\u017enost u n\u00e1rodn\u00edho dozorov\u00e9ho \u00fa\u0159adu, nizozemsk\u00e9ho \u00fa\u0159adu pro ochranu osobn\u00edch \u00fadaj\u016f. M\u016f\u017eete tak u\u010dinit prost\u0159ednictv\u00edm n\u00e1sleduj\u00edc\u00edho odkazu: https:\/\/autoriteitpersoonsgegevens.nl\/nl\/contact-met-de-autoriteit-persoonsgegevens\/tip-ons Jak chr\u00e1n\u00edme osobn\u00ed \u00fadaje Spole\u010dnost Bo Jungle bere ochranu va\u0161ich \u00fadaj\u016f v\u00e1\u017en\u011b a p\u0159ij\u00edm\u00e1 vhodn\u00e1 opat\u0159en\u00ed, aby zabr\u00e1nila jejich zneu\u017eit\u00ed, ztr\u00e1t\u011b, neopr\u00e1vn\u011bn\u00e9mu p\u0159\u00edstupu, ne\u017e\u00e1douc\u00edmu zve\u0159ejn\u011bn\u00ed a neopr\u00e1vn\u011bn\u00fdm \u00faprav\u00e1m. Pokud m\u00e1te dojem, \u017ee va\u0161e \u00fadaje nejsou \u0159\u00e1dn\u011b zabezpe\u010deny nebo existuj\u00ed n\u00e1znaky zneu\u017eit\u00ed, kontaktujte n\u00e1\u0161 z\u00e1kaznick\u00fd servis nebo prost\u0159ednictv\u00edm marketing@bojungle.eu.<\/span><\/p>\n<p><\/p>\t\t\t\t\t\t\t\t<\/div>\n\t\t\t\t<\/div>\n\t\t\t\t\t<\/div>\n\t\t<\/div>\n\t\t\t\t\t<\/div>\n\t\t<\/section>\n\t\t\t\t<\/div>\n\t\t","protected":false},"excerpt":{"rendered":"<p>Spole\u010dnost Bo Jungle se s\u00eddlem na adrese Brambroek 23b Geraadsbergen 9500 je odpov\u011bdn\u00e1 za zpracov\u00e1n\u00ed osobn\u00edch \u00fadaj\u016f, jak je uvedeno v tomto prohl\u00e1\u0161en\u00ed o ochran\u011b osobn\u00edch \u00fadaj\u016f. Kontaktn\u00ed \u00fadaje: http:\/\/www.bojungle.eu Brambroek 23b Geraadsbergen 9500 +32 54 24 03 31 Osobn\u00ed \u00fadaje, kter\u00e9 zpracov\u00e1v\u00e1me. Spole\u010dnost Bo Jungle zpracov\u00e1v\u00e1 va\u0161e osobn\u00ed \u00fadaje, proto\u017ee vyu\u017e\u00edv\u00e1te na\u0161e slu\u017eby a\/nebo [&hellip;]<\/p>\n","protected":false},"author":6,"featured_media":0,"parent":0,"menu_order":0,"comment_status":"closed","ping_status":"closed","template":"elementor_theme","meta":{"_lmt_disableupdate":"","_lmt_disable":"","footnotes":""},"categories":[],"tags":[],"class_list":["post-41726","page","type-page","status-publish","hentry"],"_links":{"self":[{"href":"https:\/\/www.bojungle.eu\/cs\/wp-json\/wp\/v2\/pages\/41726","targetHints":{"allow":["GET"]}}],"collection":[{"href":"https:\/\/www.bojungle.eu\/cs\/wp-json\/wp\/v2\/pages"}],"about":[{"href":"https:\/\/www.bojungle.eu\/cs\/wp-json\/wp\/v2\/types\/page"}],"author":[{"embeddable":true,"href":"https:\/\/www.bojungle.eu\/cs\/wp-json\/wp\/v2\/users\/6"}],"replies":[{"embeddable":true,"href":"https:\/\/www.bojungle.eu\/cs\/wp-json\/wp\/v2\/comments?post=41726"}],"version-history":[{"count":3,"href":"https:\/\/www.bojungle.eu\/cs\/wp-json\/wp\/v2\/pages\/41726\/revisions"}],"predecessor-version":[{"id":41737,"href":"https:\/\/www.bojungle.eu\/cs\/wp-json\/wp\/v2\/pages\/41726\/revisions\/41737"}],"wp:attachment":[{"href":"https:\/\/www.bojungle.eu\/cs\/wp-json\/wp\/v2\/media?parent=41726"}],"wp:term":[{"taxonomy":"category","embeddable":true,"href":"https:\/\/www.bojungle.eu\/cs\/wp-json\/wp\/v2\/categories?post=41726"},{"taxonomy":"post_tag","embeddable":true,"href":"https:\/\/www.bojungle.eu\/cs\/wp-json\/wp\/v2\/tags?post=41726"}],"curies":[{"name":"wp","href":"https:\/\/api.w.org\/{rel}","templated":true}]}}