{"id":39876,"date":"2022-09-26T12:17:37","date_gmt":"2022-09-26T10:17:37","guid":{"rendered":"https:\/\/dev.authority.biz\/boj\/product\/b-silikonove-stohovaci-srdicka\/"},"modified":"2022-09-26T12:17:37","modified_gmt":"2022-09-26T12:17:37","slug":"b-silicone-stacking-rounds-duplicate-1-2","status":"publish","type":"product","link":"https:\/\/www.bojungle.eu\/cs\/produkt\/b-silicone-stacking-rounds-duplicate-1-2\/","title":{"rendered":"B-Silikonov\u00e9 stohovac\u00ed srd\u00ed\u010dka"},"content":{"rendered":"<ul>\n<li>Znovuobnoven\u00e1 skv\u011bl\u00e1 klasika, pestrobarevn\u00e1 stohovac\u00ed v\u011b\u017e ze silikonu, kter\u00e1 je odoln\u00fdm a zdrav\u00fdm v\u00fdrobkem.<\/li>\n<li>Je to ide\u00e1ln\u00ed hra\u010dka pro rozvoj jemn\u00e9 motoriky d\u00edt\u011bte.<\/li>\n<li>Designov\u00e1 hra\u010dka a m\u00f3dn\u00ed barvy pot\u011b\u0161\u00ed d\u00edt\u011b i rodi\u010de!<\/li>\n<li>Pro dokonalou hygienu lze tuto hra\u010dku m\u00fdt v my\u010dce n\u00e1dob\u00ed a sterilizovat.<\/li>\n<li>Vysoce kvalitn\u00ed silikonov\u00e1 hra\u010dka.<\/li>\n<\/ul>\n","protected":false},"excerpt":{"rendered":"<p>Znovuobnoven\u00e1 skv\u011bl\u00e1 klasika, pestrobarevn\u00e1 stohovac\u00ed v\u011b\u017e ze silikonu, kter\u00e1 je odoln\u00fdm a zdrav\u00fdm v\u00fdrobkem.<\/p>\n","protected":false},"featured_media":71127,"comment_status":"closed","ping_status":"closed","template":"","meta":{"_lmt_disableupdate":"","_lmt_disable":""},"product_brand":[],"product_cat":[471,489],"product_tag":[],"woo-feed-brand":[],"class_list":{"0":"post-39876","1":"product","2":"type-product","3":"status-publish","4":"has-post-thumbnail","6":"product_cat-playtime-cs","7":"product_cat-silikonove-hracky","9":"first","10":"instock","11":"taxable","12":"shipping-taxable","13":"purchasable","14":"product-type-simple"},"_links":{"self":[{"href":"https:\/\/www.bojungle.eu\/cs\/wp-json\/wp\/v2\/product\/39876","targetHints":{"allow":["GET"]}}],"collection":[{"href":"https:\/\/www.bojungle.eu\/cs\/wp-json\/wp\/v2\/product"}],"about":[{"href":"https:\/\/www.bojungle.eu\/cs\/wp-json\/wp\/v2\/types\/product"}],"replies":[{"embeddable":true,"href":"https:\/\/www.bojungle.eu\/cs\/wp-json\/wp\/v2\/comments?post=39876"}],"version-history":[{"count":0,"href":"https:\/\/www.bojungle.eu\/cs\/wp-json\/wp\/v2\/product\/39876\/revisions"}],"wp:featuredmedia":[{"embeddable":true,"href":"https:\/\/www.bojungle.eu\/cs\/wp-json\/wp\/v2\/media\/71127"}],"wp:attachment":[{"href":"https:\/\/www.bojungle.eu\/cs\/wp-json\/wp\/v2\/media?parent=39876"}],"wp:term":[{"taxonomy":"product_brand","embeddable":true,"href":"https:\/\/www.bojungle.eu\/cs\/wp-json\/wp\/v2\/product_brand?post=39876"},{"taxonomy":"product_cat","embeddable":true,"href":"https:\/\/www.bojungle.eu\/cs\/wp-json\/wp\/v2\/product_cat?post=39876"},{"taxonomy":"product_tag","embeddable":true,"href":"https:\/\/www.bojungle.eu\/cs\/wp-json\/wp\/v2\/product_tag?post=39876"},{"taxonomy":"woo-feed-brand","embeddable":true,"href":"https:\/\/www.bojungle.eu\/cs\/wp-json\/wp\/v2\/woo-feed-brand?post=39876"}],"curies":[{"name":"wp","href":"https:\/\/api.w.org\/{rel}","templated":true}]}}