{"id":39879,"date":"2022-09-26T13:26:37","date_gmt":"2022-09-26T11:26:37","guid":{"rendered":"https:\/\/dev.authority.biz\/boj\/product\/b-par-ponozek-tambo-the-monkey\/"},"modified":"2022-09-26T13:26:37","modified_gmt":"2022-09-26T13:26:37","slug":"b-pair-of-socks-kenzi-the-lion-duplicate-1-2","status":"publish","type":"product","link":"https:\/\/www.bojungle.eu\/cs\/produkt\/b-pair-of-socks-kenzi-the-lion-duplicate-1-2\/","title":{"rendered":"B-p\u00e1r pono\u017eek Tambo The Monkey"},"content":{"rendered":"<ul>\n<li>S mimo\u0159\u00e1dn\u011b m\u011bkkou a p\u0159\u00edjemn\u011b h\u0159ejivou fleecovou pod\u0161\u00edvkou<\/li>\n<li>Roztomil\u00e9 zv\u00ed\u0159ec\u00ed hlavy, se kter\u00fdmi si m\u016f\u017eete hr\u00e1t a objevovat je<\/li>\n<li>podpo\u0159\u00ed smyslov\u00fd v\u00fdvoj va\u0161eho d\u00edt\u011bte<\/li>\n<\/ul>\n","protected":false},"excerpt":{"rendered":"<p>S mimo\u0159\u00e1dn\u011b m\u011bkkou a p\u0159\u00edjemn\u011b h\u0159ejivou fleecovou pod\u0161\u00edvkou<\/p>\n","protected":false},"featured_media":60972,"comment_status":"closed","ping_status":"closed","template":"","meta":{"_lmt_disableupdate":"","_lmt_disable":""},"product_brand":[],"product_cat":[471,472,1337],"product_tag":[],"woo-feed-brand":[],"class_list":{"0":"post-39879","1":"product","2":"type-product","3":"status-publish","4":"has-post-thumbnail","6":"product_cat-playtime-cs","7":"product_cat-plysove-hracky","8":"product_cat-prodej","10":"first","11":"instock","12":"sale","13":"taxable","14":"shipping-taxable","15":"purchasable","16":"product-type-simple"},"_links":{"self":[{"href":"https:\/\/www.bojungle.eu\/cs\/wp-json\/wp\/v2\/product\/39879","targetHints":{"allow":["GET"]}}],"collection":[{"href":"https:\/\/www.bojungle.eu\/cs\/wp-json\/wp\/v2\/product"}],"about":[{"href":"https:\/\/www.bojungle.eu\/cs\/wp-json\/wp\/v2\/types\/product"}],"replies":[{"embeddable":true,"href":"https:\/\/www.bojungle.eu\/cs\/wp-json\/wp\/v2\/comments?post=39879"}],"version-history":[{"count":0,"href":"https:\/\/www.bojungle.eu\/cs\/wp-json\/wp\/v2\/product\/39879\/revisions"}],"wp:featuredmedia":[{"embeddable":true,"href":"https:\/\/www.bojungle.eu\/cs\/wp-json\/wp\/v2\/media\/60972"}],"wp:attachment":[{"href":"https:\/\/www.bojungle.eu\/cs\/wp-json\/wp\/v2\/media?parent=39879"}],"wp:term":[{"taxonomy":"product_brand","embeddable":true,"href":"https:\/\/www.bojungle.eu\/cs\/wp-json\/wp\/v2\/product_brand?post=39879"},{"taxonomy":"product_cat","embeddable":true,"href":"https:\/\/www.bojungle.eu\/cs\/wp-json\/wp\/v2\/product_cat?post=39879"},{"taxonomy":"product_tag","embeddable":true,"href":"https:\/\/www.bojungle.eu\/cs\/wp-json\/wp\/v2\/product_tag?post=39879"},{"taxonomy":"woo-feed-brand","embeddable":true,"href":"https:\/\/www.bojungle.eu\/cs\/wp-json\/wp\/v2\/woo-feed-brand?post=39879"}],"curies":[{"name":"wp","href":"https:\/\/api.w.org\/{rel}","templated":true}]}}