{"id":39891,"date":"2022-09-26T12:00:10","date_gmt":"2022-09-26T10:00:10","guid":{"rendered":"https:\/\/dev.authority.biz\/boj\/product\/b-booklet-babys-day\/"},"modified":"2022-09-26T12:00:10","modified_gmt":"2022-09-26T12:00:10","slug":"b-booklet-babys-day-2","status":"publish","type":"product","link":"https:\/\/www.bojungle.eu\/cs\/produkt\/b-booklet-babys-day-2\/","title":{"rendered":"B-Booklet Baby&#8217;s Day"},"content":{"rendered":"<ul>\n<li>  Tuto bro\u017eurku snadno uchop\u00ed mal\u00e9 ruce.<\/li>\n<li>Texturovan\u00fd kousac\u00ed krou\u017eek<\/li>\n<li>M\u011bkk\u00e9 str\u00e1nky se snadno ot\u00e1\u010dej\u00ed<\/li>\n<li>Sat\u00e9nov\u00e9 \u0161t\u00edtky<\/li>\n<li>M\u011bkk\u00e1 k\u0159upav\u00e1 bro\u017eura<\/li>\n<\/ul>\n","protected":false},"excerpt":{"rendered":"<p>M\u011bkk\u00e1 k\u0159upav\u00e1 bro\u017eura<\/p>\n","protected":false},"featured_media":70635,"comment_status":"closed","ping_status":"closed","template":"","meta":{"_lmt_disableupdate":"","_lmt_disable":""},"product_brand":[],"product_cat":[483,471,485],"product_tag":[],"woo-feed-brand":[],"class_list":{"0":"post-39891","1":"product","2":"type-product","3":"status-publish","4":"has-post-thumbnail","6":"product_cat-barevne-hracky","7":"product_cat-playtime-cs","8":"product_cat-zavesne-hracky","10":"first","11":"outofstock","12":"taxable","13":"shipping-taxable","14":"purchasable","15":"product-type-simple"},"_links":{"self":[{"href":"https:\/\/www.bojungle.eu\/cs\/wp-json\/wp\/v2\/product\/39891","targetHints":{"allow":["GET"]}}],"collection":[{"href":"https:\/\/www.bojungle.eu\/cs\/wp-json\/wp\/v2\/product"}],"about":[{"href":"https:\/\/www.bojungle.eu\/cs\/wp-json\/wp\/v2\/types\/product"}],"replies":[{"embeddable":true,"href":"https:\/\/www.bojungle.eu\/cs\/wp-json\/wp\/v2\/comments?post=39891"}],"version-history":[{"count":0,"href":"https:\/\/www.bojungle.eu\/cs\/wp-json\/wp\/v2\/product\/39891\/revisions"}],"wp:featuredmedia":[{"embeddable":true,"href":"https:\/\/www.bojungle.eu\/cs\/wp-json\/wp\/v2\/media\/70635"}],"wp:attachment":[{"href":"https:\/\/www.bojungle.eu\/cs\/wp-json\/wp\/v2\/media?parent=39891"}],"wp:term":[{"taxonomy":"product_brand","embeddable":true,"href":"https:\/\/www.bojungle.eu\/cs\/wp-json\/wp\/v2\/product_brand?post=39891"},{"taxonomy":"product_cat","embeddable":true,"href":"https:\/\/www.bojungle.eu\/cs\/wp-json\/wp\/v2\/product_cat?post=39891"},{"taxonomy":"product_tag","embeddable":true,"href":"https:\/\/www.bojungle.eu\/cs\/wp-json\/wp\/v2\/product_tag?post=39891"},{"taxonomy":"woo-feed-brand","embeddable":true,"href":"https:\/\/www.bojungle.eu\/cs\/wp-json\/wp\/v2\/woo-feed-brand?post=39891"}],"curies":[{"name":"wp","href":"https:\/\/api.w.org\/{rel}","templated":true}]}}