{"id":39908,"date":"2022-09-26T11:55:45","date_gmt":"2022-09-26T09:55:45","guid":{"rendered":"https:\/\/dev.authority.biz\/boj\/product\/b-hang-on-toy-tchirping-tree-zaveseni-hracky-na-strom\/"},"modified":"2022-09-26T11:55:45","modified_gmt":"2022-09-26T11:55:45","slug":"b-hang-on-toy-tchirping-tree-2","status":"publish","type":"product","link":"https:\/\/www.bojungle.eu\/cs\/produkt\/b-hang-on-toy-tchirping-tree-2\/","title":{"rendered":"B-Hang On Toy Tchirping Tree (Zav\u011b\u0161en\u00ed hra\u010dky na strom)"},"content":{"rendered":"<ul>\n<li>Dobr\u00e9 pro koordinaci rukou a o\u010d\u00ed<\/li>\n<li>Pom\u00e1h\u00e1 objevovat barvy a tvary<\/li>\n<li>Vyrobeno z m\u011bkk\u00e9ho ply\u0161e<\/li>\n<li>Snadn\u00e9 p\u0159ipevn\u011bn\u00ed na ko\u010d\u00e1rek, v aut\u011b nebo doma<\/li>\n<li>Vhodn\u00e9 pro d\u011bti od narozen\u00ed<\/li>\n<\/ul>\n","protected":false},"excerpt":{"rendered":"<p>Snadn\u00e9 p\u0159ipevn\u011bn\u00ed na ko\u010d\u00e1rek, v aut\u011b nebo doma<\/p>\n","protected":false},"featured_media":71711,"comment_status":"closed","ping_status":"closed","template":"","meta":{"_lmt_disableupdate":"","_lmt_disable":""},"product_brand":[],"product_cat":[483,471,485],"product_tag":[],"woo-feed-brand":[],"class_list":{"0":"post-39908","1":"product","2":"type-product","3":"status-publish","4":"has-post-thumbnail","6":"product_cat-barevne-hracky","7":"product_cat-playtime-cs","8":"product_cat-zavesne-hracky","10":"first","11":"instock","12":"taxable","13":"shipping-taxable","14":"purchasable","15":"product-type-simple"},"_links":{"self":[{"href":"https:\/\/www.bojungle.eu\/cs\/wp-json\/wp\/v2\/product\/39908","targetHints":{"allow":["GET"]}}],"collection":[{"href":"https:\/\/www.bojungle.eu\/cs\/wp-json\/wp\/v2\/product"}],"about":[{"href":"https:\/\/www.bojungle.eu\/cs\/wp-json\/wp\/v2\/types\/product"}],"replies":[{"embeddable":true,"href":"https:\/\/www.bojungle.eu\/cs\/wp-json\/wp\/v2\/comments?post=39908"}],"version-history":[{"count":0,"href":"https:\/\/www.bojungle.eu\/cs\/wp-json\/wp\/v2\/product\/39908\/revisions"}],"wp:featuredmedia":[{"embeddable":true,"href":"https:\/\/www.bojungle.eu\/cs\/wp-json\/wp\/v2\/media\/71711"}],"wp:attachment":[{"href":"https:\/\/www.bojungle.eu\/cs\/wp-json\/wp\/v2\/media?parent=39908"}],"wp:term":[{"taxonomy":"product_brand","embeddable":true,"href":"https:\/\/www.bojungle.eu\/cs\/wp-json\/wp\/v2\/product_brand?post=39908"},{"taxonomy":"product_cat","embeddable":true,"href":"https:\/\/www.bojungle.eu\/cs\/wp-json\/wp\/v2\/product_cat?post=39908"},{"taxonomy":"product_tag","embeddable":true,"href":"https:\/\/www.bojungle.eu\/cs\/wp-json\/wp\/v2\/product_tag?post=39908"},{"taxonomy":"woo-feed-brand","embeddable":true,"href":"https:\/\/www.bojungle.eu\/cs\/wp-json\/wp\/v2\/woo-feed-brand?post=39908"}],"curies":[{"name":"wp","href":"https:\/\/api.w.org\/{rel}","templated":true}]}}