{"id":39955,"date":"2022-09-23T11:22:00","date_gmt":"2022-09-23T09:22:00","guid":{"rendered":"https:\/\/dev.authority.biz\/boj\/product\/b-prenosna-houpacka-dolphy-beige\/"},"modified":"2024-04-08T10:42:46","modified_gmt":"2024-04-08T08:42:46","slug":"b-portable-swing-dolphy-grey-duplicate-1-2","status":"publish","type":"product","link":"https:\/\/www.bojungle.eu\/cs\/produkt\/b-portable-swing-dolphy-grey-duplicate-1-2\/","title":{"rendered":"Portable Swing Dolphy Beige"},"content":{"rendered":"<p>Objevte p\u0159enosnou houpa\u010dku Dolphy Beige, kter\u00e1 je dokonalou kombinac\u00ed komfortu, pohodl\u00ed a z\u00e1bavy pro va\u0161e d\u00edt\u011b. Tato p\u0159enosn\u00e1 houpa\u010dka je navr\u017eena tak, aby vyhovovala pot\u0159eb\u00e1m rodi\u010d\u016f a pohodl\u00ed d\u011bt\u00ed od novorozence do 9 kg, a nab\u00edz\u00ed jedine\u010dnou kombinaci funkc\u00ed, kter\u00e9 z n\u00ed \u010din\u00ed nezbytnou sou\u010d\u00e1st va\u0161\u00ed sb\u00edrky d\u011btsk\u00e9ho vybaven\u00ed.<\/p>\n<p><strong>V\u0161estrann\u00e9 mo\u017enosti nap\u00e1jen\u00ed<\/strong><br \/>\nNikdy nebu\u010fte v\u00e1z\u00e1ni pouze na jedno m\u00edsto! P\u0159enosn\u00e1 houpa\u010dka Dolphy Beige funguje bez probl\u00e9m\u016f pomoc\u00ed dodan\u00e9ho nap\u00e1jec\u00edho kabelu nebo 4 bateri\u00ed C\/LR14 (nejsou sou\u010d\u00e1st\u00ed balen\u00ed), tak\u017ee si va\u0161e d\u00edt\u011b m\u016f\u017ee u\u017e\u00edvat uklid\u0148uj\u00edc\u00ed houp\u00e1n\u00ed, a\u0165 u\u017e jste doma nebo na cest\u00e1ch.<\/p>\n<p><strong>P\u0159izp\u016fsobiteln\u00e9 pohodl\u00ed<\/strong><br \/>\nD\u00edky op\u011bradlu nastaviteln\u00e9mu do dvou poloh se tato houpa\u010dka snadno p\u0159izp\u016fsob\u00ed pot\u0159eb\u00e1m pohodl\u00ed va\u0161eho d\u00edt\u011bte a zajist\u00ed, \u017ee bude v\u017edy na ide\u00e1ln\u00edm m\u00edst\u011b pro odpo\u010dinek nebo pozorov\u00e1n\u00ed.<\/p>\n<p><strong>Intuitivn\u00ed funkce \u010dasova\u010de<\/strong><br \/>\nP\u0159enosn\u00e1 houpa\u010dka Dolphy Beige je vybavena funkc\u00ed \u010dasova\u010de s nastaven\u00edm na 15, 30, 45 nebo 60 minut a umo\u017e\u0148uje p\u0159izp\u016fsobit dobu houp\u00e1n\u00ed n\u00e1lad\u011b a pot\u0159eb\u00e1m d\u00edt\u011bte, aby se uklidnilo a zabavilo p\u0159esn\u011b tak, jak pot\u0159ebuje.<\/p>\n<p><strong>V\u00edce rychlost\u00ed swingu a melodi\u00ed<\/strong><br \/>\nVyberte si z 5 r\u016fzn\u00fdch rychlost\u00ed houp\u00e1n\u00ed, abyste na\u0161li ide\u00e1ln\u00ed rytmus pro sv\u00e9 d\u00edt\u011b, a zp\u0159\u00edjemn\u011bte mu relaxaci a z\u00e1bavu 8 r\u016fzn\u00fdmi melodiemi. Je to ide\u00e1ln\u00ed zp\u016fsob, jak uklidnit nebo zaujmout va\u0161e d\u011b\u0165\u00e1tko v jeho ran\u00fdch f\u00e1z\u00edch.<\/p>\n<p><strong>Nejvy\u0161\u0161\u00ed komfort a bezpe\u010dnost<\/strong><br \/>\nTato houpa\u010dka je vyrobena z m\u011bkk\u00fdch a vysoce kvalitn\u00edch tkanin, kter\u00e9 lze pr\u00e1t v pra\u010dce pro snadnou \u00fadr\u017ebu, a obsahuje ply\u0161ovou op\u011brku hlavy pro v\u011bt\u0161\u00ed oporu, tak\u017ee zaji\u0161\u0165uje pohodl\u00ed va\u0161eho d\u00edt\u011bte za v\u0161ech okolnost\u00ed. P\u011btibodov\u00e9 bezpe\u010dnostn\u00ed p\u00e1sy zaji\u0161\u0165uj\u00ed bezpe\u010d\u00ed va\u0161eho d\u011b\u0165\u00e1tka a v\u00e1m d\u00e1vaj\u00ed jistotu. <\/p>\n<p><strong>Poutav\u00e9 a z\u00e1bavn\u00e9<\/strong><br \/>\nSnadno odn\u00edmateln\u00fd oblouk s hra\u010dkami, zdoben\u00fd dv\u011bma poutav\u00fdmi hra\u010dkami, upout\u00e1 pozornost d\u00edt\u011bte a stimuluje jeho rozv\u00edjej\u00edc\u00ed se smysly, tak\u017ee houp\u00e1n\u00ed se stane z\u00e1bavn\u00fdm a vzd\u011bl\u00e1vac\u00edm z\u00e1\u017eitkem.<\/p>\n<p><strong>Pohodln\u00e9 p\u0159en\u00e1\u0161en\u00ed<\/strong><br \/>\nK\u0159eslo Dolphy Beige bylo navr\u017eeno s ohledem na zanepr\u00e1zdn\u011bn\u00e9 rodiny a vyzna\u010duje se snadno skl\u00e1dac\u00ed konstrukc\u00ed pro efektivn\u00ed skladov\u00e1n\u00ed a p\u0159epravu, tak\u017ee si m\u016f\u017eete vz\u00edt pohodl\u00ed domova, a\u0165 jste kdekoli. P\u0159enosn\u00e1 houpa\u010dka Dolphy Beige nen\u00ed jen houpa\u010dka; je to \u00fatuln\u00e9, z\u00e1bavn\u00e9 a bezpe\u010dn\u00e9 \u00fato\u010di\u0161t\u011b pro va\u0161e d\u00edt\u011b.<\/p>\n<p> P\u0159edstavuje dokonalou kombinaci funk\u010dnosti a z\u00e1bavy, tak\u017ee je nezbytn\u00fdm dopl\u0148kem va\u0161ich pot\u0159eb pro p\u00e9\u010di o d\u00edt\u011b.<\/p>\n","protected":false},"excerpt":{"rendered":"<div class=\"elementor-element elementor-element-80cf67d elementor-widget elementor-widget-jet-single-excerpt\" data-id=\"80cf67d\" data-element_type=\"widget\" data-widget_type=\"jet-single-excerpt.default\">\n<div class=\"elementor-widget-container\">\n<div class=\"elementor-jet-single-excerpt jet-woo-builder\">\n<div class=\"woocommerce-product-details__short-description\">\n<div class=\"flex-1 overflow-hidden\">\n<div class=\"react-scroll-to-bottom--css-fpkau-79elbk h-full\">\n<div class=\"react-scroll-to-bottom--css-fpkau-1n7m0yu\">\n<div class=\"flex flex-col text-sm pb-9\">\n<div class=\"w-full text-token-text-primary\" data-testid=\"conversation-turn-8\">\n<div class=\"px-4 py-2 justify-center text-base md:gap-6 m-auto\">\n<div class=\"flex flex-1 text-base mx-auto gap-3 md:px-5 lg:px-1 xl:px-5 md:max-w-3xl lg:max-w-[40rem] xl:max-w-[48rem] group final-completion\">\n<div class=\"relative flex w-full flex-col agent-turn\">\n<div class=\"flex-col gap-1 md:gap-3\">\n<div class=\"flex flex-grow flex-col max-w-full\">\n<div class=\"min-h-[20px] text-message flex flex-col items-start gap-3 whitespace-pre-wrap break-words [.text-message+&amp;]:mt-5 overflow-x-auto\" data-message-author-role=\"assistant\" data-message-id=\"fbd77af2-e82b-4b38-a269-e92651bbb0c3\">\n<div class=\"markdown prose w-full break-words dark:prose-invert light\">\n<p>P\u0159iv\u00edtejte p\u0159enosnou houpa\u010dku Dolphy Beige: praktick\u00fd zp\u016fsob, jak zajistit d\u00edt\u011bti pohodl\u00ed a spokojenost, a\u0165 jste kdekoli. M\u00e1 nastaviteln\u00e1 nastaven\u00ed, aby se va\u0161e d\u00edt\u011b c\u00edtilo pohodln\u011b, r\u016fzn\u00e9 rychlosti houp\u00e1n\u00ed a p\u0159ehr\u00e1v\u00e1 p\u0159\u00edjemn\u00e9 melodie. Nav\u00edc je va\u0161e d\u00edt\u011b v bezpe\u010d\u00ed d\u00edky bezpe\u010dnostn\u00edm p\u00e1s\u016fm a z\u00e1bav\u011b s hra\u010dkami. A kdy\u017e skon\u010d\u00edte, sta\u010d\u00ed ji slo\u017eit pro snadn\u00e9 skladov\u00e1n\u00ed nebo cestov\u00e1n\u00ed. Skv\u011ble se hod\u00ed pro d\u011bti do 9 kg a je ide\u00e1ln\u00ed pro zanepr\u00e1zdn\u011bn\u00e9 rodiny!  <\/p>\n<\/div>\n<\/div>\n<\/div>\n<\/div>\n<\/div>\n<\/div>\n<\/div>\n<\/div>\n<\/div>\n<\/div>\n<\/div>\n<\/div>\n<div class=\"w-full pt-2 md:pt-0 dark:border-white\/20 md:border-transparent md:dark:border-transparent md:w-[calc(100%-.5rem)]\">\n<form class=\"stretch mx-2 flex flex-row gap-3 last:mb-2 md:mx-4 md:last:mb-6 lg:mx-auto lg:max-w-2xl xl:max-w-3xl\">\n<div class=\"relative flex h-full flex-1 flex-col\">\n<div class=\"flex w-full items-center\"><\/div>\n<\/div>\n<\/form>\n<\/div>\n<\/div>\n<\/div>\n<\/div>\n<\/div>\n<div class=\"elementor-element elementor-element-c5d7d93 elementor-widget elementor-widget-spacer\" data-id=\"c5d7d93\" data-element_type=\"widget\" data-widget_type=\"spacer.default\">\n<div class=\"elementor-widget-container\">\n<div class=\"elementor-spacer\"><\/div>\n<\/div>\n<\/div>\n","protected":false},"featured_media":72050,"comment_status":"closed","ping_status":"closed","template":"","meta":{"_lmt_disableupdate":"","_lmt_disable":""},"product_brand":[],"product_cat":[533],"product_tag":[],"woo-feed-brand":[],"class_list":{"0":"post-39955","1":"product","2":"type-product","3":"status-publish","4":"has-post-thumbnail","6":"product_cat-houpacky-a-houpadla","8":"first","9":"outofstock","10":"taxable","11":"shipping-taxable","12":"purchasable","13":"product-type-simple"},"_links":{"self":[{"href":"https:\/\/www.bojungle.eu\/cs\/wp-json\/wp\/v2\/product\/39955","targetHints":{"allow":["GET"]}}],"collection":[{"href":"https:\/\/www.bojungle.eu\/cs\/wp-json\/wp\/v2\/product"}],"about":[{"href":"https:\/\/www.bojungle.eu\/cs\/wp-json\/wp\/v2\/types\/product"}],"replies":[{"embeddable":true,"href":"https:\/\/www.bojungle.eu\/cs\/wp-json\/wp\/v2\/comments?post=39955"}],"version-history":[{"count":3,"href":"https:\/\/www.bojungle.eu\/cs\/wp-json\/wp\/v2\/product\/39955\/revisions"}],"predecessor-version":[{"id":72294,"href":"https:\/\/www.bojungle.eu\/cs\/wp-json\/wp\/v2\/product\/39955\/revisions\/72294"}],"wp:featuredmedia":[{"embeddable":true,"href":"https:\/\/www.bojungle.eu\/cs\/wp-json\/wp\/v2\/media\/72050"}],"wp:attachment":[{"href":"https:\/\/www.bojungle.eu\/cs\/wp-json\/wp\/v2\/media?parent=39955"}],"wp:term":[{"taxonomy":"product_brand","embeddable":true,"href":"https:\/\/www.bojungle.eu\/cs\/wp-json\/wp\/v2\/product_brand?post=39955"},{"taxonomy":"product_cat","embeddable":true,"href":"https:\/\/www.bojungle.eu\/cs\/wp-json\/wp\/v2\/product_cat?post=39955"},{"taxonomy":"product_tag","embeddable":true,"href":"https:\/\/www.bojungle.eu\/cs\/wp-json\/wp\/v2\/product_tag?post=39955"},{"taxonomy":"woo-feed-brand","embeddable":true,"href":"https:\/\/www.bojungle.eu\/cs\/wp-json\/wp\/v2\/woo-feed-brand?post=39955"}],"curies":[{"name":"wp","href":"https:\/\/api.w.org\/{rel}","templated":true}]}}