{"id":39957,"date":"2022-09-23T13:09:38","date_gmt":"2022-09-23T11:09:38","guid":{"rendered":"https:\/\/dev.authority.biz\/boj\/product\/b-egg-nocni-svetlo-s-hudbou-tyrkysova\/"},"modified":"2022-09-23T13:09:38","modified_gmt":"2022-09-23T13:09:38","slug":"b-nightlight-duplicate-1-2","status":"publish","type":"product","link":"https:\/\/www.bojungle.eu\/cs\/produkt\/b-nightlight-duplicate-1-2\/","title":{"rendered":"B-Egg No\u010dn\u00ed sv\u011btlo s hudbou Tyrkysov\u00e1"},"content":{"rendered":"<ul>\n<li>Roztomil\u00e9 no\u010dn\u00ed sv\u011btlo v rozpoznateln\u00e9 podob\u011b vaj\u00ed\u010dka, kter\u00e9 pom\u016f\u017ee va\u0161emu d\u00edt\u011bti usnout.<\/li>\n<li>S r\u016fzn\u00fdmi konfigurovateln\u00fdmi zvuky, kter\u00e9 se po 15 minut\u00e1ch automaticky vypnou.<\/li>\n<li>prom\u00edt\u00e1 na strop barevn\u00e9 hv\u011bzdy<\/li>\n<li>Funguje bu\u010f na baterie (3 x AA), kter\u00e9 nejsou sou\u010d\u00e1st\u00ed dod\u00e1vky, nebo na st\u0159\u00eddav\u00fd proud (adapt\u00e9r je sou\u010d\u00e1st\u00ed dod\u00e1vky).<\/li>\n<\/ul>\n","protected":false},"excerpt":{"rendered":"<p>Roztomil\u00e9 no\u010dn\u00ed sv\u011btlo v rozpoznateln\u00e9 podob\u011b vaj\u00ed\u010dka, kter\u00e9 pom\u016f\u017ee va\u0161emu d\u00edt\u011bti usnout.<\/p>\n<p>&nbsp;<\/p>\n","protected":false},"featured_media":66936,"comment_status":"closed","ping_status":"closed","template":"","meta":{"_lmt_disableupdate":"","_lmt_disable":""},"product_brand":[],"product_cat":[536],"product_tag":[],"woo-feed-brand":[],"class_list":{"0":"post-39957","1":"product","2":"type-product","3":"status-publish","4":"has-post-thumbnail","6":"product_cat-spanek","8":"first","9":"instock","10":"taxable","11":"shipping-taxable","12":"purchasable","13":"product-type-simple"},"_links":{"self":[{"href":"https:\/\/www.bojungle.eu\/cs\/wp-json\/wp\/v2\/product\/39957","targetHints":{"allow":["GET"]}}],"collection":[{"href":"https:\/\/www.bojungle.eu\/cs\/wp-json\/wp\/v2\/product"}],"about":[{"href":"https:\/\/www.bojungle.eu\/cs\/wp-json\/wp\/v2\/types\/product"}],"replies":[{"embeddable":true,"href":"https:\/\/www.bojungle.eu\/cs\/wp-json\/wp\/v2\/comments?post=39957"}],"version-history":[{"count":0,"href":"https:\/\/www.bojungle.eu\/cs\/wp-json\/wp\/v2\/product\/39957\/revisions"}],"wp:featuredmedia":[{"embeddable":true,"href":"https:\/\/www.bojungle.eu\/cs\/wp-json\/wp\/v2\/media\/66936"}],"wp:attachment":[{"href":"https:\/\/www.bojungle.eu\/cs\/wp-json\/wp\/v2\/media?parent=39957"}],"wp:term":[{"taxonomy":"product_brand","embeddable":true,"href":"https:\/\/www.bojungle.eu\/cs\/wp-json\/wp\/v2\/product_brand?post=39957"},{"taxonomy":"product_cat","embeddable":true,"href":"https:\/\/www.bojungle.eu\/cs\/wp-json\/wp\/v2\/product_cat?post=39957"},{"taxonomy":"product_tag","embeddable":true,"href":"https:\/\/www.bojungle.eu\/cs\/wp-json\/wp\/v2\/product_tag?post=39957"},{"taxonomy":"woo-feed-brand","embeddable":true,"href":"https:\/\/www.bojungle.eu\/cs\/wp-json\/wp\/v2\/woo-feed-brand?post=39957"}],"curies":[{"name":"wp","href":"https:\/\/api.w.org\/{rel}","templated":true}]}}