{"id":40108,"date":"2022-05-29T12:06:19","date_gmt":"2022-05-29T10:06:19","guid":{"rendered":"https:\/\/dev.authority.biz\/boj\/product\/b-biodegradabilni-sada-nadobi-cpla-5ks-terakota\/"},"modified":"2022-05-29T12:06:19","modified_gmt":"2022-05-29T12:06:19","slug":"b-biologicky-rozlozitelne-cpla-sada-nadobi-5ks-terakota","status":"publish","type":"product","link":"https:\/\/www.bojungle.eu\/cs\/produkt\/b-biologicky-rozlozitelne-cpla-sada-nadobi-5ks-terakota\/","title":{"rendered":"B-Biodegradabiln\u00ed sada n\u00e1dob\u00ed CPLA 5ks Terakota"},"content":{"rendered":"<p>Tato sada obsahuje hrnek na pit\u00ed, tal\u00ed\u0159, p\u0159\u00edbor a misku.<\/p>\n<p>PLA je zkratka pro kyselinu polyml\u00e9\u010dnou. Jedn\u00e1 se o biologicky odbourateln\u00fd plast z\u00edskan\u00fd z obnoviteln\u00fdch zdroj\u016f \u0161krobu, jako je kuku\u0159ice nebo cukrov\u00e1 t\u0159tina. CPLA je krystalizovan\u00fd PLA, kter\u00fd je pevn\u011bj\u0161\u00ed a odol\u00e1v\u00e1 vy\u0161\u0161\u00edm teplot\u00e1m.<\/p>\n<p>D\u011btsk\u00e9 n\u00e1dob\u00ed CPLA je vyrobeno z p\u0159\u00edrodn\u00edch rostlin, nikoli z ropy. M\u016f\u017ee se jednat o kuku\u0159ici, maniok, cukrovou t\u0159tinu, cukrovou \u0159epu, p\u0161enici, zem\u011bd\u011blsk\u00e9 odpady a nepotravin\u00e1\u0159sk\u00e9 rostliny. Proto je CPLA 100% p\u0159\u00edrodn\u00ed, co\u017e znamen\u00e1, \u017ee neobsahuje \u017e\u00e1dn\u00fd olej, \u017e\u00e1dnou toxicitu a \u017e\u00e1dn\u00e9 t\u011b\u017ek\u00e9 kovy. Krom\u011b toho ji lze pou\u017e\u00edvat v mikrovlnn\u00e9 troub\u011b a my\u010dce n\u00e1dob\u00ed (nikoli v\u0161ak v troub\u011b). Proto je CPLA pro va\u0161e d\u011bti nejbezpe\u010dn\u011bj\u0161\u00ed volbou.<\/p>\n","protected":false},"excerpt":{"rendered":"<p>Tato sada obsahuje hrnek na pit\u00ed, tal\u00ed\u0159, p\u0159\u00edbor a misku.<\/p>\n","protected":false},"featured_media":70289,"comment_status":"closed","ping_status":"closed","template":"","meta":{"_lmt_disableupdate":"","_lmt_disable":""},"product_brand":[],"product_cat":[561,429,562],"product_tag":[1088],"woo-feed-brand":[],"class_list":{"0":"post-40108","1":"product","2":"type-product","3":"status-publish","4":"has-post-thumbnail","6":"product_cat-cas-vecere","7":"product_cat-jidlo-a-piti","8":"product_cat-rozsah-cpla","9":"product_tag-jidlo","11":"first","12":"outofstock","13":"taxable","14":"shipping-taxable","15":"purchasable","16":"product-type-simple"},"_links":{"self":[{"href":"https:\/\/www.bojungle.eu\/cs\/wp-json\/wp\/v2\/product\/40108","targetHints":{"allow":["GET"]}}],"collection":[{"href":"https:\/\/www.bojungle.eu\/cs\/wp-json\/wp\/v2\/product"}],"about":[{"href":"https:\/\/www.bojungle.eu\/cs\/wp-json\/wp\/v2\/types\/product"}],"replies":[{"embeddable":true,"href":"https:\/\/www.bojungle.eu\/cs\/wp-json\/wp\/v2\/comments?post=40108"}],"version-history":[{"count":0,"href":"https:\/\/www.bojungle.eu\/cs\/wp-json\/wp\/v2\/product\/40108\/revisions"}],"wp:featuredmedia":[{"embeddable":true,"href":"https:\/\/www.bojungle.eu\/cs\/wp-json\/wp\/v2\/media\/70289"}],"wp:attachment":[{"href":"https:\/\/www.bojungle.eu\/cs\/wp-json\/wp\/v2\/media?parent=40108"}],"wp:term":[{"taxonomy":"product_brand","embeddable":true,"href":"https:\/\/www.bojungle.eu\/cs\/wp-json\/wp\/v2\/product_brand?post=40108"},{"taxonomy":"product_cat","embeddable":true,"href":"https:\/\/www.bojungle.eu\/cs\/wp-json\/wp\/v2\/product_cat?post=40108"},{"taxonomy":"product_tag","embeddable":true,"href":"https:\/\/www.bojungle.eu\/cs\/wp-json\/wp\/v2\/product_tag?post=40108"},{"taxonomy":"woo-feed-brand","embeddable":true,"href":"https:\/\/www.bojungle.eu\/cs\/wp-json\/wp\/v2\/woo-feed-brand?post=40108"}],"curies":[{"name":"wp","href":"https:\/\/api.w.org\/{rel}","templated":true}]}}