{"id":40161,"date":"2022-05-29T12:06:18","date_gmt":"2022-05-29T10:06:18","guid":{"rendered":"https:\/\/dev.authority.biz\/boj\/product\/b-biodegradabilni-sada-nadobi-cpla-5ks-seda\/"},"modified":"2024-12-05T10:31:52","modified_gmt":"2024-12-05T09:31:52","slug":"b-biologicky-odbouratelne-cpla-sada-nadobi-5ks-seda","status":"publish","type":"product","link":"https:\/\/www.bojungle.eu\/cs\/produkt\/b-biologicky-odbouratelne-cpla-sada-nadobi-5ks-seda\/","title":{"rendered":"Sada n\u00e1dob\u00ed Eco-Responsible CPLA 5ks \u0161ed\u00e1"},"content":{"rendered":"<p>Zlep\u0161ete sv\u016fj z\u00e1\u017eitek z j\u00eddla s na\u0161\u00ed sadou n\u00e1dob\u00ed CPLA Eco-Responsible 5ks navr\u017eenou speci\u00e1ln\u011b pro d\u011bti. Tato 5d\u00edln\u00e1 sada obsahuje hrnek na pit\u00ed, tal\u00ed\u0159, p\u0159\u00edbor a misku \u2013 v\u0161e, co va\u0161e d\u00edt\u011b pot\u0159ebuje pro bezpe\u010dn\u00fd a udr\u017eiteln\u00fd z\u00e1\u017eitek ze stolov\u00e1n\u00ed. Toto n\u00e1dob\u00ed je vyrobeno z CPLA (Crystalized Polylactic Acid), siln\u011bj\u0161\u00ed a tepeln\u011b odoln\u00e9 formy PLA, a je vyrobeno z obnoviteln\u00fdch zdroj\u016f, jako je kuku\u0159ice, cukrov\u00e1 t\u0159tina, maniok a dal\u0161\u00ed p\u0159\u00edrodn\u00ed rostliny. CPLA je 100% biologicky odbourateln\u00e1 alternativa k tradi\u010dn\u00edmu plastu, kter\u00e1 zaji\u0161\u0165uje nulov\u00fd olej, nulovou toxicitu a nulov\u00fd obsah t\u011b\u017ek\u00fdch kov\u016f, kter\u00fd je bezpe\u010dn\u00fd a ekologick\u00fd. Na\u0161e d\u011btsk\u00e9 n\u00e1dob\u00ed CPLA vhodn\u00e9 do mikrovlnn\u00e9 trouby a my\u010dky n\u00e1dob\u00ed (nevhodn\u00e9 do trouby) kombinuje pohodl\u00ed a udr\u017eitelnost a nab\u00edz\u00ed pro va\u0161e d\u00edt\u011b netoxickou, trvanlivou a ekologickou volbu. P\u0159esu\u0148te se k zelen\u011bj\u0161\u00ed budoucnosti s touto vysoce kvalitn\u00ed sadou n\u00e1dob\u00ed z p\u0159\u00edrodn\u00edch zdroj\u016f! <\/p>\n","protected":false},"excerpt":{"rendered":"<div class=\"flex-1 overflow-hidden\">\n<div class=\"h-full\">\n<div class=\"react-scroll-to-bottom--css-ketwx-79elbk h-full\">\n<div class=\"react-scroll-to-bottom--css-ketwx-1n7m0yu\">\n<div class=\"flex flex-col text-sm md:pb-9\">\n<article class=\"w-full scroll-mb-[var(--thread-trailing-height,150px)] text-token-text-primary focus-visible:outline-2 focus-visible:outline-offset-[-4px]\" dir=\"auto\" data-testid=\"conversation-turn-5\" data-scroll-anchor=\"true\">\n<div class=\"m-auto text-base py-[18px] px-3 md:px-4 w-full md:px-5 lg:px-4 xl:px-5\">\n<div class=\"mx-auto flex flex-1 gap-4 text-base md:gap-5 lg:gap-6 md:max-w-3xl\">\n<div class=\"group\/conversation-turn relative flex w-full min-w-0 flex-col agent-turn\">\n<div class=\"flex-col gap-1 md:gap-3\">\n<div class=\"flex max-w-full flex-col flex-grow\">\n<div class=\"min-h-8 text-message flex w-full flex-col items-end gap-2 whitespace-normal break-words text-start [.text-message+&amp;]:mt-5\" dir=\"auto\" data-message-author-role=\"assistant\" data-message-id=\"78eb40a4-57b3-45ff-9d68-8f3e746316e9\" data-message-model-slug=\"gpt-4o-mini\">\n<div class=\"flex w-full flex-col gap-1 empty:hidden first:pt-[3px]\">\n<div class=\"markdown prose w-full break-words dark:prose-invert light\">\n<p>Tato 5d\u00edln\u00e1 sada n\u00e1dob\u00ed Eco-Responsible CPLA obsahuje \u0161\u00e1lek, tal\u00ed\u0159, p\u0159\u00edbor a misku, v\u0161e vyroben\u00e9 z obnoviteln\u00fdch rostlinn\u00fdch materi\u00e1l\u016f, jako je kuku\u0159ice a cukrov\u00e1 t\u0159tina. Siln\u00fd, tepeln\u011b odoln\u00fd a 100% biologicky odbourateln\u00fd, CPLA je netoxick\u00fd a bezpe\u010dn\u00fd pro d\u011bti. Tato ekologick\u00e1 sada vhodn\u00e1 do mikrovlnn\u00e9 trouby a my\u010dky n\u00e1dob\u00ed je perfektn\u00ed udr\u017eitelnou volbou pro j\u00eddlo va\u0161eho d\u00edt\u011bte.  <\/p>\n<\/div>\n<\/div>\n<\/div>\n<\/div>\n<div class=\"mb-2 flex gap-3 empty:hidden -ml-2\">\n<div class=\"items-center justify-start rounded-xl p-1 flex\">\n<div class=\"flex items-center\"><\/div>\n<\/div>\n<\/div>\n<div class=\"pr-2 lg:pr-0\"><\/div>\n<div class=\"mt-3 w-full empty:hidden\">\n<div class=\"text-center\"><\/div>\n<\/div>\n<\/div>\n<div class=\"absolute\">\n<div class=\"flex items-center justify-center\"><\/div>\n<\/div>\n<\/div>\n<\/div>\n<\/div>\n<\/article>\n<\/div>\n<\/div>\n<\/div>\n<\/div>\n<\/div>\n<div class=\"md:pt-0 dark:border-white\/20 md:border-transparent md:dark:border-transparent w-full\">\n<div>\n<div class=\"m-auto text-base px-3 md:px-4 w-full md:px-5 lg:px-4 xl:px-5\">\n<div class=\"mx-auto flex flex-1 gap-4 text-base md:gap-5 lg:gap-6 md:max-w-3xl\">\n<div class=\"flex justify-center\"><\/div>\n<\/div>\n<\/div>\n<\/div>\n<\/div>\n","protected":false},"featured_media":70149,"comment_status":"closed","ping_status":"closed","template":"","meta":{"_lmt_disableupdate":"","_lmt_disable":""},"product_brand":[],"product_cat":[561,429,562],"product_tag":[],"woo-feed-brand":[],"class_list":{"0":"post-40161","1":"product","2":"type-product","3":"status-publish","4":"has-post-thumbnail","6":"product_cat-cas-vecere","7":"product_cat-jidlo-a-piti","8":"product_cat-rozsah-cpla","10":"first","11":"outofstock","12":"taxable","13":"shipping-taxable","14":"purchasable","15":"product-type-simple"},"_links":{"self":[{"href":"https:\/\/www.bojungle.eu\/cs\/wp-json\/wp\/v2\/product\/40161","targetHints":{"allow":["GET"]}}],"collection":[{"href":"https:\/\/www.bojungle.eu\/cs\/wp-json\/wp\/v2\/product"}],"about":[{"href":"https:\/\/www.bojungle.eu\/cs\/wp-json\/wp\/v2\/types\/product"}],"replies":[{"embeddable":true,"href":"https:\/\/www.bojungle.eu\/cs\/wp-json\/wp\/v2\/comments?post=40161"}],"version-history":[{"count":2,"href":"https:\/\/www.bojungle.eu\/cs\/wp-json\/wp\/v2\/product\/40161\/revisions"}],"predecessor-version":[{"id":78549,"href":"https:\/\/www.bojungle.eu\/cs\/wp-json\/wp\/v2\/product\/40161\/revisions\/78549"}],"wp:featuredmedia":[{"embeddable":true,"href":"https:\/\/www.bojungle.eu\/cs\/wp-json\/wp\/v2\/media\/70149"}],"wp:attachment":[{"href":"https:\/\/www.bojungle.eu\/cs\/wp-json\/wp\/v2\/media?parent=40161"}],"wp:term":[{"taxonomy":"product_brand","embeddable":true,"href":"https:\/\/www.bojungle.eu\/cs\/wp-json\/wp\/v2\/product_brand?post=40161"},{"taxonomy":"product_cat","embeddable":true,"href":"https:\/\/www.bojungle.eu\/cs\/wp-json\/wp\/v2\/product_cat?post=40161"},{"taxonomy":"product_tag","embeddable":true,"href":"https:\/\/www.bojungle.eu\/cs\/wp-json\/wp\/v2\/product_tag?post=40161"},{"taxonomy":"woo-feed-brand","embeddable":true,"href":"https:\/\/www.bojungle.eu\/cs\/wp-json\/wp\/v2\/woo-feed-brand?post=40161"}],"curies":[{"name":"wp","href":"https:\/\/api.w.org\/{rel}","templated":true}]}}