{"id":40192,"date":"2022-05-29T12:06:17","date_gmt":"2022-05-29T10:06:17","guid":{"rendered":"https:\/\/dev.authority.biz\/boj\/product\/b-wrap-taupe-monkey-large\/"},"modified":"2022-05-29T12:06:17","modified_gmt":"2022-05-29T12:06:17","slug":"b-wrap-taupe-monkey-large-2","status":"publish","type":"product","link":"https:\/\/www.bojungle.eu\/cs\/produkt\/b-wrap-taupe-monkey-large-2\/","title":{"rendered":"B-Wrap Taupe Monkey Large"},"content":{"rendered":"<ul>\n<li>Velk\u00e9 (6,4 a\u017e 10 kg): od +\/- 4 m\u011bs\u00edc\u016f<\/li>\n<li>Zavinovac\u00ed deka ze 100% bavlny<\/li>\n<li>Nejjednodu\u0161\u0161\u00ed zp\u016fsob zavinov\u00e1n\u00ed d\u00edt\u011bte ve 3 kroc\u00edch<\/li>\n<\/ul>\n","protected":false},"excerpt":{"rendered":"<p>Zavinovac\u00ed deka ze 100% bavlny<\/p>\n","protected":false},"featured_media":67944,"comment_status":"closed","ping_status":"closed","template":"","meta":{"_lmt_disableupdate":"","_lmt_disable":""},"product_brand":[],"product_cat":[536,575],"product_tag":[],"woo-feed-brand":[],"class_list":{"0":"post-40192","1":"product","2":"type-product","3":"status-publish","4":"has-post-thumbnail","6":"product_cat-spanek","7":"product_cat-zabalove-prikryvky","9":"first","10":"instock","11":"taxable","12":"shipping-taxable","13":"purchasable","14":"product-type-simple"},"_links":{"self":[{"href":"https:\/\/www.bojungle.eu\/cs\/wp-json\/wp\/v2\/product\/40192","targetHints":{"allow":["GET"]}}],"collection":[{"href":"https:\/\/www.bojungle.eu\/cs\/wp-json\/wp\/v2\/product"}],"about":[{"href":"https:\/\/www.bojungle.eu\/cs\/wp-json\/wp\/v2\/types\/product"}],"replies":[{"embeddable":true,"href":"https:\/\/www.bojungle.eu\/cs\/wp-json\/wp\/v2\/comments?post=40192"}],"version-history":[{"count":0,"href":"https:\/\/www.bojungle.eu\/cs\/wp-json\/wp\/v2\/product\/40192\/revisions"}],"wp:featuredmedia":[{"embeddable":true,"href":"https:\/\/www.bojungle.eu\/cs\/wp-json\/wp\/v2\/media\/67944"}],"wp:attachment":[{"href":"https:\/\/www.bojungle.eu\/cs\/wp-json\/wp\/v2\/media?parent=40192"}],"wp:term":[{"taxonomy":"product_brand","embeddable":true,"href":"https:\/\/www.bojungle.eu\/cs\/wp-json\/wp\/v2\/product_brand?post=40192"},{"taxonomy":"product_cat","embeddable":true,"href":"https:\/\/www.bojungle.eu\/cs\/wp-json\/wp\/v2\/product_cat?post=40192"},{"taxonomy":"product_tag","embeddable":true,"href":"https:\/\/www.bojungle.eu\/cs\/wp-json\/wp\/v2\/product_tag?post=40192"},{"taxonomy":"woo-feed-brand","embeddable":true,"href":"https:\/\/www.bojungle.eu\/cs\/wp-json\/wp\/v2\/woo-feed-brand?post=40192"}],"curies":[{"name":"wp","href":"https:\/\/api.w.org\/{rel}","templated":true}]}}