{"id":40199,"date":"2022-05-29T12:05:40","date_gmt":"2022-05-29T10:05:40","guid":{"rendered":"https:\/\/dev.authority.biz\/boj\/product\/b-wrap-white-tiger-small\/"},"modified":"2024-01-16T10:03:27","modified_gmt":"2024-01-16T09:03:27","slug":"b-wrap-white-tiger-small-2","status":"publish","type":"product","link":"https:\/\/www.bojungle.eu\/cs\/produkt\/b-wrap-white-tiger-small-2\/","title":{"rendered":"B-Wrap White Tiger Small"},"content":{"rendered":"<ul>\n<li>Mal\u00e9 (3,2 a\u017e 6,4 kg): od narozen\u00ed do +\/- 4 m\u011bs\u00edc\u016f<\/li>\n<li>Zavinovac\u00ed deka ze 100% bavlny<\/li>\n<li>Nejjednodu\u0161\u0161\u00ed zp\u016fsob zavinov\u00e1n\u00ed d\u00edt\u011bte ve 3 kroc\u00edch<\/li>\n<\/ul>\n","protected":false},"excerpt":{"rendered":"<div class=\"flex-1 overflow-hidden\">\n<div class=\"react-scroll-to-bottom--css-yvnwm-79elbk h-full\">\n<div class=\"react-scroll-to-bottom--css-yvnwm-1n7m0yu\">\n<div class=\"flex flex-col pb-9 text-sm\">\n<div class=\"w-full text-token-text-primary\" data-testid=\"conversation-turn-3\">\n<div class=\"px-4 py-2 justify-center text-base md:gap-6 m-auto\">\n<div class=\"flex flex-1 text-base mx-auto gap-3 md:px-5 lg:px-1 xl:px-5 md:max-w-3xl lg:max-w-[40rem] xl:max-w-[48rem] group final-completion\">\n<div class=\"relative flex w-full flex-col lg:w-[calc(100%-115px)] agent-turn\">\n<div class=\"flex-col gap-1 md:gap-3\">\n<div class=\"flex flex-grow flex-col max-w-full\">\n<div class=\"min-h-[20px] text-message flex flex-col items-start gap-3 whitespace-pre-wrap break-words [.text-message+&amp;]:mt-5 overflow-x-auto\" data-message-author-role=\"assistant\" data-message-id=\"84c85f13-8e64-4ae1-a06f-04f025f1b4da\">\n<div class=\"markdown prose w-full break-words dark:prose-invert light\">\n<p>B-Wrap White Tiger je p\u0159\u00edjemn\u00e1 zavinovac\u00ed deka ze 100% bavlny se stylov\u00fdm vzorem b\u00edl\u00e9ho tygra, navr\u017een\u00e1 speci\u00e1ln\u011b pro kojence v mal\u00e9 velikostn\u00ed \u0159ad\u011b (3,2 a\u017e 6,4 kg), vhodn\u00e1 od narozen\u00ed p\u0159ibli\u017en\u011b do 4 m\u011bs\u00edc\u016f. Tato zavinovac\u00ed p\u0159ikr\u00fdvka, vyroben\u00e1 z vysoce kvalitn\u00ed bavlny, poskytuje p\u0159\u00edjemn\u00e9 a pohodln\u00e9 prost\u0159ed\u00ed pro va\u0161e d\u011b\u0165\u00e1tko. Zjednodu\u0161uje proces a nab\u00edz\u00ed nejjednodu\u0161\u0161\u00ed zp\u016fsob, jak zavinout d\u00edt\u011b v pouh\u00fdch t\u0159ech jednoduch\u00fdch kroc\u00edch.<\/p>\n<\/div>\n<\/div>\n<\/div>\n<div class=\"mt-1 flex justify-start gap-3 empty:hidden\">\n<div class=\"text-gray-400 flex self-end lg:self-center justify-center lg:justify-start mt-0 -ml-1 visible\">\n<p>&nbsp;<\/p>\n<div class=\"flex\"><\/div>\n<div class=\"flex items-center gap-1.5 text-xs\"><\/div>\n<\/div>\n<\/div>\n<\/div>\n<\/div>\n<\/div>\n<\/div>\n<\/div>\n<\/div>\n<\/div>\n<\/div>\n<\/div>\n<div class=\"w-full pt-2 md:pt-0 dark:border-white\/20 md:border-transparent md:dark:border-transparent md:w-[calc(100%-.5rem)]\">\n<form class=\"stretch mx-2 flex flex-row gap-3 last:mb-2 md:mx-4 md:last:mb-6 lg:mx-auto lg:max-w-2xl xl:max-w-3xl\">\n<div class=\"relative flex h-full flex-1 items-stretch md:flex-col\">\n<div class=\"flex w-full items-center\"><\/div>\n<\/div>\n<\/form>\n<\/div>\n<p>&nbsp;<\/p>\n","protected":false},"featured_media":64310,"comment_status":"closed","ping_status":"closed","template":"","meta":{"_lmt_disableupdate":"","_lmt_disable":""},"product_brand":[],"product_cat":[536,575],"product_tag":[],"woo-feed-brand":[],"class_list":{"0":"post-40199","1":"product","2":"type-product","3":"status-publish","4":"has-post-thumbnail","6":"product_cat-spanek","7":"product_cat-zabalove-prikryvky","9":"first","10":"instock","11":"taxable","12":"shipping-taxable","13":"purchasable","14":"product-type-simple"},"_links":{"self":[{"href":"https:\/\/www.bojungle.eu\/cs\/wp-json\/wp\/v2\/product\/40199","targetHints":{"allow":["GET"]}}],"collection":[{"href":"https:\/\/www.bojungle.eu\/cs\/wp-json\/wp\/v2\/product"}],"about":[{"href":"https:\/\/www.bojungle.eu\/cs\/wp-json\/wp\/v2\/types\/product"}],"replies":[{"embeddable":true,"href":"https:\/\/www.bojungle.eu\/cs\/wp-json\/wp\/v2\/comments?post=40199"}],"version-history":[{"count":1,"href":"https:\/\/www.bojungle.eu\/cs\/wp-json\/wp\/v2\/product\/40199\/revisions"}],"predecessor-version":[{"id":64319,"href":"https:\/\/www.bojungle.eu\/cs\/wp-json\/wp\/v2\/product\/40199\/revisions\/64319"}],"wp:featuredmedia":[{"embeddable":true,"href":"https:\/\/www.bojungle.eu\/cs\/wp-json\/wp\/v2\/media\/64310"}],"wp:attachment":[{"href":"https:\/\/www.bojungle.eu\/cs\/wp-json\/wp\/v2\/media?parent=40199"}],"wp:term":[{"taxonomy":"product_brand","embeddable":true,"href":"https:\/\/www.bojungle.eu\/cs\/wp-json\/wp\/v2\/product_brand?post=40199"},{"taxonomy":"product_cat","embeddable":true,"href":"https:\/\/www.bojungle.eu\/cs\/wp-json\/wp\/v2\/product_cat?post=40199"},{"taxonomy":"product_tag","embeddable":true,"href":"https:\/\/www.bojungle.eu\/cs\/wp-json\/wp\/v2\/product_tag?post=40199"},{"taxonomy":"woo-feed-brand","embeddable":true,"href":"https:\/\/www.bojungle.eu\/cs\/wp-json\/wp\/v2\/woo-feed-brand?post=40199"}],"curies":[{"name":"wp","href":"https:\/\/api.w.org\/{rel}","templated":true}]}}