{"id":40230,"date":"2022-05-29T12:05:39","date_gmt":"2022-05-29T10:05:39","guid":{"rendered":"https:\/\/dev.authority.biz\/boj\/product\/b-wrap-blue-stars-small\/"},"modified":"2024-01-16T11:16:31","modified_gmt":"2024-01-16T10:16:31","slug":"b-zavit-modre-hvezdy-maly","status":"publish","type":"product","link":"https:\/\/www.bojungle.eu\/cs\/produkt\/b-zavit-modre-hvezdy-maly\/","title":{"rendered":"B-Wrap Blue Stars Small"},"content":{"rendered":"<ul>\n<li>Mal\u00e9 (3,2 a\u017e 6,4 kg): od narozen\u00ed do +\/- 4 m\u011bs\u00edc\u016f<\/li>\n<li>Zavinovac\u00ed deka ze 100% bavlny<\/li>\n<li>Nejjednodu\u0161\u0161\u00ed zp\u016fsob zavinov\u00e1n\u00ed d\u00edt\u011bte ve 3 kroc\u00edch<\/li>\n<\/ul>\n","protected":false},"excerpt":{"rendered":"<p>Wrap Blue Stars je p\u0159\u00edjemn\u00e1 zavinovac\u00ed deka ze 100% bavlny se stylov\u00fdm vzorem modr\u00fdch hv\u011bzdi\u010dek, navr\u017een\u00e1 speci\u00e1ln\u011b pro kojence v mal\u00e9m velikostn\u00edm rozmez\u00ed (3,2 a\u017e 6,4 kg), vhodn\u00e1 od narozen\u00ed p\u0159ibli\u017en\u011b do 4 m\u011bs\u00edc\u016f. Tato zavinovac\u00ed p\u0159ikr\u00fdvka, vyroben\u00e1 z vysoce kvalitn\u00ed bavlny, poskytuje p\u0159\u00edjemn\u00e9 a pohodln\u00e9 prost\u0159ed\u00ed pro va\u0161e d\u011b\u0165\u00e1tko. Zjednodu\u0161uje proces a nab\u00edz\u00ed nejjednodu\u0161\u0161\u00ed zp\u016fsob, jak zavinout d\u00edt\u011b v pouh\u00fdch t\u0159ech jednoduch\u00fdch kroc\u00edch.<\/p>\n","protected":false},"featured_media":64453,"comment_status":"closed","ping_status":"closed","template":"","meta":{"_lmt_disableupdate":"","_lmt_disable":""},"product_brand":[],"product_cat":[536,575],"product_tag":[],"woo-feed-brand":[],"class_list":{"0":"post-40230","1":"product","2":"type-product","3":"status-publish","4":"has-post-thumbnail","6":"product_cat-spanek","7":"product_cat-zabalove-prikryvky","9":"first","10":"instock","11":"taxable","12":"shipping-taxable","13":"purchasable","14":"product-type-simple"},"_links":{"self":[{"href":"https:\/\/www.bojungle.eu\/cs\/wp-json\/wp\/v2\/product\/40230","targetHints":{"allow":["GET"]}}],"collection":[{"href":"https:\/\/www.bojungle.eu\/cs\/wp-json\/wp\/v2\/product"}],"about":[{"href":"https:\/\/www.bojungle.eu\/cs\/wp-json\/wp\/v2\/types\/product"}],"replies":[{"embeddable":true,"href":"https:\/\/www.bojungle.eu\/cs\/wp-json\/wp\/v2\/comments?post=40230"}],"version-history":[{"count":1,"href":"https:\/\/www.bojungle.eu\/cs\/wp-json\/wp\/v2\/product\/40230\/revisions"}],"predecessor-version":[{"id":64462,"href":"https:\/\/www.bojungle.eu\/cs\/wp-json\/wp\/v2\/product\/40230\/revisions\/64462"}],"wp:featuredmedia":[{"embeddable":true,"href":"https:\/\/www.bojungle.eu\/cs\/wp-json\/wp\/v2\/media\/64453"}],"wp:attachment":[{"href":"https:\/\/www.bojungle.eu\/cs\/wp-json\/wp\/v2\/media?parent=40230"}],"wp:term":[{"taxonomy":"product_brand","embeddable":true,"href":"https:\/\/www.bojungle.eu\/cs\/wp-json\/wp\/v2\/product_brand?post=40230"},{"taxonomy":"product_cat","embeddable":true,"href":"https:\/\/www.bojungle.eu\/cs\/wp-json\/wp\/v2\/product_cat?post=40230"},{"taxonomy":"product_tag","embeddable":true,"href":"https:\/\/www.bojungle.eu\/cs\/wp-json\/wp\/v2\/product_tag?post=40230"},{"taxonomy":"woo-feed-brand","embeddable":true,"href":"https:\/\/www.bojungle.eu\/cs\/wp-json\/wp\/v2\/woo-feed-brand?post=40230"}],"curies":[{"name":"wp","href":"https:\/\/api.w.org\/{rel}","templated":true}]}}