{"id":40358,"date":"2022-05-29T12:05:38","date_gmt":"2022-05-29T10:05:38","guid":{"rendered":"https:\/\/dev.authority.biz\/boj\/product\/b-woody-kralik-na-koleckach-modry\/"},"modified":"2026-03-30T16:38:37","modified_gmt":"2026-03-30T14:38:37","slug":"b-woody-rabbit-on-wheels-blue-2","status":"publish","type":"product","link":"https:\/\/www.bojungle.eu\/cs\/produkt\/b-woody-rabbit-on-wheels-blue-2\/","title":{"rendered":"B-Woody Kr\u00e1l\u00edk na kole\u010dk\u00e1ch modr\u00fd"},"content":{"rendered":"<p>Tyto roztomil\u00e9 uchopovac\u00ed figurky jsou vyrobeny z odborn\u011b zpracovan\u00e9ho d\u0159eva a jsou ide\u00e1ln\u00ed pro mal\u00e9 ruce a nad\u0161en\u00e9 milovn\u00edky zv\u00ed\u0159at. Na\u0161e zv\u00ed\u0159\u00e1tka lze uchopit a tak\u00e9 je vozit na robustn\u00edch kole\u010dk\u00e1ch v pastelov\u00fdch barv\u00e1ch. \u00dachopov\u00e9 figurky tr\u00e9nuj\u00ed motorick\u00e9 dovednosti va\u0161eho d\u011b\u0165\u00e1tka a zaru\u010duj\u00ed dal\u0161\u00ed z\u00e1bavu!<\/p>\n","protected":false},"excerpt":{"rendered":"<p>Tyto roztomil\u00e9 uchopovac\u00ed figurky jsou vyrobeny z odborn\u011b zpracovan\u00e9ho d\u0159eva a jsou ide\u00e1ln\u00ed pro mal\u00e9 ruce a nad\u0161en\u00e9 milovn\u00edky zv\u00ed\u0159at. Na\u0161e zv\u00ed\u0159\u00e1tka lze uchopit a tak\u00e9 je vozit na robustn\u00edch kole\u010dk\u00e1ch v pastelov\u00fdch barv\u00e1ch. \u00dachopov\u00e9 figurky tr\u00e9nuj\u00ed motorick\u00e9 dovednosti va\u0161eho d\u011b\u0165\u00e1tka a zaru\u010duj\u00ed dal\u0161\u00ed z\u00e1bavu!<\/p>\n","protected":false},"featured_media":74818,"comment_status":"closed","ping_status":"closed","template":"","meta":{"_lmt_disableupdate":"","_lmt_disable":""},"product_brand":[],"product_cat":[471,489],"product_tag":[],"woo-feed-brand":[],"class_list":{"0":"post-40358","1":"product","2":"type-product","3":"status-publish","4":"has-post-thumbnail","6":"product_cat-playtime-cs","7":"product_cat-silikonove-hracky","9":"first","10":"instock","11":"taxable","12":"shipping-taxable","13":"purchasable","14":"product-type-simple"},"_links":{"self":[{"href":"https:\/\/www.bojungle.eu\/cs\/wp-json\/wp\/v2\/product\/40358","targetHints":{"allow":["GET"]}}],"collection":[{"href":"https:\/\/www.bojungle.eu\/cs\/wp-json\/wp\/v2\/product"}],"about":[{"href":"https:\/\/www.bojungle.eu\/cs\/wp-json\/wp\/v2\/types\/product"}],"replies":[{"embeddable":true,"href":"https:\/\/www.bojungle.eu\/cs\/wp-json\/wp\/v2\/comments?post=40358"}],"version-history":[{"count":0,"href":"https:\/\/www.bojungle.eu\/cs\/wp-json\/wp\/v2\/product\/40358\/revisions"}],"wp:featuredmedia":[{"embeddable":true,"href":"https:\/\/www.bojungle.eu\/cs\/wp-json\/wp\/v2\/media\/74818"}],"wp:attachment":[{"href":"https:\/\/www.bojungle.eu\/cs\/wp-json\/wp\/v2\/media?parent=40358"}],"wp:term":[{"taxonomy":"product_brand","embeddable":true,"href":"https:\/\/www.bojungle.eu\/cs\/wp-json\/wp\/v2\/product_brand?post=40358"},{"taxonomy":"product_cat","embeddable":true,"href":"https:\/\/www.bojungle.eu\/cs\/wp-json\/wp\/v2\/product_cat?post=40358"},{"taxonomy":"product_tag","embeddable":true,"href":"https:\/\/www.bojungle.eu\/cs\/wp-json\/wp\/v2\/product_tag?post=40358"},{"taxonomy":"woo-feed-brand","embeddable":true,"href":"https:\/\/www.bojungle.eu\/cs\/wp-json\/wp\/v2\/woo-feed-brand?post=40358"}],"curies":[{"name":"wp","href":"https:\/\/api.w.org\/{rel}","templated":true}]}}