{"id":40397,"date":"2022-05-29T12:05:37","date_gmt":"2022-05-29T10:05:37","guid":{"rendered":"https:\/\/dev.authority.biz\/boj\/product\/drevene-kousatko-b-wood-green-koala\/"},"modified":"2022-05-29T12:05:37","modified_gmt":"2022-05-29T12:05:37","slug":"b-wood-teether-green-koala-2","status":"publish","type":"product","link":"https:\/\/www.bojungle.eu\/cs\/produkt\/b-wood-teether-green-koala-2\/","title":{"rendered":"D\u0159ev\u011bn\u00e9 kous\u00e1tko B-Wood Green Koala"},"content":{"rendered":"<ul>\n<li>Zklid\u0148uje bolestiv\u00e9 d\u00e1sn\u011b d\u00edt\u011bte ve v\u0161\u00ed bezpe\u010dnosti !<\/li>\n<li>V bukov\u00e9m d\u0159ev\u011b<\/li>\n<li>100% potravin\u00e1\u0159sk\u00fd silikon LGFB bez BPA<\/li>\n<li>Jasn\u00e9 barvy, r\u016fzn\u00e1 zv\u00ed\u0159ata<\/li>\n<\/ul>\n","protected":false},"excerpt":{"rendered":"<p>Zklid\u0148uje bolestiv\u00e9 d\u00e1sn\u011b d\u00edt\u011bte ve v\u0161\u00ed bezpe\u010dnosti !<\/p>\n","protected":false},"featured_media":74638,"comment_status":"closed","ping_status":"closed","template":"","meta":{"_lmt_disableupdate":"","_lmt_disable":""},"product_brand":[],"product_cat":[599,471,489],"product_tag":[],"woo-feed-brand":[],"class_list":{"0":"post-40397","1":"product","2":"type-product","3":"status-publish","4":"has-post-thumbnail","6":"product_cat-hracky-na-kousani","7":"product_cat-playtime-cs","8":"product_cat-silikonove-hracky","10":"first","11":"instock","12":"taxable","13":"shipping-taxable","14":"purchasable","15":"product-type-simple"},"_links":{"self":[{"href":"https:\/\/www.bojungle.eu\/cs\/wp-json\/wp\/v2\/product\/40397","targetHints":{"allow":["GET"]}}],"collection":[{"href":"https:\/\/www.bojungle.eu\/cs\/wp-json\/wp\/v2\/product"}],"about":[{"href":"https:\/\/www.bojungle.eu\/cs\/wp-json\/wp\/v2\/types\/product"}],"replies":[{"embeddable":true,"href":"https:\/\/www.bojungle.eu\/cs\/wp-json\/wp\/v2\/comments?post=40397"}],"version-history":[{"count":0,"href":"https:\/\/www.bojungle.eu\/cs\/wp-json\/wp\/v2\/product\/40397\/revisions"}],"wp:featuredmedia":[{"embeddable":true,"href":"https:\/\/www.bojungle.eu\/cs\/wp-json\/wp\/v2\/media\/74638"}],"wp:attachment":[{"href":"https:\/\/www.bojungle.eu\/cs\/wp-json\/wp\/v2\/media?parent=40397"}],"wp:term":[{"taxonomy":"product_brand","embeddable":true,"href":"https:\/\/www.bojungle.eu\/cs\/wp-json\/wp\/v2\/product_brand?post=40397"},{"taxonomy":"product_cat","embeddable":true,"href":"https:\/\/www.bojungle.eu\/cs\/wp-json\/wp\/v2\/product_cat?post=40397"},{"taxonomy":"product_tag","embeddable":true,"href":"https:\/\/www.bojungle.eu\/cs\/wp-json\/wp\/v2\/product_tag?post=40397"},{"taxonomy":"woo-feed-brand","embeddable":true,"href":"https:\/\/www.bojungle.eu\/cs\/wp-json\/wp\/v2\/woo-feed-brand?post=40397"}],"curies":[{"name":"wp","href":"https:\/\/api.w.org\/{rel}","templated":true}]}}