{"id":40433,"date":"2022-05-29T12:03:58","date_gmt":"2022-05-29T10:03:58","guid":{"rendered":"https:\/\/dev.authority.biz\/boj\/product\/b-pomoc-pri-chuzi-jumpy-grey\/"},"modified":"2025-06-25T16:32:18","modified_gmt":"2025-06-25T14:32:18","slug":"b-walking-aid-jumpy-grey-2","status":"publish","type":"product","link":"https:\/\/www.bojungle.eu\/cs\/produkt\/b-walking-aid-jumpy-grey-2\/","title":{"rendered":"B-Pomoc p\u0159i ch\u016fzi Jumpy Grey"},"content":{"rendered":"<p>Snadn\u00fd z\u00e1b\u011br, snadn\u00e1 j\u00edzda&#8230;<br \/>\nD\u00e1v\u00e1me d\u00edt\u011bti kr\u00e1sn\u00fd \u010das!<\/p>\n<p>Je to kouzeln\u00fd produkt, velmi jednoduch\u00fd jako design a velmi snadn\u00fd.<br \/>\nJe bezpe\u010dn\u00fd pro d\u011bti.<\/p>\n<table border=\"1\">\n<tbody>\n<tr>\n<td>Manu\u00e1ln\u00ed\n<\/td>\n<td><a href=\"https:\/\/www.bojungle.eu\/wp-content\/uploads\/2025\/06\/Manual-Walking-aid-activity.pdf\">Klikn\u011bte zde<\/a><\/td>\n<\/tr>\n<\/tbody>\n<\/table>\n","protected":false},"excerpt":{"rendered":"<p>Snadn\u00fd z\u00e1b\u011br, snadn\u00e1 j\u00edzda&#8230;<br \/>\nD\u00e1v\u00e1me d\u00edt\u011bti kr\u00e1sn\u00fd \u010das!<\/p>\n<p>Je to kouzeln\u00fd produkt, velmi jednoduch\u00fd jako design a velmi snadn\u00fd.<br \/>\nJe bezpe\u010dn\u00fd pro d\u011bti.<\/p>\n","protected":false},"featured_media":73224,"comment_status":"closed","ping_status":"closed","template":"","meta":{"_lmt_disableupdate":"","_lmt_disable":""},"product_brand":[],"product_cat":[605,608,471,1337],"product_tag":[],"woo-feed-brand":[],"class_list":{"0":"post-40433","1":"product","2":"type-product","3":"status-publish","4":"has-post-thumbnail","6":"product_cat-hracky-pro-aktivity","7":"product_cat-hudebni-hracky","8":"product_cat-playtime-cs","9":"product_cat-prodej","11":"first","12":"instock","13":"sale","14":"taxable","15":"shipping-taxable","16":"purchasable","17":"product-type-simple"},"_links":{"self":[{"href":"https:\/\/www.bojungle.eu\/cs\/wp-json\/wp\/v2\/product\/40433","targetHints":{"allow":["GET"]}}],"collection":[{"href":"https:\/\/www.bojungle.eu\/cs\/wp-json\/wp\/v2\/product"}],"about":[{"href":"https:\/\/www.bojungle.eu\/cs\/wp-json\/wp\/v2\/types\/product"}],"replies":[{"embeddable":true,"href":"https:\/\/www.bojungle.eu\/cs\/wp-json\/wp\/v2\/comments?post=40433"}],"version-history":[{"count":1,"href":"https:\/\/www.bojungle.eu\/cs\/wp-json\/wp\/v2\/product\/40433\/revisions"}],"predecessor-version":[{"id":80622,"href":"https:\/\/www.bojungle.eu\/cs\/wp-json\/wp\/v2\/product\/40433\/revisions\/80622"}],"wp:featuredmedia":[{"embeddable":true,"href":"https:\/\/www.bojungle.eu\/cs\/wp-json\/wp\/v2\/media\/73224"}],"wp:attachment":[{"href":"https:\/\/www.bojungle.eu\/cs\/wp-json\/wp\/v2\/media?parent=40433"}],"wp:term":[{"taxonomy":"product_brand","embeddable":true,"href":"https:\/\/www.bojungle.eu\/cs\/wp-json\/wp\/v2\/product_brand?post=40433"},{"taxonomy":"product_cat","embeddable":true,"href":"https:\/\/www.bojungle.eu\/cs\/wp-json\/wp\/v2\/product_cat?post=40433"},{"taxonomy":"product_tag","embeddable":true,"href":"https:\/\/www.bojungle.eu\/cs\/wp-json\/wp\/v2\/product_tag?post=40433"},{"taxonomy":"woo-feed-brand","embeddable":true,"href":"https:\/\/www.bojungle.eu\/cs\/wp-json\/wp\/v2\/woo-feed-brand?post=40433"}],"curies":[{"name":"wp","href":"https:\/\/api.w.org\/{rel}","templated":true}]}}