{"id":40439,"date":"2022-05-29T12:05:30","date_gmt":"2022-05-29T10:05:30","guid":{"rendered":"https:\/\/dev.authority.biz\/boj\/product\/b-pomoc-pri-chuzi-jumpy-pink\/"},"modified":"2025-06-25T15:34:52","modified_gmt":"2025-06-25T13:34:52","slug":"b-walking-aid-jumpy-pink-2","status":"publish","type":"product","link":"https:\/\/www.bojungle.eu\/cs\/produkt\/b-walking-aid-jumpy-pink-2\/","title":{"rendered":"B-Pomoc p\u0159i ch\u016fzi Jumpy Pink"},"content":{"rendered":"<p>Snadn\u00fd z\u00e1b\u011br, snadn\u00e1 j\u00edzda&#8230;<br \/>\nD\u00e1v\u00e1me d\u00edt\u011bti kr\u00e1sn\u00fd \u010das!<\/p>\n<p>Je to kouzeln\u00fd produkt, velmi jednoduch\u00fd jako design a velmi snadn\u00fd.<br \/>\nJe bezpe\u010dn\u00fd pro d\u011bti.<\/p>\n<div class=\"group\/conversation-turn relative flex w-full min-w-0 flex-col agent-turn\">\n<div class=\"flex-col gap-1 md:gap-3\">\n<div class=\"flex max-w-full flex-col flex-grow\">\n<div class=\"min-h-[20px] text-message flex w-full flex-col items-end gap-2 break-words [.text-message+&amp;]:mt-5 overflow-x-auto whitespace-pre-wrap\" dir=\"auto\" data-message-author-role=\"assistant\" data-message-id=\"fedb9589-ff2d-4632-9e0d-009a6d3232ab\">\n<div class=\"flex w-full flex-col gap-1 empty:hidden first:pt-[3px]\">\n<div class=\"markdown prose w-full break-words dark:prose-invert light\">\n<table border=\"1\">\n<tbody>\n<tr>\n<td>Manu\u00e1ln\u00ed\n<\/td>\n<td><a href=\"https:\/\/www.bojungle.eu\/wp-content\/uploads\/2025\/06\/Manual-Walking-aid-activity.pdf\">Klikn\u011bte zde<\/a><\/td>\n<\/tr>\n<\/tbody>\n<\/table>\n<\/div>\n<\/div>\n<\/div>\n<\/div>\n<\/div>\n<\/div>\n<p class=\"cvGsUA direction-ltr align-start para-style-body\">\n","protected":false},"excerpt":{"rendered":"<p>Snadn\u00fd z\u00e1b\u011br, snadn\u00e1 j\u00edzda&#8230;<br \/>\nD\u00e1v\u00e1me d\u00edt\u011bti kr\u00e1sn\u00fd \u010das!<\/p>\n<p>Je to kouzeln\u00fd produkt, velmi jednoduch\u00fd jako design a velmi snadn\u00fd.<br \/>\nJe bezpe\u010dn\u00fd pro d\u011bti.<\/p>\n","protected":false},"featured_media":73264,"comment_status":"closed","ping_status":"closed","template":"","meta":{"_lmt_disableupdate":"","_lmt_disable":""},"product_brand":[],"product_cat":[605,608,471,1337],"product_tag":[],"woo-feed-brand":[],"class_list":{"0":"post-40439","1":"product","2":"type-product","3":"status-publish","4":"has-post-thumbnail","6":"product_cat-hracky-pro-aktivity","7":"product_cat-hudebni-hracky","8":"product_cat-playtime-cs","9":"product_cat-prodej","11":"first","12":"instock","13":"sale","14":"taxable","15":"shipping-taxable","16":"purchasable","17":"product-type-simple"},"_links":{"self":[{"href":"https:\/\/www.bojungle.eu\/cs\/wp-json\/wp\/v2\/product\/40439","targetHints":{"allow":["GET"]}}],"collection":[{"href":"https:\/\/www.bojungle.eu\/cs\/wp-json\/wp\/v2\/product"}],"about":[{"href":"https:\/\/www.bojungle.eu\/cs\/wp-json\/wp\/v2\/types\/product"}],"replies":[{"embeddable":true,"href":"https:\/\/www.bojungle.eu\/cs\/wp-json\/wp\/v2\/comments?post=40439"}],"version-history":[{"count":1,"href":"https:\/\/www.bojungle.eu\/cs\/wp-json\/wp\/v2\/product\/40439\/revisions"}],"predecessor-version":[{"id":80614,"href":"https:\/\/www.bojungle.eu\/cs\/wp-json\/wp\/v2\/product\/40439\/revisions\/80614"}],"wp:featuredmedia":[{"embeddable":true,"href":"https:\/\/www.bojungle.eu\/cs\/wp-json\/wp\/v2\/media\/73264"}],"wp:attachment":[{"href":"https:\/\/www.bojungle.eu\/cs\/wp-json\/wp\/v2\/media?parent=40439"}],"wp:term":[{"taxonomy":"product_brand","embeddable":true,"href":"https:\/\/www.bojungle.eu\/cs\/wp-json\/wp\/v2\/product_brand?post=40439"},{"taxonomy":"product_cat","embeddable":true,"href":"https:\/\/www.bojungle.eu\/cs\/wp-json\/wp\/v2\/product_cat?post=40439"},{"taxonomy":"product_tag","embeddable":true,"href":"https:\/\/www.bojungle.eu\/cs\/wp-json\/wp\/v2\/product_tag?post=40439"},{"taxonomy":"woo-feed-brand","embeddable":true,"href":"https:\/\/www.bojungle.eu\/cs\/wp-json\/wp\/v2\/woo-feed-brand?post=40439"}],"curies":[{"name":"wp","href":"https:\/\/api.w.org\/{rel}","templated":true}]}}