{"id":40513,"date":"2022-05-29T11:58:22","date_gmt":"2022-05-29T09:58:22","guid":{"rendered":"https:\/\/dev.authority.biz\/boj\/product\/b-thermo-footmuff-universal-taupe\/"},"modified":"2024-03-04T13:23:01","modified_gmt":"2024-03-04T12:23:01","slug":"b-thermo-footmuff-universal-taupe-2","status":"publish","type":"product","link":"https:\/\/www.bojungle.eu\/cs\/produkt\/b-thermo-footmuff-universal-taupe-2\/","title":{"rendered":"B-Thermo Footmuff Universal Taupe"},"content":{"rendered":"<p>Thermo Footmuff Universal v barv\u011b taupe je dokonal\u00fdm \u0159e\u0161en\u00edm, jak udr\u017eet va\u0161e d\u011b\u0165\u00e1tko \u00fatuln\u00e9 a \u00fatuln\u00e9 b\u011bhem chladn\u00fdch proch\u00e1zek. Tento n\u00e1no\u017en\u00edk, vyroben\u00fd s pe\u010dlivou pozornost\u00ed k detailu, je navr\u017een tak, aby vyhovoval r\u016fznorod\u00fdm pot\u0159eb\u00e1m modern\u00edch rodi\u010d\u016f a jejich d\u011bt\u00ed.<\/p>\n<p><strong>Univerz\u00e1ln\u00ed kompatibilita:<\/strong> N\u00e1\u0161 n\u00e1no\u017en\u00edk je kompatibiln\u00ed s v\u011bt\u0161inou typ\u016f ko\u010d\u00e1rk\u016f a m\u00e1 strategicky um\u00edst\u011bn\u00e9 otvory pro bezpe\u010dnostn\u00ed p\u00e1sy, kter\u00e9 zaji\u0161\u0165uj\u00ed bezpe\u010dn\u00e9 uchycen\u00ed a z\u00e1rove\u0148 nab\u00edzej\u00ed maxim\u00e1ln\u00ed pohodl\u00ed.<\/p>\n<p><strong>Vynikaj\u00edc\u00ed teplo a pohodl\u00ed:<\/strong> N\u00e1\u0161 n\u00e1vlek na nohy, zabalen\u00fd do luxusn\u011b m\u011bkk\u00e9 fleecov\u00e9 pod\u0161\u00edvky o tlou\u0161\u0165ce 400 gram\u016f, slibuje bezkonkuren\u010dn\u00ed teplo i v t\u011bch nejchladn\u011bj\u0161\u00edch zimn\u00edch m\u011bs\u00edc\u00edch. Va\u0161e d\u00edt\u011b bude m\u00edt po celou dobu cesty luxusn\u00ed pohodl\u00ed.<\/p>\n<p><strong>Luxusn\u00ed design:<\/strong> Dop\u0159ejte sv\u00e9mu mal\u00e9mu zt\u011blesn\u011bn\u00ed luxusu. N\u00e1\u0161 fusak m\u00e1 opulentn\u00ed vn\u011bj\u0161\u00ed tkaniny, kter\u00e9 pozdvihuj\u00ed styl i funk\u010dnost. <\/p>\n<p><strong>Zv\u00fd\u0161en\u00e1 ochrana:<\/strong> Chra\u0148te sv\u00e9 d\u00edt\u011b p\u0159ed nep\u0159\u00edzniv\u00fdmi vlivy pomoc\u00ed na\u0161eho vod\u011b a v\u011btru odoln\u00e9ho n\u00e1vleku na nohy. A\u0165 je d\u00e9\u0161\u0165 nebo sn\u00edh, bu\u010fte si jisti, \u017ee va\u0161e ratolest z\u016fstane v pohodl\u00ed a suchu.<\/p>\n<p><strong>P\u0159izp\u016fsobiv\u00e1 kapuce:<\/strong> Snadno bojujte s ledov\u00fdm v\u011btrem. N\u00e1\u0161 n\u00e1no\u017en\u00edk nab\u00edz\u00ed flexibilitu pro vytvo\u0159en\u00ed ochrann\u00e9 kapuce kolem hlavy va\u0161eho d\u00edt\u011bte, kter\u00e1 poskytuje dodate\u010dn\u00e9 teplo a bezpe\u010d\u00ed v mraziv\u00fdch dnech. <\/p>\n<p><strong>Robustn\u00ed a bezpe\u010dn\u00fd:<\/strong> N\u00e1\u0161 n\u00e1no\u017en\u00edk je navr\u017een tak, abyste m\u011bli klid, a m\u00e1 protiskluzovou spodn\u00ed \u010d\u00e1st a popruhy, kter\u00e9 zaji\u0161\u0165uj\u00ed, \u017ee z\u016fstane bezpe\u010dn\u011b na m\u00edst\u011b, kdy\u017e je p\u0159ipevn\u011bn ke ko\u010d\u00e1rku.<\/p>\n<p><strong>V\u0161estrann\u00e9 pou\u017eit\u00ed:<\/strong> S r\u016fstem d\u00edt\u011bte roste i n\u00e1\u0161 n\u00e1no\u017en\u00edk. No\u017en\u00ed \u010d\u00e1st lze pohodln\u011b otev\u0159\u00edt, aby umo\u017enila svobodu pohybu a p\u0159izp\u016fsobila se m\u011bn\u00edc\u00edm se pot\u0159eb\u00e1m va\u0161eho d\u011b\u0165\u00e1tka.<\/p>\n<p><strong>Easy Maintenance:<\/strong> Designed for busy parents, our footmuff is easily washable at 30\u00b0C, keeping it clean and fresh for every outing.<\/p>\n<p>Za\u017eijte zt\u011blesn\u011bn\u00ed tepla, pohodl\u00ed a stylu s Thermo Footmuff Universal \u2013 dokonal\u00fdm spole\u010dn\u00edkem pro venkovn\u00ed dobrodru\u017estv\u00ed va\u0161eho d\u00edt\u011bte.<\/p>\n","protected":false},"excerpt":{"rendered":"<div class=\"flex flex-grow flex-col max-w-full\">\n<div class=\"min-h-[20px] text-message flex flex-col items-start gap-3 whitespace-pre-wrap break-words [.text-message+&amp;]:mt-5 overflow-x-auto\" data-message-author-role=\"assistant\" data-message-id=\"b8d9f90e-46a7-45ac-9c2b-1b996e36b397\">\n<div class=\"markdown prose w-full break-words dark:prose-invert light\">\n<p>Objevte Thermo Footmuff Universal v Taupe \u2013 dokonal\u00e9 \u00fatuln\u00e9 \u0159e\u0161en\u00ed pro zimn\u00ed proch\u00e1zky. S ply\u0161ovou fleecovou pod\u0161\u00edvkou o hmotnosti 400 g, odolnost\u00ed proti vod\u011b a v\u011btru a v\u0161estrann\u00fdm designem nab\u00edz\u00ed bezkonkuren\u010dn\u00ed teplo, ochranu a pohodl\u00ed. Zajist\u011bte sv\u00e9mu d\u011b\u0165\u00e1tku pohodl\u00ed a styl na ka\u017ed\u00e9m v\u00fdlet\u011b.<\/p>\n<\/div>\n<\/div>\n<\/div>\n<div class=\"mt-1 flex justify-start gap-3 empty:hidden\">\n<div class=\"text-gray-400 flex self-end lg:self-center justify-center lg:justify-start mt-0 -ml-1 h-7 visible\"><\/div>\n<\/div>\n","protected":false},"featured_media":67664,"comment_status":"closed","ping_status":"closed","template":"","meta":{"_lmt_disableupdate":"","_lmt_disable":""},"product_brand":[],"product_cat":[627,628],"product_tag":[],"woo-feed-brand":[],"class_list":{"0":"post-40513","1":"product","2":"type-product","3":"status-publish","4":"has-post-thumbnail","6":"product_cat-venkovni","7":"product_cat-venkovni-prislusenstvi","9":"first","10":"instock","11":"taxable","12":"shipping-taxable","13":"purchasable","14":"product-type-simple"},"_links":{"self":[{"href":"https:\/\/www.bojungle.eu\/cs\/wp-json\/wp\/v2\/product\/40513","targetHints":{"allow":["GET"]}}],"collection":[{"href":"https:\/\/www.bojungle.eu\/cs\/wp-json\/wp\/v2\/product"}],"about":[{"href":"https:\/\/www.bojungle.eu\/cs\/wp-json\/wp\/v2\/types\/product"}],"replies":[{"embeddable":true,"href":"https:\/\/www.bojungle.eu\/cs\/wp-json\/wp\/v2\/comments?post=40513"}],"version-history":[{"count":1,"href":"https:\/\/www.bojungle.eu\/cs\/wp-json\/wp\/v2\/product\/40513\/revisions"}],"predecessor-version":[{"id":67693,"href":"https:\/\/www.bojungle.eu\/cs\/wp-json\/wp\/v2\/product\/40513\/revisions\/67693"}],"wp:featuredmedia":[{"embeddable":true,"href":"https:\/\/www.bojungle.eu\/cs\/wp-json\/wp\/v2\/media\/67664"}],"wp:attachment":[{"href":"https:\/\/www.bojungle.eu\/cs\/wp-json\/wp\/v2\/media?parent=40513"}],"wp:term":[{"taxonomy":"product_brand","embeddable":true,"href":"https:\/\/www.bojungle.eu\/cs\/wp-json\/wp\/v2\/product_brand?post=40513"},{"taxonomy":"product_cat","embeddable":true,"href":"https:\/\/www.bojungle.eu\/cs\/wp-json\/wp\/v2\/product_cat?post=40513"},{"taxonomy":"product_tag","embeddable":true,"href":"https:\/\/www.bojungle.eu\/cs\/wp-json\/wp\/v2\/product_tag?post=40513"},{"taxonomy":"woo-feed-brand","embeddable":true,"href":"https:\/\/www.bojungle.eu\/cs\/wp-json\/wp\/v2\/woo-feed-brand?post=40513"}],"curies":[{"name":"wp","href":"https:\/\/api.w.org\/{rel}","templated":true}]}}