{"id":40518,"date":"2022-05-29T11:59:03","date_gmt":"2022-05-29T09:59:03","guid":{"rendered":"https:\/\/dev.authority.biz\/boj\/product\/b-turtle-silikonova-zelena\/"},"modified":"2022-05-29T11:59:03","modified_gmt":"2022-05-29T11:59:03","slug":"b-turtle-silicone-green-2","status":"publish","type":"product","link":"https:\/\/www.bojungle.eu\/cs\/produkt\/b-turtle-silicone-green-2\/","title":{"rendered":"B-Turtle Silikonov\u00e1 zelen\u00e1"},"content":{"rendered":"<ul>\n<li>Na\u0161e silikonov\u00e1 \u017eelva stimuluje smysly pro kous\u00e1n\u00ed i uchopen\u00ed. Zaji\u0161\u0165uje, \u017ee bolest a nepohodl\u00ed p\u0159i pro\u0159ez\u00e1v\u00e1n\u00ed zub\u016f jsou do takov\u00e9 m\u00edry zm\u00edrn\u011bny, a tak\u00e9 stimuluje rty a jazyk d\u00edky r\u016fzn\u00fdm kousac\u00edm ploch\u00e1m. Zuby se mas\u00edruj\u00ed a tak\u00e9 se zm\u011bk\u010duj\u00ed d\u00e1sn\u011b. Ide\u00e1ln\u00ed pro mal\u00e9 ruce a p\u0159ich\u00e1zej\u00edc\u00ed zuby!<\/li>\n<li>Snadn\u00e1 \u00fadr\u017eba, lze pr\u00e1t v pra\u010dce<\/li>\n<li>Vyrobeno ze silikonu<\/li>\n<\/ul>\n","protected":false},"excerpt":{"rendered":"<p>Na\u0161e silikonov\u00e1 \u017eelva stimuluje smysly pro kous\u00e1n\u00ed i uchopen\u00ed. Zaji\u0161\u0165uje, \u017ee bolest a nepohodl\u00ed p\u0159i pro\u0159ez\u00e1v\u00e1n\u00ed zub\u016f jsou do takov\u00e9 m\u00edry zm\u00edrn\u011bny, a tak\u00e9 stimuluje rty a jazyk d\u00edky r\u016fzn\u00fdm kousac\u00edm ploch\u00e1m. Zuby se mas\u00edruj\u00ed a tak\u00e9 se zm\u011bk\u010duj\u00ed d\u00e1sn\u011b. Ide\u00e1ln\u00ed pro mal\u00e9 ruce a p\u0159ich\u00e1zej\u00edc\u00ed zuby!<\/p>\n","protected":false},"featured_media":73214,"comment_status":"closed","ping_status":"closed","template":"","meta":{"_lmt_disableupdate":"","_lmt_disable":""},"product_brand":[],"product_cat":[599,471,489],"product_tag":[],"woo-feed-brand":[],"class_list":{"0":"post-40518","1":"product","2":"type-product","3":"status-publish","4":"has-post-thumbnail","6":"product_cat-hracky-na-kousani","7":"product_cat-playtime-cs","8":"product_cat-silikonove-hracky","10":"first","11":"instock","12":"taxable","13":"shipping-taxable","14":"purchasable","15":"product-type-simple"},"_links":{"self":[{"href":"https:\/\/www.bojungle.eu\/cs\/wp-json\/wp\/v2\/product\/40518","targetHints":{"allow":["GET"]}}],"collection":[{"href":"https:\/\/www.bojungle.eu\/cs\/wp-json\/wp\/v2\/product"}],"about":[{"href":"https:\/\/www.bojungle.eu\/cs\/wp-json\/wp\/v2\/types\/product"}],"replies":[{"embeddable":true,"href":"https:\/\/www.bojungle.eu\/cs\/wp-json\/wp\/v2\/comments?post=40518"}],"version-history":[{"count":0,"href":"https:\/\/www.bojungle.eu\/cs\/wp-json\/wp\/v2\/product\/40518\/revisions"}],"wp:featuredmedia":[{"embeddable":true,"href":"https:\/\/www.bojungle.eu\/cs\/wp-json\/wp\/v2\/media\/73214"}],"wp:attachment":[{"href":"https:\/\/www.bojungle.eu\/cs\/wp-json\/wp\/v2\/media?parent=40518"}],"wp:term":[{"taxonomy":"product_brand","embeddable":true,"href":"https:\/\/www.bojungle.eu\/cs\/wp-json\/wp\/v2\/product_brand?post=40518"},{"taxonomy":"product_cat","embeddable":true,"href":"https:\/\/www.bojungle.eu\/cs\/wp-json\/wp\/v2\/product_cat?post=40518"},{"taxonomy":"product_tag","embeddable":true,"href":"https:\/\/www.bojungle.eu\/cs\/wp-json\/wp\/v2\/product_tag?post=40518"},{"taxonomy":"woo-feed-brand","embeddable":true,"href":"https:\/\/www.bojungle.eu\/cs\/wp-json\/wp\/v2\/woo-feed-brand?post=40518"}],"curies":[{"name":"wp","href":"https:\/\/api.w.org\/{rel}","templated":true}]}}