{"id":40528,"date":"2022-05-29T11:59:10","date_gmt":"2022-05-29T09:59:10","guid":{"rendered":"https:\/\/dev.authority.biz\/boj\/product\/b-umbrellas-universal-fit-taupe-dark\/"},"modified":"2025-08-07T11:31:15","modified_gmt":"2025-08-07T09:31:15","slug":"b-umbrellas-universal-fit-taupe-dark-2","status":"publish","type":"product","link":"https:\/\/www.bojungle.eu\/cs\/produkt\/b-umbrellas-universal-fit-taupe-dark-2\/","title":{"rendered":"Chra\u0148te sv\u00e9 d\u00edt\u011b pomoc\u00ed de\u0161tn\u00edku Umbrella Universal Fit Black. Ochrana UV 50+, vhodn\u00fd pro v\u0161echny ko\u010d\u00e1rky, nastaviteln\u00fd a stylov\u00fd. Ide\u00e1ln\u00ed pro slune\u010dn\u00e9 v\u00fdlety!"},"content":{"rendered":"<p>P\u0159edstavujeme de\u0161tn\u00edk Universal Fit v tmav\u011b \u0161edohn\u011bd\u00e9 barv\u011b, kter\u00fd byl navr\u017een tak, aby va\u0161emu d\u00edt\u011bti poskytoval maxim\u00e1ln\u00ed pohodl\u00ed a ochranu b\u011bhem slune\u010dn\u00fdch dn\u016f.<\/p>\n<ul>\n<li><strong>Maxim\u00e1ln\u00ed ochrana p\u0159ed sluncem: <\/strong> Chra\u0148te sv\u00e9 d\u00edt\u011b p\u0159ed \u0161kodliv\u00fdm UV z\u00e1\u0159en\u00edm d\u00edky na\u0161\u00ed UV ochran\u011b 50+, kter\u00e1 zajist\u00ed bezpe\u010dn\u00fd a pohodln\u00fd pobyt venku.<\/li>\n<li><strong>V\u0161estrann\u00e9 pou\u017eit\u00ed: <\/strong> Tento de\u0161tn\u00edk je dokonale p\u0159izp\u016fsobiteln\u00fd pro v\u0161echny druhy ko\u010d\u00e1rk\u016f a d\u011btsk\u00fdch autoseda\u010dek.<\/li>\n<li><strong>Nastaviteln\u00fd syst\u00e9m: D\u00edky snadno pou\u017eiteln\u00e9mu nastaviteln\u00e9mu syst\u00e9mu se bezpe\u010dn\u011b nacvakne na ko\u010d\u00e1rek, tak\u017ee instalace a nastaven\u00ed jsou hra\u010dkou.<\/strong><\/li>\n<li><strong>Maxim\u00e1ln\u00ed pohodl\u00ed:<\/strong> Tento de\u0161tn\u00edk s velkou st\u0159\u00ed\u0161kou zaji\u0161\u0165uje dostatek st\u00ednu, tak\u017ee va\u0161e d\u00edt\u011b z\u016fstane v pohodl\u00ed i v t\u011bch nejteplej\u0161\u00edch dnech.<\/li>\n<li><strong>Stylov\u00e9 a sv\u011btl\u00e9: <\/strong> N\u00e1\u0161 de\u0161tn\u00edk je nab\u00edzen v elegantn\u00ed \u010dern\u00e9 barv\u011b, ale dod\u00e1v\u00e1 se tak\u00e9 v r\u016fzn\u00fdch z\u00e1\u0159iv\u00fdch barv\u00e1ch, aby vyhovoval va\u0161emu osobn\u00edmu stylu a dodal va\u0161emu ko\u010d\u00e1rku vesel\u00fd n\u00e1dech.<\/li>\n<\/ul>\n<p>Bu\u010fte p\u0159ipraveni a stylov\u00ed s de\u0161tn\u00edkem Umbrella Universal Taupe Dark, kter\u00fd va\u0161emu d\u00edt\u011bti zajist\u00ed optim\u00e1ln\u00ed pohodl\u00ed a ochranu p\u0159i ka\u017ed\u00e9m v\u00fdletu.<\/p>\n<p>&nbsp;<\/p>\n","protected":false},"excerpt":{"rendered":"<p>Udr\u017eujte sv\u00e9 d\u00edt\u011b v chladu a bezpe\u010d\u00ed s na\u0161\u00edm elegantn\u00edm univerz\u00e1ln\u00edm de\u0161tn\u00edkem v tmav\u011b \u0161ed\u00e9 barv\u011b. Tento velk\u00fd de\u0161tn\u00edk s ochranou UV 50+ se hod\u00ed na v\u0161echny ko\u010d\u00e1rky a d\u011btsk\u00e9 seda\u010dky. Jeho nastaviteln\u00fd syst\u00e9m se snadno zacvakne na m\u00edsto a poskytuje maxim\u00e1ln\u00ed pohodl\u00ed a st\u00edn. K dispozici v jasn\u00fdch barv\u00e1ch pro stylov\u00fd vzhled. Ide\u00e1ln\u00ed pro slune\u010dn\u00e9 dny venku!    <\/p>\n","protected":false},"featured_media":68234,"comment_status":"closed","ping_status":"closed","template":"","meta":{"_lmt_disableupdate":"","_lmt_disable":""},"product_brand":[],"product_cat":[627,628],"product_tag":[],"woo-feed-brand":[],"class_list":{"0":"post-40528","1":"product","2":"type-product","3":"status-publish","4":"has-post-thumbnail","6":"product_cat-venkovni","7":"product_cat-venkovni-prislusenstvi","9":"first","10":"instock","11":"taxable","12":"shipping-taxable","13":"purchasable","14":"product-type-simple"},"_links":{"self":[{"href":"https:\/\/www.bojungle.eu\/cs\/wp-json\/wp\/v2\/product\/40528","targetHints":{"allow":["GET"]}}],"collection":[{"href":"https:\/\/www.bojungle.eu\/cs\/wp-json\/wp\/v2\/product"}],"about":[{"href":"https:\/\/www.bojungle.eu\/cs\/wp-json\/wp\/v2\/types\/product"}],"replies":[{"embeddable":true,"href":"https:\/\/www.bojungle.eu\/cs\/wp-json\/wp\/v2\/comments?post=40528"}],"version-history":[{"count":1,"href":"https:\/\/www.bojungle.eu\/cs\/wp-json\/wp\/v2\/product\/40528\/revisions"}],"predecessor-version":[{"id":80860,"href":"https:\/\/www.bojungle.eu\/cs\/wp-json\/wp\/v2\/product\/40528\/revisions\/80860"}],"wp:featuredmedia":[{"embeddable":true,"href":"https:\/\/www.bojungle.eu\/cs\/wp-json\/wp\/v2\/media\/68234"}],"wp:attachment":[{"href":"https:\/\/www.bojungle.eu\/cs\/wp-json\/wp\/v2\/media?parent=40528"}],"wp:term":[{"taxonomy":"product_brand","embeddable":true,"href":"https:\/\/www.bojungle.eu\/cs\/wp-json\/wp\/v2\/product_brand?post=40528"},{"taxonomy":"product_cat","embeddable":true,"href":"https:\/\/www.bojungle.eu\/cs\/wp-json\/wp\/v2\/product_cat?post=40528"},{"taxonomy":"product_tag","embeddable":true,"href":"https:\/\/www.bojungle.eu\/cs\/wp-json\/wp\/v2\/product_tag?post=40528"},{"taxonomy":"woo-feed-brand","embeddable":true,"href":"https:\/\/www.bojungle.eu\/cs\/wp-json\/wp\/v2\/woo-feed-brand?post=40528"}],"curies":[{"name":"wp","href":"https:\/\/api.w.org\/{rel}","templated":true}]}}