{"id":40577,"date":"2022-05-29T11:58:22","date_gmt":"2022-05-29T09:58:22","guid":{"rendered":"https:\/\/dev.authority.biz\/boj\/product\/b-thermo-lahev-silikonova-sklenena-150-ml-tyrkysova\/"},"modified":"2022-05-29T11:58:22","modified_gmt":"2022-05-29T11:58:22","slug":"b-thermo-lahev-silikonove-sklo-150-ml-tyrkysova","status":"publish","type":"product","link":"https:\/\/www.bojungle.eu\/cs\/produkt\/b-thermo-lahev-silikonove-sklo-150-ml-tyrkysova\/","title":{"rendered":"B-Thermo L\u00e1hev silikonov\u00e1 sklen\u011bn\u00e1 150 ml tyrkysov\u00e1"},"content":{"rendered":"<ul>\n<li>Cht\u011bli byste si z hygienick\u00fdch d\u016fvod\u016f koupit kojeneckou l\u00e1hev ze skla, ale boj\u00edte se, \u017ee se rozbije? Chcete m\u00edt naprostou jistotu, \u017ee l\u00e1hev va\u0161eho d\u00edt\u011bte m\u00e1 spr\u00e1vnou teplotu a \u017ee neobsahuje \u017e\u00e1dn\u00e9 nebezpe\u010dn\u00e9 chemick\u00e9 l\u00e1tky? D\u00e1l u\u017e nehledejte: Bo Jungle vyvinula \u0159adu n\u00e1dhern\u00fdch kojeneck\u00fdch lahv\u00ed, kter\u00e9 si zamiluje d\u00edt\u011b i maminka. Na\u0161e lahve jsou vyrobeny z lehk\u00e9ho borosilik\u00e1tov\u00e9ho skla a snadno se \u010dist\u00ed a sterilizuj\u00ed. Jejich barva se \u010dasem nem\u011bn\u00ed a my zaru\u010dujeme, \u017ee neobsahuj\u00ed nebezpe\u010dn\u00e9 chemick\u00e9 l\u00e1tky a jsou v souladu s pr\u00e1vn\u00edmi p\u0159edpisy EU. Neod\u0161t\u011bpujte se<\/li>\n<li>Vydr\u017e\u00ed p\u00e1d a\u017e z 1 metru (za norm\u00e1ln\u00edch okolnost\u00ed)<\/li>\n<li>Funkce detekce tepla: zb\u011bl\u00e1, kdy\u017e je obsah l\u00e1hve p\u0159\u00edli\u0161 hork\u00fd (od +-40 \u00b0C).<\/li>\n<li>Lehk\u00e9 borosilik\u00e1tov\u00e9 sklo<\/li>\n<li>Neobsahuje BPA<\/li>\n<li>Kryt odoln\u00fd proti rozlit\u00ed &#8211; Voln\u011b odn\u00edmateln\u00e9 rukojeti<\/li>\n<li>Hygienick\u00e9: snadn\u00e9 \u010di\u0161t\u011bn\u00ed a sterilizace<\/li>\n<li>K dispozici jsou r\u016fzn\u00e9 druhy savi\u010dek: pomal\u00e9, st\u0159edn\u00ed, rychl\u00e9 a hust\u00e9 tekutiny.<\/li>\n<\/ul>\n","protected":false},"excerpt":{"rendered":"<p>Spole\u010dnost Bo Jungle vyvinula \u0159adu n\u00e1dhern\u00fdch kojeneck\u00fdch lahv\u00ed, kter\u00e9 si zamiluje d\u00edt\u011b i maminka. Na\u0161e lahve jsou vyrobeny z lehk\u00e9ho borosilik\u00e1tov\u00e9ho skla a snadno se \u010dist\u00ed a sterilizuj\u00ed. Jejich barva se \u010dasem nem\u011bn\u00ed a my zaru\u010dujeme, \u017ee neobsahuj\u00ed nebezpe\u010dn\u00e9 chemick\u00e9 l\u00e1tky a jsou v souladu s pr\u00e1vn\u00edmi p\u0159edpisy EU.<\/p>\n","protected":false},"featured_media":58744,"comment_status":"closed","ping_status":"closed","template":"","meta":{"_lmt_disableupdate":"","_lmt_disable":""},"product_brand":[],"product_cat":[561,429,1337,431],"product_tag":[],"woo-feed-brand":[],"class_list":{"0":"post-40577","1":"product","2":"type-product","3":"status-publish","4":"has-post-thumbnail","6":"product_cat-cas-vecere","7":"product_cat-jidlo-a-piti","8":"product_cat-prodej","9":"product_cat-silikonova-rada","11":"first","12":"instock","13":"sale","14":"taxable","15":"shipping-taxable","16":"purchasable","17":"product-type-simple"},"_links":{"self":[{"href":"https:\/\/www.bojungle.eu\/cs\/wp-json\/wp\/v2\/product\/40577","targetHints":{"allow":["GET"]}}],"collection":[{"href":"https:\/\/www.bojungle.eu\/cs\/wp-json\/wp\/v2\/product"}],"about":[{"href":"https:\/\/www.bojungle.eu\/cs\/wp-json\/wp\/v2\/types\/product"}],"replies":[{"embeddable":true,"href":"https:\/\/www.bojungle.eu\/cs\/wp-json\/wp\/v2\/comments?post=40577"}],"version-history":[{"count":0,"href":"https:\/\/www.bojungle.eu\/cs\/wp-json\/wp\/v2\/product\/40577\/revisions"}],"wp:featuredmedia":[{"embeddable":true,"href":"https:\/\/www.bojungle.eu\/cs\/wp-json\/wp\/v2\/media\/58744"}],"wp:attachment":[{"href":"https:\/\/www.bojungle.eu\/cs\/wp-json\/wp\/v2\/media?parent=40577"}],"wp:term":[{"taxonomy":"product_brand","embeddable":true,"href":"https:\/\/www.bojungle.eu\/cs\/wp-json\/wp\/v2\/product_brand?post=40577"},{"taxonomy":"product_cat","embeddable":true,"href":"https:\/\/www.bojungle.eu\/cs\/wp-json\/wp\/v2\/product_cat?post=40577"},{"taxonomy":"product_tag","embeddable":true,"href":"https:\/\/www.bojungle.eu\/cs\/wp-json\/wp\/v2\/product_tag?post=40577"},{"taxonomy":"woo-feed-brand","embeddable":true,"href":"https:\/\/www.bojungle.eu\/cs\/wp-json\/wp\/v2\/woo-feed-brand?post=40577"}],"curies":[{"name":"wp","href":"https:\/\/api.w.org\/{rel}","templated":true}]}}