{"id":40605,"date":"2022-05-29T11:58:21","date_gmt":"2022-05-29T09:58:21","guid":{"rendered":"https:\/\/dev.authority.biz\/boj\/product\/b-thermo-organizer-na-prsni-pumpy-tmave-sedy\/"},"modified":"2024-02-15T15:46:45","modified_gmt":"2024-02-15T14:46:45","slug":"b-thermo-breastpump-organiser-dark-grey-2","status":"publish","type":"product","link":"https:\/\/www.bojungle.eu\/cs\/produkt\/b-thermo-breastpump-organiser-dark-grey-2\/","title":{"rendered":"Thermo Breastpump Organiser Dark Grey"},"content":{"rendered":"<ul>\n<li>Thermo Breastpump Organiser jsme navrhli tak, abychom koj\u00edc\u00edm mamink\u00e1m usnadnili vz\u00edt si s sebou v\u0161e, co pot\u0159ebuj\u00ed, kdy\u017e se nap\u0159. vr\u00e1t\u00ed do pr\u00e1ce a cht\u011bj\u00ed pokra\u010dovat v kojen\u00ed. Kdy\u017e d\u00edt\u011b p\u0159estane kojit, lze tuto diskr\u00e9tn\u00ed ta\u0161ku v\u017edy pou\u017e\u00edt na cesty apod.!<\/li>\n<li>Diskr\u00e9tn\u00ed design podle nejnov\u011bj\u0161\u00edch trend\u016f a v souladu s na\u0161imi ostatn\u00edmi produkty.<\/li>\n<li>Termoizola\u010dn\u00ed s\u00e1\u010dek na uskladn\u011bn\u00ed mate\u0159sk\u00e9ho ml\u00e9ka (nebo pozd\u011bji sklenic s d\u011btskou v\u00fd\u017eivou apod.) a jeho uchov\u00e1n\u00ed v chladu.<\/li>\n<li>Dv\u011b odd\u011blen\u00e9 p\u0159ihr\u00e1dky: horn\u00ed p\u0159ihr\u00e1dka na ods\u00e1va\u010dku mate\u0159sk\u00e9ho ml\u00e9ka, spodn\u00ed p\u0159ihr\u00e1dka na l\u00e1hve s ml\u00e9kem atd.<\/li>\n<li>Dostatek m\u00edsta pro ulo\u017een\u00ed ods\u00e1va\u010dky mate\u0159sk\u00e9ho ml\u00e9ka, dvou kojeneck\u00fdch lahv\u00ed, kojic\u00edch vlo\u017eek a dal\u0161\u00edch drobn\u00fdch v\u011bc\u00ed.<\/li>\n<li>Kapsy na vnit\u0159n\u00ed stran\u011b, aby v\u0161e z\u016fstalo na sv\u00e9m m\u00edst\u011b<\/li>\n<li>Rozm\u011bry: V: 29 cm x H: 18 cm x \u0160: 24 cm<\/li>\n<\/ul>\n","protected":false},"excerpt":{"rendered":"<p>N\u00e1\u0161 organiz\u00e9r Thermo Breastpump Organiser v tmav\u011b \u0161ed\u00e9 barv\u011b je nezbytn\u00fdm \u0159e\u0161en\u00edm pro koj\u00edc\u00ed matky, kter\u00e9 jsou neust\u00e1le na cest\u00e1ch. Tento organiz\u00e9r je vyroben s ohledem na pohodl\u00ed a diskr\u00e9tnost a je navr\u017een tak, aby se hladce za\u010dlenil do va\u0161eho ru\u0161n\u00e9ho \u017eivotn\u00edho stylu a udr\u017eoval va\u0161e koj\u00edc\u00ed pot\u0159eby p\u0159ehledn\u011b ulo\u017een\u00e9 a snadno dostupn\u00e9. Tento organiz\u00e9r se m\u016f\u017ee pochlubit diskr\u00e9tn\u00edm designem, kter\u00fd se bez n\u00e1mahy snoub\u00ed s nejnov\u011bj\u0161\u00edmi trendy a na\u0161\u00ed pr\u00e9miovou \u0159adou v\u00fdrobk\u016f, a zaji\u0161\u0165uje, \u017ee m\u016f\u017eete pokra\u010dovat ve sv\u00e9 cest\u011b za kojen\u00edm s d\u016fv\u011brou a stylem. A\u0165 u\u017e m\u00ed\u0159\u00edte do kancel\u00e1\u0159e, nebo se vyd\u00e1v\u00e1te na v\u00edkendov\u00e9 dobrodru\u017estv\u00ed, tato elegantn\u00ed ta\u0161ka v\u00e1s ochr\u00e1n\u00ed. N\u00e1\u0161 organiz\u00e9r, vybaven\u00fd termoizola\u010dn\u00ed p\u0159ihr\u00e1dkou, udr\u017euje optim\u00e1ln\u00ed teplotu pro va\u0161e mate\u0159sk\u00e9 ml\u00e9ko nebo pozd\u011bji sklenice s d\u011btskou v\u00fd\u017eivou a zaji\u0161\u0165uje tak \u010derstvost, a\u0165 jste kdekoli. D\u00edky dv\u011bma odd\u011blen\u00fdm p\u0159ihr\u00e1dk\u00e1m si m\u016f\u017eete efektivn\u011b uspo\u0159\u00e1dat sv\u00e9 nezbytnosti. Do horn\u00ed p\u0159ihr\u00e1dky se pohodln\u011b vejde va\u0161e ods\u00e1va\u010dka mate\u0159sk\u00e9ho ml\u00e9ka, zat\u00edmco spodn\u00ed p\u0159ihr\u00e1dka poskytuje dostatek prostoru pro ulo\u017een\u00ed lahvi\u010dek s ml\u00e9kem a dal\u0161\u00edch nezbytnost\u00ed. D\u00edky dostate\u010dn\u00e9mu prostoru pro ods\u00e1va\u010dku mate\u0159sk\u00e9ho ml\u00e9ka, dv\u011b kojeneck\u00e9 l\u00e1hve, kojic\u00ed vlo\u017eky a dal\u0161\u00ed drobn\u00e9 v\u011bci m\u00e1te v\u0161e pot\u0159ebn\u00e9 na dosah ruky. Uvnit\u0159 jsou strategicky rozm\u00edst\u011bn\u00e9 kapsy, d\u00edky nim\u017e budou va\u0161e v\u011bci v bezpe\u010d\u00ed a snadno p\u0159\u00edstupn\u00e9. U\u017e nemus\u00edte hledat ztracen\u00e9 v\u011bci, v\u0161e z\u016fstane na sv\u00e9m m\u00edst\u011b a vy se m\u016f\u017eete soust\u0159edit na p\u00e9\u010di o sv\u00e9 d\u011b\u0165\u00e1tko.<\/p>\n<p>Vylep\u0161ete svou cestu ke kojen\u00ed pomoc\u00ed na\u0161eho organiz\u00e9ru Thermo Breastpump Organiser v tmav\u011b \u0161ed\u00e9 barv\u011b. Je praktick\u00e1, stylov\u00e1 a v\u0161estrann\u00e1 a p\u0159edstavuje dokonal\u00e9ho spole\u010dn\u00edka pro ka\u017edou koj\u00edc\u00ed maminku na cest\u00e1ch.<\/p>\n","protected":false},"featured_media":66300,"comment_status":"closed","ping_status":"closed","template":"","meta":{"_lmt_disableupdate":"","_lmt_disable":""},"product_brand":[],"product_cat":[627,628],"product_tag":[],"woo-feed-brand":[],"class_list":{"0":"post-40605","1":"product","2":"type-product","3":"status-publish","4":"has-post-thumbnail","6":"product_cat-venkovni","7":"product_cat-venkovni-prislusenstvi","9":"first","10":"instock","11":"taxable","12":"shipping-taxable","13":"purchasable","14":"product-type-simple"},"_links":{"self":[{"href":"https:\/\/www.bojungle.eu\/cs\/wp-json\/wp\/v2\/product\/40605","targetHints":{"allow":["GET"]}}],"collection":[{"href":"https:\/\/www.bojungle.eu\/cs\/wp-json\/wp\/v2\/product"}],"about":[{"href":"https:\/\/www.bojungle.eu\/cs\/wp-json\/wp\/v2\/types\/product"}],"replies":[{"embeddable":true,"href":"https:\/\/www.bojungle.eu\/cs\/wp-json\/wp\/v2\/comments?post=40605"}],"version-history":[{"count":1,"href":"https:\/\/www.bojungle.eu\/cs\/wp-json\/wp\/v2\/product\/40605\/revisions"}],"predecessor-version":[{"id":66393,"href":"https:\/\/www.bojungle.eu\/cs\/wp-json\/wp\/v2\/product\/40605\/revisions\/66393"}],"wp:featuredmedia":[{"embeddable":true,"href":"https:\/\/www.bojungle.eu\/cs\/wp-json\/wp\/v2\/media\/66300"}],"wp:attachment":[{"href":"https:\/\/www.bojungle.eu\/cs\/wp-json\/wp\/v2\/media?parent=40605"}],"wp:term":[{"taxonomy":"product_brand","embeddable":true,"href":"https:\/\/www.bojungle.eu\/cs\/wp-json\/wp\/v2\/product_brand?post=40605"},{"taxonomy":"product_cat","embeddable":true,"href":"https:\/\/www.bojungle.eu\/cs\/wp-json\/wp\/v2\/product_cat?post=40605"},{"taxonomy":"product_tag","embeddable":true,"href":"https:\/\/www.bojungle.eu\/cs\/wp-json\/wp\/v2\/product_tag?post=40605"},{"taxonomy":"woo-feed-brand","embeddable":true,"href":"https:\/\/www.bojungle.eu\/cs\/wp-json\/wp\/v2\/woo-feed-brand?post=40605"}],"curies":[{"name":"wp","href":"https:\/\/api.w.org\/{rel}","templated":true}]}}