{"id":40714,"date":"2022-05-29T11:57:07","date_gmt":"2022-05-29T09:57:07","guid":{"rendered":"https:\/\/dev.authority.biz\/boj\/product\/b-midnight-black-jednotka-sedadla-adaptery-pro-autosedacku-ochrana-proti-desti\/"},"modified":"2023-07-05T11:36:32","modified_gmt":"2023-07-05T09:36:32","slug":"b-suvvy-midnigh-black-all-in-one-stroller","status":"publish","type":"product","link":"https:\/\/www.bojungle.eu\/cs\/produkt\/b-suvvy-midnigh-black-all-in-one-stroller\/","title":{"rendered":"B-Suvvy Midnight Black Ko\u010d\u00e1rek v\u0161e v jednom"},"content":{"rendered":"<p><strong>Objevte ko\u010d\u00e1rek Bo Jungle Suvvy Midnight Black All-in-One: V\u0161estrannost a pohodl\u00ed jsou novou definic\u00ed<\/strong><\/p>\n<p>Za\u017eijte zt\u011blesn\u011bn\u00ed pohodl\u00ed a luxusu se zcela nov\u00fdm ko\u010d\u00e1rkem Bo Jungle Suvvy All-in-One. Tento ko\u010d\u00e1rek, vyroben\u00fd s pe\u010dlivou pozornost\u00ed k detailu, je navr\u017een tak, aby vyhovoval pot\u0159eb\u00e1m modern\u00edch rodin, kter\u00e9 hledaj\u00ed maxim\u00e1ln\u00ed pohodl\u00ed a v\u0161estrannost pro sv\u00e9 nejmen\u0161\u00ed. Ko\u010d\u00e1rek Bo Jungle Suvvy, inspirovan\u00fd proslul\u00fdm belgick\u00fdm \u017eivotn\u00edm stylem, kombinuje funk\u010dnost, styl a inovativn\u00ed funkce a vytv\u00e1\u0159\u00ed tak v\u00fdjime\u010dn\u00e9ho spole\u010dn\u00edka na cesty.<\/p>\n<p><strong>Pohodl\u00ed za ka\u017ed\u00e9ho po\u010das\u00ed<\/strong><\/p>\n<p>Ko\u010d\u00e1rek Bo Jungle Suvvy se ne\u00fanavn\u011b zam\u011b\u0159uje na zaji\u0161t\u011bn\u00ed pohodl\u00ed va\u0161eho d\u00edt\u011bte a je vybaven \u0159adou funkc\u00ed, kter\u00e9 si porad\u00ed s jak\u00fdmikoliv pov\u011btrnostn\u00edmi podm\u00ednkami. Jeho ultralehk\u00e1 termoko\u0161\u00edk poskytuje \u00fatuln\u00e9 a bezpe\u010dn\u00e9 prost\u0159ed\u00ed a udr\u017euje va\u0161e d\u011b\u0165\u00e1tko v pohodl\u00ed b\u011bhem chladn\u00fdch zimn\u00edch v\u00fdlet\u016f. Tkaniny odoln\u00e9 proti pov\u011btrnostn\u00edm vliv\u016fm poskytuj\u00ed optim\u00e1ln\u00ed ochranu p\u0159ed nep\u0159\u00edzniv\u00fdmi vlivy, tak\u017ee si va\u0161e d\u00edt\u011b m\u016f\u017ee u\u017e\u00edvat venkovn\u00ed dobrodru\u017estv\u00ed a p\u0159itom z\u016fstat v suchu a pohodl\u00ed. Vyjd\u011bte ven s jistotou a v\u011bdom\u00edm, \u017ee Bo Jungle Suvvy va\u0161e d\u00edt\u011b ochr\u00e1n\u00ed, a\u0165 pr\u0161\u00ed nebo sv\u00edt\u00ed slunce.<\/p>\n<p><strong>Luxusn\u00ed design a ergonomick\u00e9 funkce<\/strong><\/p>\n<p>Vstupte do sv\u011bta modern\u00ed elegance s ko\u010d\u00e1rkem Bo Jungle Suvvy All-in-One. Jeho modern\u00ed exteri\u00e9r snadno dopln\u00ed v\u00e1\u0161 styl, zat\u00edmco promy\u0161len\u011b navr\u017een\u00fd interi\u00e9r poskytne va\u0161emu d\u00edt\u011bti \u00fato\u010di\u0161t\u011b pohodl\u00ed. Prostorn\u00e9 a ply\u0161ov\u00e9 sezen\u00ed zaji\u0161\u0165uje p\u0159\u00edjemnou j\u00edzdu, tak\u017ee ka\u017ed\u00e1 cesta bude pot\u011b\u0161en\u00edm. Pe\u010dliv\u011b vybran\u00e9 materi\u00e1ly nejen\u017ee vyza\u0159uj\u00ed sofistikovanost, ale tak\u00e9 se snadno \u010dist\u00ed, co\u017e zaru\u010duje bezprobl\u00e9mov\u00fd provoz pro zanepr\u00e1zdn\u011bn\u00e9 rodi\u010de.<\/p>\n<p><strong>Skv\u011bl\u00fd v\u00fdkon pro aktivn\u00ed rodiny<\/strong><\/p>\n<p>Dobrodru\u017estv\u00ed na v\u00e1s \u010dek\u00e1 a Bo Jungle Suvvy je p\u0159ipraven v\u00e1s tam dov\u00e9zt. Tento ko\u010d\u00e1rek, zkonstruovan\u00fd se spolehliv\u00fdm amortiza\u010dn\u00edm syst\u00e9mem \u010dty\u0159 kol, bez n\u00e1mahy klou\u017ee po r\u016fzn\u00fdch ter\u00e9nech a poskytuje va\u0161emu d\u00edt\u011bti hladkou a stabiln\u00ed j\u00edzdu. Inovativn\u00ed brzdov\u00fd syst\u00e9m One-Click\u2122 zaji\u0161\u0165uje rychl\u00e9 a bezpe\u010dn\u00e9 zastaven\u00ed, co\u017e v\u00e1m zajist\u00ed klid b\u011bhem va\u0161ich venkovn\u00edch eskap\u00e1d. Vysoce man\u00e9vrovateln\u00fd r\u00e1m umo\u017e\u0148uje snadnou navigaci, d\u00edky \u010demu\u017e je ko\u010d\u00e1rek Bo Jungle Suvvy ide\u00e1ln\u00ed volbou pro aktivn\u00ed rodiny, kter\u00e9 vyzn\u00e1vaj\u00ed radost z objevov\u00e1n\u00ed p\u0159\u00edrody.<\/p>\n<p><strong>Pohodl\u00ed v nov\u00e9m pojet\u00ed<\/strong><\/p>\n<p>Ch\u00e1peme d\u016fle\u017eitost pohodl\u00ed ve va\u0161em ru\u0161n\u00e9m \u017eivotn\u00edm stylu, a proto je ko\u010d\u00e1rek Bo Jungle Suvvy All-in-One navr\u017een tak, aby v\u00e1m zjednodu\u0161il \u017eivot. D\u00edky kompaktn\u00edm rozm\u011br\u016fm ve slo\u017een\u00e9m stavu, kter\u00e9 m\u011b\u0159\u00ed 61 cm x 81 cm x 42 cm, je skladov\u00e1n\u00ed a p\u0159eprava hra\u010dkou. Pro je\u0161t\u011b v\u011bt\u0161\u00ed pohodl\u00ed se ko\u010d\u00e1rek st\u00e1v\u00e1 je\u0161t\u011b kompaktn\u011bj\u0161\u00edm, kdy\u017e jsou odstran\u011bna kola, a sni\u017euje v\u00fd\u0161ku o 35 cm. Vyu\u017eijte svobodu objevov\u00e1n\u00ed bez pot\u00ed\u017e\u00ed s objemn\u00fdm vybaven\u00edm.<\/p>\n<p>Vyberte si ko\u010d\u00e1rek Bo Jungle Suvvy All-in-One a vydejte se na cestu pohodl\u00ed, stylu a dobrodru\u017estv\u00ed. Choose the Bo Jungle Suvvy All-in-One Stroller and embark on a journey of comfort, style, and adventure. Za\u017eijte zt\u011blesn\u011bn\u00ed v\u0161estrannosti a spolehlivosti s Bo Jungle Suvvy \u2013 va\u0161\u00edm d\u016fv\u011bryhodn\u00fdm spole\u010dn\u00edkem pro ka\u017ed\u00e9 dobrodru\u017estv\u00ed, od ru\u0161n\u00fdch m\u011bstsk\u00fdch ulic a\u017e po drsn\u00e9 venkovn\u00ed stezky.<\/p>\n","protected":false},"excerpt":{"rendered":"<p>Objevte ko\u010d\u00e1rek Bo Jungle Suvvy Midnight Black All-in-One: V\u0161estrannost a pohodl\u00ed jsou novou definic\u00ed<\/p>\n","protected":false},"featured_media":58147,"comment_status":"closed","ping_status":"closed","template":"","meta":{"_lmt_disableupdate":"","_lmt_disable":""},"product_brand":[],"product_cat":[641,627],"product_tag":[894],"woo-feed-brand":[],"class_list":{"0":"post-40714","1":"product","2":"type-product","3":"status-publish","4":"has-post-thumbnail","6":"product_cat-kocarky","7":"product_cat-venkovni","8":"product_tag-detsky-kocarek","10":"first","11":"instock","12":"taxable","13":"shipping-taxable","14":"purchasable","15":"product-type-simple"},"_links":{"self":[{"href":"https:\/\/www.bojungle.eu\/cs\/wp-json\/wp\/v2\/product\/40714","targetHints":{"allow":["GET"]}}],"collection":[{"href":"https:\/\/www.bojungle.eu\/cs\/wp-json\/wp\/v2\/product"}],"about":[{"href":"https:\/\/www.bojungle.eu\/cs\/wp-json\/wp\/v2\/types\/product"}],"replies":[{"embeddable":true,"href":"https:\/\/www.bojungle.eu\/cs\/wp-json\/wp\/v2\/comments?post=40714"}],"version-history":[{"count":0,"href":"https:\/\/www.bojungle.eu\/cs\/wp-json\/wp\/v2\/product\/40714\/revisions"}],"wp:featuredmedia":[{"embeddable":true,"href":"https:\/\/www.bojungle.eu\/cs\/wp-json\/wp\/v2\/media\/58147"}],"wp:attachment":[{"href":"https:\/\/www.bojungle.eu\/cs\/wp-json\/wp\/v2\/media?parent=40714"}],"wp:term":[{"taxonomy":"product_brand","embeddable":true,"href":"https:\/\/www.bojungle.eu\/cs\/wp-json\/wp\/v2\/product_brand?post=40714"},{"taxonomy":"product_cat","embeddable":true,"href":"https:\/\/www.bojungle.eu\/cs\/wp-json\/wp\/v2\/product_cat?post=40714"},{"taxonomy":"product_tag","embeddable":true,"href":"https:\/\/www.bojungle.eu\/cs\/wp-json\/wp\/v2\/product_tag?post=40714"},{"taxonomy":"woo-feed-brand","embeddable":true,"href":"https:\/\/www.bojungle.eu\/cs\/wp-json\/wp\/v2\/woo-feed-brand?post=40714"}],"curies":[{"name":"wp","href":"https:\/\/api.w.org\/{rel}","templated":true}]}}