{"id":40775,"date":"2022-05-29T11:53:16","date_gmt":"2022-05-29T09:53:16","guid":{"rendered":"https:\/\/dev.authority.biz\/boj\/product\/miska-b-suction-silicone-spoon-blue\/"},"modified":"2024-11-27T16:16:04","modified_gmt":"2024-11-27T15:16:04","slug":"b-saci-miska-silikonova-lzice-modra","status":"publish","type":"product","link":"https:\/\/www.bojungle.eu\/cs\/produkt\/b-saci-miska-silikonova-lzice-modra\/","title":{"rendered":"Miska B-Suction Silicone &amp; Spoon Blue"},"content":{"rendered":"<div class=\"elementor-element elementor-element-80cf67d elementor-widget elementor-widget-jet-single-excerpt\" data-id=\"80cf67d\" data-element_type=\"widget\" data-widget_type=\"jet-single-excerpt.default\">\n<div class=\"elementor-widget-container\">\n<div class=\"elementor-jet-single-excerpt jet-woo-builder\">\n<div class=\"woocommerce-product-details__short-description\">\n<p>S p\u0159\u00edsavnou silikonovou miskou a l\u017ei\u010dkou je stolov\u00e1n\u00ed jednodu\u0161\u0161\u00ed a z\u00e1bavn\u011bj\u0161\u00ed! Tato chytr\u00e1 sada je navr\u017eena tak, aby pomohla va\u0161emu d\u00edt\u011bti nau\u010dit se j\u00edst samostatn\u011b a soust\u0159edila se na j\u00eddlo, nikoli na nepo\u0159\u00e1dek. V\u00fdkonn\u00e1 p\u0159\u00edsavn\u00e1 z\u00e1kladna zaji\u0161\u0165uje, \u017ee miska z\u016fstane bezpe\u010dn\u011b na sv\u00e9m m\u00edst\u011b, a zabra\u0148uje tak rozlit\u00ed a ob\u010dasn\u00fdm \u201el\u00e9taj\u00edc\u00edm misk\u00e1m\u201c. Tato sada je vyrobena z prvot\u0159\u00eddn\u00edho odoln\u00e9ho silikonu a vydr\u017e\u00ed nespo\u010det dobrodru\u017estv\u00ed p\u0159i j\u00eddle. Je odoln\u00e1 proti rozbit\u00ed, pohlcov\u00e1n\u00ed pach\u016f a p\u0159enosu chut\u00ed, tak\u017ee je pro va\u0161e d\u011b\u0165\u00e1tko bezpe\u010dnou a hygienickou volbou. Odpov\u00eddaj\u00edc\u00ed ergonomick\u00e1 l\u017ei\u010dka m\u00e1 ide\u00e1ln\u00ed velikost pro mal\u00e9 ruce a podporuje sebev\u011bdom\u00e9 krmen\u00ed. D\u00edky hrav\u00e9mu a z\u00e1rove\u0148 elegantn\u00edmu designu je sada misek a l\u017ei\u010dek B-Suction Bowl &amp; amp; stejn\u011b tak \u00fachvatn\u00e1 na pohled jako praktick\u00e1 k pou\u017eit\u00ed, co\u017e z n\u00ed \u010din\u00ed nezbytnou v\u00fdbavu ka\u017ed\u00e9 rodiny. Je vhodn\u00e1 pro kojence a batolata a p\u0159edstavuje dokonal\u00fd zp\u016fsob, jak prom\u011bnit dobu j\u00eddla v u\u010den\u00ed bez stresu.  <\/p>\n<p><strong>Kl\u00ed\u010dov\u00e9 vlastnosti:<\/strong><\/p>\n<ul>\n<li><strong>Siln\u00e1 sac\u00ed z\u00e1kladna: <\/strong>Udr\u017euje misku pevn\u011b na m\u00edst\u011b, abyste mohli j\u00edst bez nepo\u0159\u00e1dku.<\/li>\n<li><strong>Odoln\u00fd silikon:<\/strong> Odoln\u00fd proti rozbit\u00ed, snadno se \u010dist\u00ed, neabsorbuje pachy ani chut\u011b.<\/li>\n<li><strong>Child-Friendly Design:<\/strong> Includes a spoon tailored for tiny hands and independent eating.<\/li>\n<li><strong>Atraktivn\u00ed vzhled: <\/strong>Sv\u011btl\u00fd a modern\u00ed design, kter\u00fd zaujme d\u011bti i rodi\u010de.<\/li>\n<\/ul>\n<p>Se sadou silikonov\u00e9 misky a l\u017ei\u010dky s p\u0159\u00edsavkou bude stolov\u00e1n\u00ed hladk\u00e9, stylov\u00e9 a z\u00e1bavn\u00e9!<\/p>\n<\/div>\n<\/div>\n<\/div>\n<\/div>\n<div class=\"elementor-element elementor-element-c5d7d93 elementor-widget elementor-widget-spacer\" data-id=\"c5d7d93\" data-element_type=\"widget\" data-widget_type=\"spacer.default\">\n<div class=\"elementor-widget-container\">\n<div class=\"elementor-spacer\"><\/div>\n<\/div>\n<\/div>\n","protected":false},"excerpt":{"rendered":"<div class=\"elementor-element elementor-element-80cf67d elementor-widget elementor-widget-jet-single-excerpt\" data-id=\"80cf67d\" data-element_type=\"widget\" data-widget_type=\"jet-single-excerpt.default\">\n<div class=\"elementor-widget-container\">\n<div class=\"elementor-jet-single-excerpt jet-woo-builder\">\n<div class=\"woocommerce-product-details__short-description\">\n<p>S p\u0159\u00edsavnou miskou a l\u017ei\u010dkou bude j\u00eddlo bez stresu! Siln\u00e1 p\u0159\u00edsavn\u00e1 z\u00e1kladna udr\u017e\u00ed misku na m\u00edst\u011b, zat\u00edmco ergonomick\u00e1 l\u017ei\u010dka pom\u016f\u017ee va\u0161emu d\u011b\u0165\u00e1tku nau\u010dit se j\u00edst samostatn\u011b. Tato sada je vyrobena z odoln\u00e9ho silikonu bez z\u00e1pachu, je odoln\u00e1 proti rozbit\u00ed, snadno se \u010dist\u00ed a je stylov\u011b navr\u017eena pro d\u011bti i rodi\u010de. Ide\u00e1ln\u00ed pro spokojen\u00e9 stolov\u00e1n\u00ed bez nepo\u0159\u00e1dku   <\/p>\n<\/div>\n<\/div>\n<\/div>\n<\/div>\n","protected":false},"featured_media":69959,"comment_status":"closed","ping_status":"closed","template":"","meta":{"_lmt_disableupdate":"","_lmt_disable":""},"product_brand":[],"product_cat":[561,429,431],"product_tag":[],"woo-feed-brand":[],"class_list":{"0":"post-40775","1":"product","2":"type-product","3":"status-publish","4":"has-post-thumbnail","6":"product_cat-cas-vecere","7":"product_cat-jidlo-a-piti","8":"product_cat-silikonova-rada","10":"first","11":"instock","12":"taxable","13":"shipping-taxable","14":"purchasable","15":"product-type-simple"},"_links":{"self":[{"href":"https:\/\/www.bojungle.eu\/cs\/wp-json\/wp\/v2\/product\/40775","targetHints":{"allow":["GET"]}}],"collection":[{"href":"https:\/\/www.bojungle.eu\/cs\/wp-json\/wp\/v2\/product"}],"about":[{"href":"https:\/\/www.bojungle.eu\/cs\/wp-json\/wp\/v2\/types\/product"}],"replies":[{"embeddable":true,"href":"https:\/\/www.bojungle.eu\/cs\/wp-json\/wp\/v2\/comments?post=40775"}],"version-history":[{"count":1,"href":"https:\/\/www.bojungle.eu\/cs\/wp-json\/wp\/v2\/product\/40775\/revisions"}],"predecessor-version":[{"id":78469,"href":"https:\/\/www.bojungle.eu\/cs\/wp-json\/wp\/v2\/product\/40775\/revisions\/78469"}],"wp:featuredmedia":[{"embeddable":true,"href":"https:\/\/www.bojungle.eu\/cs\/wp-json\/wp\/v2\/media\/69959"}],"wp:attachment":[{"href":"https:\/\/www.bojungle.eu\/cs\/wp-json\/wp\/v2\/media?parent=40775"}],"wp:term":[{"taxonomy":"product_brand","embeddable":true,"href":"https:\/\/www.bojungle.eu\/cs\/wp-json\/wp\/v2\/product_brand?post=40775"},{"taxonomy":"product_cat","embeddable":true,"href":"https:\/\/www.bojungle.eu\/cs\/wp-json\/wp\/v2\/product_cat?post=40775"},{"taxonomy":"product_tag","embeddable":true,"href":"https:\/\/www.bojungle.eu\/cs\/wp-json\/wp\/v2\/product_tag?post=40775"},{"taxonomy":"woo-feed-brand","embeddable":true,"href":"https:\/\/www.bojungle.eu\/cs\/wp-json\/wp\/v2\/woo-feed-brand?post=40775"}],"curies":[{"name":"wp","href":"https:\/\/api.w.org\/{rel}","templated":true}]}}