{"id":40792,"date":"2022-05-29T11:53:16","date_gmt":"2022-05-29T09:53:16","guid":{"rendered":"https:\/\/dev.authority.biz\/boj\/product\/miska-b-suction-silicone-spoon-pink\/"},"modified":"2022-05-29T11:53:16","modified_gmt":"2022-05-29T11:53:16","slug":"b-suction-bowl-silicone-spoon-pink-2","status":"publish","type":"product","link":"https:\/\/www.bojungle.eu\/cs\/produkt\/b-suction-bowl-silicone-spoon-pink-2\/","title":{"rendered":"Miska B-Suction Silicone &amp; Spoon Pink"},"content":{"rendered":"<p>Tato miska s p\u0159\u00edsavkou a odpov\u00eddaj\u00edc\u00ed l\u017ei\u010dkou zajist\u00ed, \u017ee se d\u00edt\u011b nau\u010d\u00ed j\u00edst samostatn\u011b, ani\u017e by mu maminka nebo tat\u00ednek museli dr\u017eet tal\u00ed\u0159. D\u00edky p\u0159\u00edsavce se miska nem\u016f\u017ee pohybovat a rozhodn\u011b nem\u016f\u017ee l\u00e9tat po m\u00edstnosti. Tato sada je vyrobena z vysoce kvalitn\u00edho a odoln\u00e9ho materi\u00e1lu. Ned\u00e1 se rozb\u00edt, neabsorbuje pachy ani chut\u011b a p\u0159edev\u0161\u00edm je pastvou pro o\u010di!<\/p>\n","protected":false},"excerpt":{"rendered":"<p>Tato miska s p\u0159\u00edsavkou a odpov\u00eddaj\u00edc\u00ed l\u017ei\u010dkou zajist\u00ed, \u017ee se d\u00edt\u011b nau\u010d\u00ed j\u00edst samostatn\u011b, ani\u017e by mu maminka nebo tat\u00ednek museli dr\u017eet tal\u00ed\u0159. D\u00edky p\u0159\u00edsavce se miska nem\u016f\u017ee pohybovat a rozhodn\u011b nem\u016f\u017ee l\u00e9tat po m\u00edstnosti. Tato sada je vyrobena z vysoce kvalitn\u00edho a odoln\u00e9ho materi\u00e1lu. Ned\u00e1 se rozb\u00edt, neabsorbuje pachy ani chut\u011b a p\u0159edev\u0161\u00edm je pastvou pro o\u010di!<\/p>\n","protected":false},"featured_media":70039,"comment_status":"closed","ping_status":"closed","template":"","meta":{"_lmt_disableupdate":"","_lmt_disable":""},"product_brand":[],"product_cat":[561,429,431],"product_tag":[],"woo-feed-brand":[],"class_list":{"0":"post-40792","1":"product","2":"type-product","3":"status-publish","4":"has-post-thumbnail","6":"product_cat-cas-vecere","7":"product_cat-jidlo-a-piti","8":"product_cat-silikonova-rada","10":"first","11":"instock","12":"taxable","13":"shipping-taxable","14":"purchasable","15":"product-type-simple"},"_links":{"self":[{"href":"https:\/\/www.bojungle.eu\/cs\/wp-json\/wp\/v2\/product\/40792","targetHints":{"allow":["GET"]}}],"collection":[{"href":"https:\/\/www.bojungle.eu\/cs\/wp-json\/wp\/v2\/product"}],"about":[{"href":"https:\/\/www.bojungle.eu\/cs\/wp-json\/wp\/v2\/types\/product"}],"replies":[{"embeddable":true,"href":"https:\/\/www.bojungle.eu\/cs\/wp-json\/wp\/v2\/comments?post=40792"}],"version-history":[{"count":0,"href":"https:\/\/www.bojungle.eu\/cs\/wp-json\/wp\/v2\/product\/40792\/revisions"}],"wp:featuredmedia":[{"embeddable":true,"href":"https:\/\/www.bojungle.eu\/cs\/wp-json\/wp\/v2\/media\/70039"}],"wp:attachment":[{"href":"https:\/\/www.bojungle.eu\/cs\/wp-json\/wp\/v2\/media?parent=40792"}],"wp:term":[{"taxonomy":"product_brand","embeddable":true,"href":"https:\/\/www.bojungle.eu\/cs\/wp-json\/wp\/v2\/product_brand?post=40792"},{"taxonomy":"product_cat","embeddable":true,"href":"https:\/\/www.bojungle.eu\/cs\/wp-json\/wp\/v2\/product_cat?post=40792"},{"taxonomy":"product_tag","embeddable":true,"href":"https:\/\/www.bojungle.eu\/cs\/wp-json\/wp\/v2\/product_tag?post=40792"},{"taxonomy":"woo-feed-brand","embeddable":true,"href":"https:\/\/www.bojungle.eu\/cs\/wp-json\/wp\/v2\/woo-feed-brand?post=40792"}],"curies":[{"name":"wp","href":"https:\/\/api.w.org\/{rel}","templated":true}]}}