{"id":40807,"date":"2022-05-29T11:53:16","date_gmt":"2022-05-29T09:53:16","guid":{"rendered":"https:\/\/dev.authority.biz\/boj\/product\/b-suction-plate-bear-blue\/"},"modified":"2025-08-07T16:21:50","modified_gmt":"2025-08-07T14:21:50","slug":"b-suction-plate-bear-blue-2","status":"publish","type":"product","link":"https:\/\/www.bojungle.eu\/cs\/produkt\/b-suction-plate-bear-blue-2\/","title":{"rendered":"B-Suction plate Bear Blue"},"content":{"rendered":"<p data-start=\"84\" data-end=\"132\">S tal\u00ed\u0159em Suction Plate Bear u\u017e \u017e\u00e1dn\u00e9 nepo\u0159\u00e1dn\u00e9 j\u00eddlo. Tal\u00ed\u0159 p\u0159ilne k stolu, tak\u017ee ho va\u0161e d\u00edt\u011b nem\u016f\u017ee hodit na zem. M\u00e1 silnou p\u0159\u00edsavku, kter\u00e1 tal\u00ed\u0159 dr\u017e\u00ed na m\u00edst\u011b, zat\u00edmco va\u0161e d\u00edt\u011b j\u00ed.  <\/p>\n<p data-start=\"311\" data-end=\"446\">Je vyroben z m\u011bkk\u00e9ho, bezpe\u010dn\u00e9ho silikonu, je \u0161etrn\u00fd k d\u011btem a snadno se \u010dist\u00ed. Roztomil\u00e9 medv\u011bd\u00ed u\u0161i zp\u0159\u00edjemn\u00ed j\u00eddlo! <\/p>\n<ul>\n<li data-start=\"448\" data-end=\"643\">Dr\u017e\u00ed na m\u00edst\u011b d\u00edky siln\u00e9mu p\u0159is\u00e1t\u00ed<\/li>\n<li data-start=\"448\" data-end=\"643\">Bezpe\u010dn\u00e9 pou\u017eit\u00ed v mikrovlnn\u00e9 troub\u011b a troub\u011b (do 220 \u00b0C)<\/li>\n<li data-start=\"448\" data-end=\"643\">Snadn\u00e9 \u010di\u0161t\u011bn\u00ed \u2013 sta\u010d\u00ed vlo\u017eit do my\u010dky n\u00e1dob\u00ed<\/li>\n<li data-start=\"448\" data-end=\"643\">Vyrobeno ze silikonu<\/li>\n<\/ul>\n<p data-start=\"645\" data-end=\"716\">Skv\u011bl\u00e9 pro ka\u017edodenn\u00ed j\u00eddla a mal\u00e9 ru\u010dky, kter\u00e9 se u\u010d\u00ed j\u00edst samy.<\/p>\n","protected":false},"excerpt":{"rendered":"<p>Sac\u00ed tal\u00ed\u0159 Bear je roztomil\u00fd a praktick\u00fd silikonov\u00fd tal\u00ed\u0159 se silnou p\u0159\u00edsavkou, kter\u00e1 zabra\u0148uje rozlit\u00ed. Lze ho pou\u017e\u00edvat v mikrovlnn\u00e9 troub\u011b, troub\u011b (do 220 \u00b0C) a my\u010dce na n\u00e1dob\u00ed. <\/p>\n","protected":false},"featured_media":72497,"comment_status":"closed","ping_status":"closed","template":"","meta":{"_lmt_disableupdate":"","_lmt_disable":""},"product_brand":[],"product_cat":[561,429,431],"product_tag":[],"woo-feed-brand":[],"class_list":{"0":"post-40807","1":"product","2":"type-product","3":"status-publish","4":"has-post-thumbnail","6":"product_cat-cas-vecere","7":"product_cat-jidlo-a-piti","8":"product_cat-silikonova-rada","10":"first","11":"instock","12":"taxable","13":"shipping-taxable","14":"purchasable","15":"product-type-simple"},"_links":{"self":[{"href":"https:\/\/www.bojungle.eu\/cs\/wp-json\/wp\/v2\/product\/40807","targetHints":{"allow":["GET"]}}],"collection":[{"href":"https:\/\/www.bojungle.eu\/cs\/wp-json\/wp\/v2\/product"}],"about":[{"href":"https:\/\/www.bojungle.eu\/cs\/wp-json\/wp\/v2\/types\/product"}],"replies":[{"embeddable":true,"href":"https:\/\/www.bojungle.eu\/cs\/wp-json\/wp\/v2\/comments?post=40807"}],"version-history":[{"count":1,"href":"https:\/\/www.bojungle.eu\/cs\/wp-json\/wp\/v2\/product\/40807\/revisions"}],"predecessor-version":[{"id":80913,"href":"https:\/\/www.bojungle.eu\/cs\/wp-json\/wp\/v2\/product\/40807\/revisions\/80913"}],"wp:featuredmedia":[{"embeddable":true,"href":"https:\/\/www.bojungle.eu\/cs\/wp-json\/wp\/v2\/media\/72497"}],"wp:attachment":[{"href":"https:\/\/www.bojungle.eu\/cs\/wp-json\/wp\/v2\/media?parent=40807"}],"wp:term":[{"taxonomy":"product_brand","embeddable":true,"href":"https:\/\/www.bojungle.eu\/cs\/wp-json\/wp\/v2\/product_brand?post=40807"},{"taxonomy":"product_cat","embeddable":true,"href":"https:\/\/www.bojungle.eu\/cs\/wp-json\/wp\/v2\/product_cat?post=40807"},{"taxonomy":"product_tag","embeddable":true,"href":"https:\/\/www.bojungle.eu\/cs\/wp-json\/wp\/v2\/product_tag?post=40807"},{"taxonomy":"woo-feed-brand","embeddable":true,"href":"https:\/\/www.bojungle.eu\/cs\/wp-json\/wp\/v2\/woo-feed-brand?post=40807"}],"curies":[{"name":"wp","href":"https:\/\/api.w.org\/{rel}","templated":true}]}}