{"id":40843,"date":"2022-05-29T11:52:36","date_gmt":"2022-05-29T09:52:36","guid":{"rendered":"https:\/\/dev.authority.biz\/boj\/product\/b-strolly-grey-silver-moon-ram-sedaci-jednotka-adaptery-pro-autosedacku-ochrana-proti-desti-kolebka\/"},"modified":"2022-05-29T11:52:36","modified_gmt":"2022-05-29T11:52:36","slug":"b-strolly-grey-silver-moon-frame-seat-unit-car-seat-adapters-rain-protection-cradle-2","status":"publish","type":"product","link":"https:\/\/www.bojungle.eu\/cs\/produkt\/b-strolly-grey-silver-moon-frame-seat-unit-car-seat-adapters-rain-protection-cradle-2\/","title":{"rendered":"B-Strolly Grey Silver Moon (r\u00e1m + sedac\u00ed jednotka + adapt\u00e9ry pro autoseda\u010dku + ochrana proti de\u0161ti + kol\u00e9bka)"},"content":{"rendered":"<ul>\n<li>Seznamte se s ko\u010d\u00e1rkem Bo Jungle Strolly, kter\u00fd nab\u00edz\u00ed bezpe\u010dnostn\u00ed a zdravotn\u00ed prvky pro va\u0161e d\u00edt\u011b, kter\u00e9 jsou k dispozici ve v\u0161ech ko\u010d\u00e1rc\u00edch Bo Jungle. B-Strolly je vhodn\u00fd pro ka\u017ed\u00e9ho. U\u017eijte si jeho jednoduchost a kvalitu.<\/li>\n<li>V jednoduchosti je genialita &#8211; B-Strolly m\u00e1 v\u011bt\u0161inu vlastnost\u00ed ko\u010d\u00e1rk\u016f nejvy\u0161\u0161\u00ed t\u0159\u00eddy, tak\u017ee je pohodln\u00fd a vhodn\u00fd pro ka\u017edodenn\u00ed cesty ve m\u011bst\u011b i v p\u0159\u00edrod\u011b. Podvozek s koly z p\u011bny EVA umo\u017en\u00ed u\u017e\u00edt si j\u00edzdu na atraktivn\u00edch cest\u00e1ch v lese nebo v parku. Nav\u00edc d\u00edky speci\u00e1ln\u00edm v\u00fd\u0161ivk\u00e1m a sv\u011btlo odr\u00e1\u017eej\u00edc\u00edm designov\u00fdm prvk\u016fm je ko\u010d\u00e1rek jedine\u010dn\u00fd a viditeln\u00fd v kteroukoli denn\u00ed dobu. M\u011bkk\u00e1 matrace z kokosov\u00fdch vlo\u010dek a dodate\u010dn\u00e1 ochrana kol\u00e9bky p\u0159ed v\u011btrem vytvo\u0159\u00ed pro va\u0161e d\u00edt\u011b bezpe\u010dn\u00e9 a pohodln\u00e9 prost\u0159ed\u00ed.<\/li>\n<li>Rozm\u011bry (ve slo\u017een\u00e9m stavu): Rozm\u011bry (v rozlo\u017een\u00e9m stavu): 61 cm x 81 cm<\/li>\n<\/ul>\n","protected":false},"excerpt":{"rendered":"<p>V jednoduchosti je genialita<\/p>\n","protected":false},"featured_media":57442,"comment_status":"closed","ping_status":"closed","template":"","meta":{"_lmt_disableupdate":"","_lmt_disable":""},"product_brand":[],"product_cat":[641,1337,627],"product_tag":[],"woo-feed-brand":[],"class_list":{"0":"post-40843","1":"product","2":"type-product","3":"status-publish","4":"has-post-thumbnail","6":"product_cat-kocarky","7":"product_cat-prodej","8":"product_cat-venkovni","10":"first","11":"instock","12":"sale","13":"taxable","14":"shipping-taxable","15":"purchasable","16":"product-type-simple"},"_links":{"self":[{"href":"https:\/\/www.bojungle.eu\/cs\/wp-json\/wp\/v2\/product\/40843","targetHints":{"allow":["GET"]}}],"collection":[{"href":"https:\/\/www.bojungle.eu\/cs\/wp-json\/wp\/v2\/product"}],"about":[{"href":"https:\/\/www.bojungle.eu\/cs\/wp-json\/wp\/v2\/types\/product"}],"replies":[{"embeddable":true,"href":"https:\/\/www.bojungle.eu\/cs\/wp-json\/wp\/v2\/comments?post=40843"}],"version-history":[{"count":0,"href":"https:\/\/www.bojungle.eu\/cs\/wp-json\/wp\/v2\/product\/40843\/revisions"}],"wp:featuredmedia":[{"embeddable":true,"href":"https:\/\/www.bojungle.eu\/cs\/wp-json\/wp\/v2\/media\/57442"}],"wp:attachment":[{"href":"https:\/\/www.bojungle.eu\/cs\/wp-json\/wp\/v2\/media?parent=40843"}],"wp:term":[{"taxonomy":"product_brand","embeddable":true,"href":"https:\/\/www.bojungle.eu\/cs\/wp-json\/wp\/v2\/product_brand?post=40843"},{"taxonomy":"product_cat","embeddable":true,"href":"https:\/\/www.bojungle.eu\/cs\/wp-json\/wp\/v2\/product_cat?post=40843"},{"taxonomy":"product_tag","embeddable":true,"href":"https:\/\/www.bojungle.eu\/cs\/wp-json\/wp\/v2\/product_tag?post=40843"},{"taxonomy":"woo-feed-brand","embeddable":true,"href":"https:\/\/www.bojungle.eu\/cs\/wp-json\/wp\/v2\/woo-feed-brand?post=40843"}],"curies":[{"name":"wp","href":"https:\/\/api.w.org\/{rel}","templated":true}]}}