{"id":40845,"date":"2022-05-29T11:53:13","date_gmt":"2022-05-29T09:53:13","guid":{"rendered":"https:\/\/dev.authority.biz\/boj\/product\/b-submarine-silicone-yellow\/"},"modified":"2022-05-29T11:53:13","modified_gmt":"2022-05-29T11:53:13","slug":"b-podmorsky-kremik-zluty","status":"publish","type":"product","link":"https:\/\/www.bojungle.eu\/cs\/produkt\/b-podmorsky-kremik-zluty\/","title":{"rendered":"B-Submarine Silicone Yellow"},"content":{"rendered":"<div id=\"description\" class=\"tab-pane fade in active\" role=\"tabpanel\">\n<div class=\"product-description\">\n<ul>\n<li>Na\u0161e silikonov\u00e1 ponorka stimuluje smysly pro kous\u00e1n\u00ed i uchopen\u00ed. Zaji\u0161\u0165uje, \u017ee bolest a nepohodl\u00ed p\u0159i pro\u0159ez\u00e1v\u00e1n\u00ed zub\u016f jsou do takov\u00e9 m\u00edry zm\u00edrn\u011bny, a tak\u00e9 stimuluje rty a jazyk d\u00edky r\u016fzn\u00fdm kousac\u00edm ploch\u00e1m. Zuby se mas\u00edruj\u00ed a tak\u00e9 se zm\u011bk\u010duj\u00ed d\u00e1sn\u011b. Ide\u00e1ln\u00ed pro mal\u00e9 ruce a p\u0159ich\u00e1zej\u00edc\u00ed zuby!<\/li>\n<li>Snadn\u00e1 \u00fadr\u017eba, lze pr\u00e1t v pra\u010dce<\/li>\n<li>Vyrobeno ze silikonu<\/li>\n<\/ul>\n<p>&nbsp;<\/p>\n<\/div>\n<\/div>\n<div id=\"product-details\" class=\"tab-pane fade\" style=\"box-sizing: inherit; opacity: 1; transition: opacity 0.15s linear 0s; display: block; margin-bottom: 20px; color: #000000; font-family: Roboto, Arial, Helvetica, sans-serif; font-size: 13px; font-style: normal; font-variant-ligatures: normal; font-variant-caps: normal; font-weight: 400; letter-spacing: normal; orphans: 2; text-align: start; text-indent: 0px; text-transform: none; white-space: normal; widows: 2; word-spacing: 0px; -webkit-text-stroke-width: 0px; background-color: #ffffff; text-decoration-thickness: initial; text-decoration-style: initial; text-decoration-color: initial;\" role=\"tabpanel\" data-product=\"{\"id_shop_default\":\"1\",\"id_manufacturer\":\"1\",\"id_supplier\":\"2\",\"reference\":\"B910450\",\"is_virtual\":\"0\",\"delivery_in_stock\":\"\",\"delivery_out_stock\":\"\",\"id_category_default\":\"11\",\"on_sale\":\"0\",\"online_only\":\"1\",\"ecotax\":0,\"minimal_quantity\":\"1\",\"low_stock_threshold\":null,\"low_stock_alert\":\"0\",\"price\":\"\\u20ac8.26\",\"unity\":\"\",\"unit_price_ratio\":\"0.000000\",\"additional_shipping_cost\":\"0.000000\",\"customizable\":\"0\",\"text_fields\":\"0\",\"uploadable_files\":\"0\",\"redirect_type\":\"404\",\"id_type_redirected\":\"0\",\"available_for_order\":\"1\",\"available_date\":\"2020-01-31\",\"show_condition\":\"1\",\"condition\":\"new\",\"show_price\":\"1\",\"indexed\":\"1\",\"visibility\":\"both\",\"cache_default_attribute\":\"0\",\"advanced_stock_management\":\"0\",\"date_add\":\"2020-10-23 11:41:57\",\"date_upd\":\"2021-12-07 10:36:56\",\"pack_stock_type\":\"0\",\"meta_description\":\"Discover our B-Silicone Yellow Submarine from the product range: Playing | Bo Jungle\",\"meta_keywords\":\"\",\"meta_title\":\"B-Silicone Yellow Submarine | Bo Jungle\",\"link_rewrite\":\"b-silicone-yellow-submarine\",\"name\":\"B-Silicone Yellow Submarine\",\"description\":\"&lt;encoded_tag_open \/&gt;ul&lt;encoded_tag_closed \/&gt;\\r\\n&lt;encoded_tag_open \/&gt;ul&lt;encoded_tag_closed \/&gt;\\r\\n&lt;encoded_tag_open \/&gt;li&lt;encoded_tag_closed \/&gt;Our silicone\\u00a0submarine\\u00a0stimulates both bites and gripping senses. It ensures that the pain and discomfort of passing teeth are softened to such an extent and also stimulates the lips and tongue because of its different bite surfaces. The teeth are massaged and it also softens the gums. Ideal for small hands and coming teeth!&lt;encoded_tag_open \/&gt;\\\/li&lt;encoded_tag_closed \/&gt;\\r\\n&lt;encoded_tag_open \/&gt;li&lt;encoded_tag_closed \/&gt;Easy to maintain, machine washable&lt;encoded_tag_open \/&gt;\\\/li&lt;encoded_tag_closed \/&gt;\\r\\n&lt;encoded_tag_open \/&gt;li&lt;encoded_tag_closed \/&gt;Made in silicone&lt;encoded_tag_open \/&gt;\\\/li&lt;encoded_tag_closed \/&gt;\\r\\n&lt;encoded_tag_open \/&gt;\\\/ul&lt;encoded_tag_closed \/&gt;\\r\\n&lt;encoded_tag_open \/&gt;\\\/ul&lt;encoded_tag_closed \/&gt;\\r\\n&lt;encoded_tag_open \/&gt;p&lt;encoded_tag_closed \/&gt;&lt;encoded_tag_open \/&gt;\\\/p&lt;encoded_tag_closed \/&gt;\",\"description_short\":\"&lt;encoded_tag_open \/&gt;p&lt;encoded_tag_closed \/&gt;B-Silicone Yellow Submarine&lt;encoded_tag_open \/&gt;\\\/p&lt;encoded_tag_closed \/&gt;\",\"available_now\":\"\",\"available_later\":\"\",\"id\":972,\"id_product\":972,\"out_of_stock\":0,\"new\":0,\"id_product_attribute\":\"0\",\"quantity_wanted\":1,\"extraContent\":[],\"allow_oosp\":true,\"category\":\"playing\",\"category_name\":\"Playing\",\"link\":\"https:\\\/\\\/bojungle.eu\\\/gb\\\/playing\\\/972-b-silicone-yellow-submarine-1703739104009.html\",\"attribute_price\":0,\"price_tax_exc\":8.256198,\"price_without_reduction\":8.256198,\"reduction\":0,\"specific_prices\":[],\"quantity\":0,\"quantity_all_versions\":0,\"id_image\":\"gb-default\",\"features\":[],\"attachments\":[],\"virtual\":0,\"pack\":0,\"packItems\":[],\"nopackprice\":0,\"customization_required\":false,\"rate\":0,\"tax_name\":\"\",\"ecotax_rate\":0,\"unit_price\":\"\",\"customizations\":{\"fields\":[]},\"id_customization\":0,\"is_customizable\":false,\"show_quantities\":false,\"quantity_label\":\"Item\",\"quantity_discounts\":[],\"customer_group_discount\":0,\"images\":[{\"bySize\":{\"small_default\":{\"url\":\"https:\\\/\\\/bojungle.eu\\\/2740-small_default\\\/b-silicone-yellow-submarine.jpg\",\"width\":98,\"height\":98},\"cart_default\":{\"url\":\"https:\\\/\\\/bojungle.eu\\\/2740-cart_default\\\/b-silicone-yellow-submarine.jpg\",\"width\":125,\"height\":125},\"home_default\":{\"url\":\"https:\\\/\\\/bojungle.eu\\\/2740-home_default\\\/b-silicone-yellow-submarine.jpg\",\"width\":259,\"height\":259},\"medium_default\":{\"url\":\"https:\\\/\\\/bojungle.eu\\\/2740-medium_default\\\/b-silicone-yellow-submarine.jpg\",\"width\":452,\"height\":452},\"large_default\":{\"url\":\"https:\\\/\\\/bojungle.eu\\\/2740-large_default\\\/b-silicone-yellow-submarine.jpg\",\"width\":800,\"height\":800}},\"small\":{\"url\":\"https:\\\/\\\/bojungle.eu\\\/2740-small_default\\\/b-silicone-yellow-submarine.jpg\",\"width\":98,\"height\":98},\"medium\":{\"url\":\"https:\\\/\\\/bojungle.eu\\\/2740-home_default\\\/b-silicone-yellow-submarine.jpg\",\"width\":259,\"height\":259},\"large\":{\"url\":\"https:\\\/\\\/bojungle.eu\\\/2740-large_default\\\/b-silicone-yellow-submarine.jpg\",\"width\":800,\"height\":800},\"legend\":\"\",\"id_image\":\"2740\",\"cover\":\"1\",\"position\":\"1\",\"associatedVariants\":[]}],\"cover\":{\"bySize\":{\"small_default\":{\"url\":\"https:\\\/\\\/bojungle.eu\\\/2740-small_default\\\/b-silicone-yellow-submarine.jpg\",\"width\":98,\"height\":98},\"cart_default\":{\"url\":\"https:\\\/\\\/bojungle.eu\\\/2740-cart_default\\\/b-silicone-yellow-submarine.jpg\",\"width\":125,\"height\":125},\"home_default\":{\"url\":\"https:\\\/\\\/bojungle.eu\\\/2740-home_default\\\/b-silicone-yellow-submarine.jpg\",\"width\":259,\"height\":259},\"medium_default\":{\"url\":\"https:\\\/\\\/bojungle.eu\\\/2740-medium_default\\\/b-silicone-yellow-submarine.jpg\",\"width\":452,\"height\":452},\"large_default\":{\"url\":\"https:\\\/\\\/bojungle.eu\\\/2740-large_default\\\/b-silicone-yellow-submarine.jpg\",\"width\":800,\"height\":800}},\"small\":{\"url\":\"https:\\\/\\\/bojungle.eu\\\/2740-small_default\\\/b-silicone-yellow-submarine.jpg\",\"width\":98,\"height\":98},\"medium\":{\"url\":\"https:\\\/\\\/bojungle.eu\\\/2740-home_default\\\/b-silicone-yellow-submarine.jpg\",\"width\":259,\"height\":259},\"large\":{\"url\":\"https:\\\/\\\/bojungle.eu\\\/2740-large_default\\\/b-silicone-yellow-submarine.jpg\",\"width\":800,\"height\":800},\"legend\":\"\",\"id_image\":\"2740\",\"cover\":\"1\",\"position\":\"1\",\"associatedVariants\":[]},\"has_discount\":false,\"discount_type\":null,\"discount_percentage\":null,\"discount_percentage_absolute\":null,\"discount_amount\":null,\"discount_amount_to_display\":null,\"price_amount\":8.26,\"unit_price_full\":\"\",\"show_availability\":false,\"availability_message\":null,\"availability_date\":null,\"availability\":null}\"><\/div>\n","protected":false},"excerpt":{"rendered":"<p>Na\u0161e silikonov\u00e1 ponorka stimuluje smysly pro kous\u00e1n\u00ed i uchopen\u00ed. Zaji\u0161\u0165uje, \u017ee bolest a nepohodl\u00ed p\u0159i pro\u0159ez\u00e1v\u00e1n\u00ed zub\u016f jsou do takov\u00e9 m\u00edry zm\u00edrn\u011bny, a tak\u00e9 stimuluje rty a jazyk d\u00edky r\u016fzn\u00fdm kousac\u00edm ploch\u00e1m. Zuby se mas\u00edruj\u00ed a tak\u00e9 se zm\u011bk\u010duj\u00ed d\u00e1sn\u011b. Ide\u00e1ln\u00ed pro mal\u00e9 ruce a p\u0159ich\u00e1zej\u00edc\u00ed zuby!<\/p>\n","protected":false},"featured_media":73172,"comment_status":"closed","ping_status":"closed","template":"","meta":{"_lmt_disableupdate":"","_lmt_disable":""},"product_brand":[],"product_cat":[599,471,489],"product_tag":[],"woo-feed-brand":[],"class_list":{"0":"post-40845","1":"product","2":"type-product","3":"status-publish","4":"has-post-thumbnail","6":"product_cat-hracky-na-kousani","7":"product_cat-playtime-cs","8":"product_cat-silikonove-hracky","10":"first","11":"instock","12":"taxable","13":"shipping-taxable","14":"purchasable","15":"product-type-simple"},"_links":{"self":[{"href":"https:\/\/www.bojungle.eu\/cs\/wp-json\/wp\/v2\/product\/40845","targetHints":{"allow":["GET"]}}],"collection":[{"href":"https:\/\/www.bojungle.eu\/cs\/wp-json\/wp\/v2\/product"}],"about":[{"href":"https:\/\/www.bojungle.eu\/cs\/wp-json\/wp\/v2\/types\/product"}],"replies":[{"embeddable":true,"href":"https:\/\/www.bojungle.eu\/cs\/wp-json\/wp\/v2\/comments?post=40845"}],"version-history":[{"count":0,"href":"https:\/\/www.bojungle.eu\/cs\/wp-json\/wp\/v2\/product\/40845\/revisions"}],"wp:featuredmedia":[{"embeddable":true,"href":"https:\/\/www.bojungle.eu\/cs\/wp-json\/wp\/v2\/media\/73172"}],"wp:attachment":[{"href":"https:\/\/www.bojungle.eu\/cs\/wp-json\/wp\/v2\/media?parent=40845"}],"wp:term":[{"taxonomy":"product_brand","embeddable":true,"href":"https:\/\/www.bojungle.eu\/cs\/wp-json\/wp\/v2\/product_brand?post=40845"},{"taxonomy":"product_cat","embeddable":true,"href":"https:\/\/www.bojungle.eu\/cs\/wp-json\/wp\/v2\/product_cat?post=40845"},{"taxonomy":"product_tag","embeddable":true,"href":"https:\/\/www.bojungle.eu\/cs\/wp-json\/wp\/v2\/product_tag?post=40845"},{"taxonomy":"woo-feed-brand","embeddable":true,"href":"https:\/\/www.bojungle.eu\/cs\/wp-json\/wp\/v2\/woo-feed-brand?post=40845"}],"curies":[{"name":"wp","href":"https:\/\/api.w.org\/{rel}","templated":true}]}}