{"id":40876,"date":"2022-05-29T11:49:08","date_gmt":"2022-05-29T09:49:08","guid":{"rendered":"https:\/\/dev.authority.biz\/boj\/product\/stolicka-b-step-up-grey\/"},"modified":"2025-02-10T15:15:57","modified_gmt":"2025-02-10T14:15:57","slug":"b-step-up-stool-grey-2","status":"publish","type":"product","link":"https:\/\/www.bojungle.eu\/cs\/produkt\/b-step-up-stool-grey-2\/","title":{"rendered":"Stoli\u010dka Step up \u0161ed\u00e1"},"content":{"rendered":"<p>Stoli\u010dka Bo Jungle Step-Up v \u0161ed\u00e9 barv\u011b je ide\u00e1ln\u00ed pro batolata, kter\u00e1 se u\u010d\u00ed chodit na no\u010dn\u00edk nebo pot\u0159ebuj\u00ed pomoci dos\u00e1hnout na umyvadlo. Je bezpe\u010dn\u00e1 d\u00edky bezpe\u010dn\u00e9mu uzamykac\u00edmu syst\u00e9mu a protiskluzov\u00fdm no\u017ei\u010dk\u00e1m, kter\u00e9 ji udr\u017euj\u00ed stabiln\u00ed p\u0159i pou\u017e\u00edv\u00e1n\u00ed. <\/p>\n<p>Tato stoli\u010dka m\u00e1 nastavitelnou v\u00fd\u0161ku (15 cm &#8211; 26 cm), tak\u017ee roste s va\u0161\u00edm d\u00edt\u011btem. Je lehk\u00e1 a dod\u00e1v\u00e1 se s transportn\u00edm madlem, tak\u017ee se snadno p\u0159en\u00e1\u0161\u00ed. Nav\u00edc se snadno \u010dist\u00ed, tak\u017ee v\u00e1\u0161 domov z\u016fstane \u010dist\u00fd.  <\/p>\n<p>D\u00edky sv\u00e9mu modern\u00edmu, \u010dist\u00e9mu designu vypad\u00e1 stoli\u010dka Bo Jungle Step-Up skv\u011ble v ka\u017ed\u00e9m pokoji. Unese a\u017e 150 kg, tak\u017ee je dostate\u010dn\u011b siln\u00e1 pro ka\u017ed\u00e9ho \u010dlena rodiny. <\/p>\n<p>Bezpe\u010dn\u00e1, praktick\u00e1 a stylov\u00e1 stoli\u010dka Bo Jungle Step-Up je nezbytnou sou\u010d\u00e1st\u00ed ka\u017ed\u00e9 dom\u00e1cnosti.<\/p>\n","protected":false},"excerpt":{"rendered":"<div class=\"flex-1 overflow-hidden @container\/thread translate-y-[1.5rem] -mt-[1.5rem] pb-[1.5rem]\">\n<div class=\"h-full\">\n<div class=\"react-scroll-to-bottom--css-wjdla-79elbk h-full\">\n<div class=\"react-scroll-to-bottom--css-wjdla-1n7m0yu\">\n<div class=\"flex flex-col text-sm\">\n<article class=\"w-full text-token-text-primary focus-visible:outline-2 focus-visible:outline-offset-[-4px]\" dir=\"auto\" data-testid=\"conversation-turn-7\" data-scroll-anchor=\"true\">\n<div class=\"m-auto text-base py-[18px] px-6\">\n<div class=\"mx-auto flex flex-1 gap-4 text-base md:gap-5 lg:gap-6 md:max-w-3xl\">\n<div class=\"group\/conversation-turn relative flex w-full min-w-0 flex-col agent-turn @xs\/thread:px-0 @sm\/thread:px-1.5 @md\/thread:px-4\">\n<div class=\"flex-col gap-1 md:gap-3\">\n<div class=\"flex max-w-full flex-col flex-grow\">\n<div class=\"min-h-8 text-message flex w-full flex-col items-end gap-2 whitespace-normal break-words text-start [.text-message+&amp;]:mt-5\" dir=\"auto\" data-message-author-role=\"assistant\" data-message-id=\"b4871a3b-8d97-4bd5-9e52-52989dc4a866\" data-message-model-slug=\"gpt-4o-mini\">\n<div class=\"flex w-full flex-col gap-1 empty:hidden first:pt-[3px]\">\n<div class=\"markdown prose w-full break-words dark:prose-invert light\">\n<p>Stoli\u010dka Bo Jungle Step-Up v \u0161ed\u00e9 barv\u011b je ide\u00e1ln\u00ed pro batolata, pom\u00e1h\u00e1 p\u0159i u\u010den\u00ed na no\u010dn\u00edk a dosahov\u00e1n\u00ed k umyvadlu. Je bezpe\u010dn\u00e1, lehk\u00e1 a snadno p\u0159enosn\u00e1, s bezpe\u010dn\u00fdm syst\u00e9mem zamyk\u00e1n\u00ed a protiskluzov\u00fdmi no\u017ei\u010dkami. D\u00edky nastaviteln\u00e9 v\u00fd\u0161ce (15 cm &#8211; 26 cm) roste s va\u0161\u00edm d\u00edt\u011btem a unese a\u017e 150 kg. D\u00edky modern\u00edmu designu a snadno \u010distiteln\u00e9mu povrchu je dokonal\u00fdm dopl\u0148kem ka\u017ed\u00e9 dom\u00e1cnosti!   <\/p>\n<\/div>\n<\/div>\n<\/div>\n<\/div>\n<\/div>\n<\/div>\n<\/div>\n<\/div>\n<\/article>\n<\/div>\n<\/div>\n<\/div>\n<\/div>\n<\/div>\n","protected":false},"featured_media":69689,"comment_status":"closed","ping_status":"closed","template":"","meta":{"_lmt_disableupdate":"","_lmt_disable":""},"product_brand":[],"product_cat":[506,547],"product_tag":[],"woo-feed-brand":[],"class_list":{"0":"post-40876","1":"product","2":"type-product","3":"status-publish","4":"has-post-thumbnail","6":"product_cat-pece-o-telo","7":"product_cat-toaletni-potreby","9":"first","10":"instock","11":"taxable","12":"shipping-taxable","13":"purchasable","14":"product-type-simple"},"_links":{"self":[{"href":"https:\/\/www.bojungle.eu\/cs\/wp-json\/wp\/v2\/product\/40876","targetHints":{"allow":["GET"]}}],"collection":[{"href":"https:\/\/www.bojungle.eu\/cs\/wp-json\/wp\/v2\/product"}],"about":[{"href":"https:\/\/www.bojungle.eu\/cs\/wp-json\/wp\/v2\/types\/product"}],"replies":[{"embeddable":true,"href":"https:\/\/www.bojungle.eu\/cs\/wp-json\/wp\/v2\/comments?post=40876"}],"version-history":[{"count":1,"href":"https:\/\/www.bojungle.eu\/cs\/wp-json\/wp\/v2\/product\/40876\/revisions"}],"predecessor-version":[{"id":79024,"href":"https:\/\/www.bojungle.eu\/cs\/wp-json\/wp\/v2\/product\/40876\/revisions\/79024"}],"wp:featuredmedia":[{"embeddable":true,"href":"https:\/\/www.bojungle.eu\/cs\/wp-json\/wp\/v2\/media\/69689"}],"wp:attachment":[{"href":"https:\/\/www.bojungle.eu\/cs\/wp-json\/wp\/v2\/media?parent=40876"}],"wp:term":[{"taxonomy":"product_brand","embeddable":true,"href":"https:\/\/www.bojungle.eu\/cs\/wp-json\/wp\/v2\/product_brand?post=40876"},{"taxonomy":"product_cat","embeddable":true,"href":"https:\/\/www.bojungle.eu\/cs\/wp-json\/wp\/v2\/product_cat?post=40876"},{"taxonomy":"product_tag","embeddable":true,"href":"https:\/\/www.bojungle.eu\/cs\/wp-json\/wp\/v2\/product_tag?post=40876"},{"taxonomy":"woo-feed-brand","embeddable":true,"href":"https:\/\/www.bojungle.eu\/cs\/wp-json\/wp\/v2\/woo-feed-brand?post=40876"}],"curies":[{"name":"wp","href":"https:\/\/api.w.org\/{rel}","templated":true}]}}