{"id":40927,"date":"2022-05-29T11:49:08","date_gmt":"2022-05-29T09:49:08","guid":{"rendered":"https:\/\/dev.authority.biz\/boj\/product\/b-stroller-liner-tyrkysova\/"},"modified":"2022-05-29T11:49:08","modified_gmt":"2022-05-29T11:49:08","slug":"b-stroller-liner-turquoise-2","status":"publish","type":"product","link":"https:\/\/www.bojungle.eu\/cs\/produkt\/b-stroller-liner-turquoise-2\/","title":{"rendered":"B-Stroller liner Tyrkysov\u00e1"},"content":{"rendered":"<ul>\n<li>Proto\u017ee i v\u011bt\u0161\u00ed d\u011bti nebo d\u011bti, kter\u00e9 ji\u017e mohou sed\u011bt v ko\u010d\u00e1rku, si zaslou\u017e\u00ed m\u00edt to nejlep\u0161\u00ed.<\/li>\n<li>Vlo\u017eka se super m\u011bkkou zimn\u00ed stranou a absorp\u010dn\u00ed letn\u00ed stranou<\/li>\n<li>S otvory pro bezpe\u010dnostn\u00ed p\u00e1sy<\/li>\n<li>Lze pr\u00e1t v pra\u010dce<\/li>\n<\/ul>\n","protected":false},"excerpt":{"rendered":"<p>Vlo\u017eka se super m\u011bkkou zimn\u00ed stranou a absorp\u010dn\u00ed letn\u00ed stranou<\/p>\n","protected":false},"featured_media":68406,"comment_status":"closed","ping_status":"closed","template":"","meta":{"_lmt_disableupdate":"","_lmt_disable":""},"product_brand":[],"product_cat":[627,628],"product_tag":[],"woo-feed-brand":[],"class_list":{"0":"post-40927","1":"product","2":"type-product","3":"status-publish","4":"has-post-thumbnail","6":"product_cat-venkovni","7":"product_cat-venkovni-prislusenstvi","9":"first","10":"instock","11":"taxable","12":"shipping-taxable","13":"purchasable","14":"product-type-simple"},"_links":{"self":[{"href":"https:\/\/www.bojungle.eu\/cs\/wp-json\/wp\/v2\/product\/40927","targetHints":{"allow":["GET"]}}],"collection":[{"href":"https:\/\/www.bojungle.eu\/cs\/wp-json\/wp\/v2\/product"}],"about":[{"href":"https:\/\/www.bojungle.eu\/cs\/wp-json\/wp\/v2\/types\/product"}],"replies":[{"embeddable":true,"href":"https:\/\/www.bojungle.eu\/cs\/wp-json\/wp\/v2\/comments?post=40927"}],"version-history":[{"count":0,"href":"https:\/\/www.bojungle.eu\/cs\/wp-json\/wp\/v2\/product\/40927\/revisions"}],"wp:featuredmedia":[{"embeddable":true,"href":"https:\/\/www.bojungle.eu\/cs\/wp-json\/wp\/v2\/media\/68406"}],"wp:attachment":[{"href":"https:\/\/www.bojungle.eu\/cs\/wp-json\/wp\/v2\/media?parent=40927"}],"wp:term":[{"taxonomy":"product_brand","embeddable":true,"href":"https:\/\/www.bojungle.eu\/cs\/wp-json\/wp\/v2\/product_brand?post=40927"},{"taxonomy":"product_cat","embeddable":true,"href":"https:\/\/www.bojungle.eu\/cs\/wp-json\/wp\/v2\/product_cat?post=40927"},{"taxonomy":"product_tag","embeddable":true,"href":"https:\/\/www.bojungle.eu\/cs\/wp-json\/wp\/v2\/product_tag?post=40927"},{"taxonomy":"woo-feed-brand","embeddable":true,"href":"https:\/\/www.bojungle.eu\/cs\/wp-json\/wp\/v2\/woo-feed-brand?post=40927"}],"curies":[{"name":"wp","href":"https:\/\/api.w.org\/{rel}","templated":true}]}}