{"id":40972,"date":"2022-05-29T11:49:07","date_gmt":"2022-05-29T09:49:07","guid":{"rendered":"https:\/\/dev.authority.biz\/boj\/product\/b-silikonova-sada-lzice-vidlicka-nuz-seda\/"},"modified":"2025-05-14T11:54:17","modified_gmt":"2025-05-14T09:54:17","slug":"b-silikonova-lzice-sada-vidlicovych-nozu-seda","status":"publish","type":"product","link":"https:\/\/www.bojungle.eu\/cs\/produkt\/b-silikonova-lzice-sada-vidlicovych-nozu-seda\/","title":{"rendered":"Sada silikonov\u00e9 l\u017e\u00edce, vidli\u010dky a no\u017ee \u0161ed\u00e1"},"content":{"rendered":"<p data-pm-slice=\"1 1 []\">S na\u0161\u00ed silikonovou sadou l\u017ei\u010dka-vidli\u010dka-n\u016f\u017e, kter\u00e1 je ide\u00e1ln\u00ed d\u011btskou sadou p\u0159\u00edbor\u016f pro mal\u00e9 ruce, bude stolov\u00e1n\u00ed z\u00e1bavn\u00e9 a bezpe\u010dn\u00e9. Tato rozko\u0161n\u00e1 sada obsahuje l\u017e\u00edci, vidli\u010dku a n\u016f\u017e, kter\u00e9 jsou vyrobeny z potravin\u00e1\u0159sk\u00e9 silikonov\u00e9 gumy. Ergonomick\u00e9 rukojeti jsou navr\u017eeny pro snadn\u00e9 uchopen\u00ed a jsou speci\u00e1ln\u011b tvarovan\u00e9 pro drobn\u00e9 prst\u00edky, \u010d\u00edm\u017e podporuj\u00ed samostatn\u00e9 krmen\u00ed a buduj\u00ed d\u016fv\u011bru mal\u00fdch d\u011bt\u00ed. Sada je odoln\u00e1, lehk\u00e1 a \u0161etrn\u00e1 k citliv\u00fdm d\u00e1sn\u00edm, tak\u017ee je ide\u00e1ln\u00ed volbou pro batolata a mal\u00e9 d\u011bti, kter\u00e9 se u\u010d\u00ed samostatn\u011b j\u00edst.   <\/p>\n<p>Kl\u00ed\u010dov\u00e9 vlastnosti:<\/p>\n<ul data-spread=\"false\">\n<li><strong>Design vhodn\u00fd pro d\u011bti:<\/strong> M\u011bkk\u00e9 zaoblen\u00e9 hrany a hladk\u00fd silikonov\u00fd materi\u00e1l zaji\u0161\u0165uj\u00ed bezpe\u010dn\u00e9 a pohodln\u00e9 pou\u017e\u00edv\u00e1n\u00ed.<\/li>\n<li><strong>Snadno uchopiteln\u00e9 rukojeti:<\/strong> Speci\u00e1ln\u011b navr\u017een\u00e9 pro mal\u00e9 ruce, kter\u00e9 podporuj\u00ed samostatn\u00e9 krmen\u00ed.<\/li>\n<li><strong>Vysoce kvalitn\u00ed materi\u00e1l: <\/strong>Vyrobeno z potravin\u00e1\u0159sk\u00e9ho silikonu bez obsahu BPA, kter\u00fd zaji\u0161\u0165uje bezpe\u010dnost a trvanlivost.<\/li>\n<li><strong>Z\u00e1\u0159iv\u00e9 barvy:<\/strong> K dispozici jsou vesel\u00e9, hrav\u00e9 barvy, kter\u00e9 zaujmou a pot\u011b\u0161\u00ed mal\u00e9 jedl\u00edky.<\/li>\n<li><strong>Lze m\u00fdt v my\u010dce n\u00e1dob\u00ed:<\/strong> Snadn\u00e9 \u010di\u0161t\u011bn\u00ed a \u00fadr\u017eba pro zanepr\u00e1zdn\u011bn\u00e9 rodi\u010de.<\/li>\n<\/ul>\n<p>Se sadou silikonov\u00fdch l\u017ei\u010dek, vidli\u010dek a no\u017e\u016f, praktickou a hravou sadou d\u011btsk\u00fdch p\u0159\u00edbor\u016f ur\u010denou pro mal\u00e9 ruce a rostouc\u00ed chut\u011b, bude ka\u017ed\u00e9 sousto z\u00e1bavou.<\/p>\n","protected":false},"excerpt":{"rendered":"<p>S na\u0161\u00ed silikonovou sadou l\u017ei\u010dka-vidli\u010dka-n\u016f\u017e, kter\u00e1 je ide\u00e1ln\u00edm d\u011btsk\u00fdm p\u0159\u00edborem pro mal\u00e9 ruce, bude stolov\u00e1n\u00ed snadn\u00e9 a z\u00e1bavn\u00e9. Tato odoln\u00e1 sada je vyrobena z potravin\u00e1\u0159sk\u00e9ho silikonu bez obsahu BPA, je m\u011bkk\u00e1, bezpe\u010dn\u00e1 a snadno uchopiteln\u00e1 a pom\u00e1h\u00e1 mal\u00fdm d\u011btem nau\u010dit se j\u00edst samostatn\u011b. <\/p>\n","protected":false},"featured_media":72336,"comment_status":"closed","ping_status":"closed","template":"","meta":{"_lmt_disableupdate":"","_lmt_disable":""},"product_brand":[],"product_cat":[561,429,431],"product_tag":[],"woo-feed-brand":[],"class_list":{"0":"post-40972","1":"product","2":"type-product","3":"status-publish","4":"has-post-thumbnail","6":"product_cat-cas-vecere","7":"product_cat-jidlo-a-piti","8":"product_cat-silikonova-rada","10":"first","11":"instock","12":"taxable","13":"shipping-taxable","14":"purchasable","15":"product-type-simple"},"_links":{"self":[{"href":"https:\/\/www.bojungle.eu\/cs\/wp-json\/wp\/v2\/product\/40972","targetHints":{"allow":["GET"]}}],"collection":[{"href":"https:\/\/www.bojungle.eu\/cs\/wp-json\/wp\/v2\/product"}],"about":[{"href":"https:\/\/www.bojungle.eu\/cs\/wp-json\/wp\/v2\/types\/product"}],"replies":[{"embeddable":true,"href":"https:\/\/www.bojungle.eu\/cs\/wp-json\/wp\/v2\/comments?post=40972"}],"version-history":[{"count":1,"href":"https:\/\/www.bojungle.eu\/cs\/wp-json\/wp\/v2\/product\/40972\/revisions"}],"predecessor-version":[{"id":79673,"href":"https:\/\/www.bojungle.eu\/cs\/wp-json\/wp\/v2\/product\/40972\/revisions\/79673"}],"wp:featuredmedia":[{"embeddable":true,"href":"https:\/\/www.bojungle.eu\/cs\/wp-json\/wp\/v2\/media\/72336"}],"wp:attachment":[{"href":"https:\/\/www.bojungle.eu\/cs\/wp-json\/wp\/v2\/media?parent=40972"}],"wp:term":[{"taxonomy":"product_brand","embeddable":true,"href":"https:\/\/www.bojungle.eu\/cs\/wp-json\/wp\/v2\/product_brand?post=40972"},{"taxonomy":"product_cat","embeddable":true,"href":"https:\/\/www.bojungle.eu\/cs\/wp-json\/wp\/v2\/product_cat?post=40972"},{"taxonomy":"product_tag","embeddable":true,"href":"https:\/\/www.bojungle.eu\/cs\/wp-json\/wp\/v2\/product_tag?post=40972"},{"taxonomy":"woo-feed-brand","embeddable":true,"href":"https:\/\/www.bojungle.eu\/cs\/wp-json\/wp\/v2\/woo-feed-brand?post=40972"}],"curies":[{"name":"wp","href":"https:\/\/api.w.org\/{rel}","templated":true}]}}