{"id":41005,"date":"2022-05-29T11:49:06","date_gmt":"2022-05-29T09:49:06","guid":{"rendered":"https:\/\/dev.authority.biz\/boj\/product\/b-silikonove-krouzky-6-ks\/"},"modified":"2022-05-29T11:49:06","modified_gmt":"2022-05-29T11:49:06","slug":"b-kremikove-krouzky-6-ks","status":"publish","type":"product","link":"https:\/\/www.bojungle.eu\/cs\/produkt\/b-kremikove-krouzky-6-ks\/","title":{"rendered":"B-silikonov\u00e9 krou\u017eky (6 ks)"},"content":{"rendered":"<ul>\n<li>Tyto silikonov\u00e9 krou\u017eky v m\u00f3dn\u00edch barv\u00e1ch budou va\u0161e d\u00edt\u011b v\u0161ude doprov\u00e1zet.<\/li>\n<li>D\u00edt\u011b je m\u016f\u017ee \u017ev\u00fdkat, aby si uklidnilo d\u00e1sn\u011b p\u0159i pro\u0159ez\u00e1v\u00e1n\u00ed zoubk\u016f, a jejich skl\u00e1d\u00e1n\u00edm si rozv\u00edj\u00ed motoriku.<\/li>\n<li>Tyto krou\u017eky jsou v\u0161ak tak\u00e9 velmi praktick\u00e9 pro p\u0159ipevn\u011bn\u00ed hra\u010dek a ply\u0161\u00e1k\u016f, aby nevypadly z ko\u010d\u00e1rku, nebo pro jejich p\u0159iv\u00e1z\u00e1n\u00ed v ohr\u00e1dce.<\/li>\n<li>Pro dokonalou hygienu lze tuto hra\u010dku m\u00fdt v my\u010dce n\u00e1dob\u00ed a sterilizovat.<\/li>\n<li>Vysoce kvalitn\u00ed silikonov\u00e1 hra\u010dka.<\/li>\n<\/ul>\n","protected":false},"excerpt":{"rendered":"<p>Tyto silikonov\u00e9 krou\u017eky v m\u00f3dn\u00edch barv\u00e1ch budou va\u0161e d\u00edt\u011b v\u0161ude doprov\u00e1zet.<\/p>\n<p>&nbsp;<\/p>\n","protected":false},"featured_media":84846,"comment_status":"closed","ping_status":"closed","template":"","meta":{"_lmt_disableupdate":"","_lmt_disable":""},"product_brand":[],"product_cat":[471,489,485],"product_tag":[],"woo-feed-brand":[],"class_list":{"0":"post-41005","1":"product","2":"type-product","3":"status-publish","4":"has-post-thumbnail","6":"product_cat-playtime-cs","7":"product_cat-silikonove-hracky","8":"product_cat-zavesne-hracky","10":"first","11":"instock","12":"taxable","13":"shipping-taxable","14":"purchasable","15":"product-type-simple"},"_links":{"self":[{"href":"https:\/\/www.bojungle.eu\/cs\/wp-json\/wp\/v2\/product\/41005","targetHints":{"allow":["GET"]}}],"collection":[{"href":"https:\/\/www.bojungle.eu\/cs\/wp-json\/wp\/v2\/product"}],"about":[{"href":"https:\/\/www.bojungle.eu\/cs\/wp-json\/wp\/v2\/types\/product"}],"replies":[{"embeddable":true,"href":"https:\/\/www.bojungle.eu\/cs\/wp-json\/wp\/v2\/comments?post=41005"}],"version-history":[{"count":0,"href":"https:\/\/www.bojungle.eu\/cs\/wp-json\/wp\/v2\/product\/41005\/revisions"}],"wp:featuredmedia":[{"embeddable":true,"href":"https:\/\/www.bojungle.eu\/cs\/wp-json\/wp\/v2\/media\/84846"}],"wp:attachment":[{"href":"https:\/\/www.bojungle.eu\/cs\/wp-json\/wp\/v2\/media?parent=41005"}],"wp:term":[{"taxonomy":"product_brand","embeddable":true,"href":"https:\/\/www.bojungle.eu\/cs\/wp-json\/wp\/v2\/product_brand?post=41005"},{"taxonomy":"product_cat","embeddable":true,"href":"https:\/\/www.bojungle.eu\/cs\/wp-json\/wp\/v2\/product_cat?post=41005"},{"taxonomy":"product_tag","embeddable":true,"href":"https:\/\/www.bojungle.eu\/cs\/wp-json\/wp\/v2\/product_tag?post=41005"},{"taxonomy":"woo-feed-brand","embeddable":true,"href":"https:\/\/www.bojungle.eu\/cs\/wp-json\/wp\/v2\/woo-feed-brand?post=41005"}],"curies":[{"name":"wp","href":"https:\/\/api.w.org\/{rel}","templated":true}]}}