{"id":41013,"date":"2022-05-29T11:49:06","date_gmt":"2022-05-29T09:49:06","guid":{"rendered":"https:\/\/dev.authority.biz\/boj\/product\/b-snooze-3-v-1-bila-seda\/"},"modified":"2024-02-12T11:44:53","modified_gmt":"2024-02-12T10:44:53","slug":"b-snooze-3-in-1-white-grey-2","status":"publish","type":"product","link":"https:\/\/www.bojungle.eu\/cs\/produkt\/b-snooze-3-in-1-white-grey-2\/","title":{"rendered":"B-Snooze 3 v 1 b\u00edl\u00e1\/\u0161ed\u00e1"},"content":{"rendered":"<p>B-Snooze 3 v 1 B\u00edl\u00e1 \/ \u0161ed\u00e1 je vyrobena s ohledem na v\u0161estrannost. Lze ji pou\u017e\u00edvat ve t\u0159ech r\u016fzn\u00fdch konfigurac\u00edch, z nich\u017e ka\u017ed\u00e1 nab\u00edz\u00ed podporu na m\u00edru pro r\u016fzn\u00e9 spac\u00ed polohy a pot\u0159eby.  Tento pol\u0161t\u00e1\u0159 se snadno p\u0159izp\u016fsob\u00ed m\u011bn\u00edc\u00edm se po\u017eadavk\u016fm va\u0161eho d\u00edt\u011bte, a\u0165 u\u017e jde o jemn\u00e9 vyv\u00fd\u0161en\u00ed hlavi\u010dky, kol\u00e9b\u00e1n\u00ed k\u0159ehk\u00e9ho t\u011bl\u00ed\u010dka nebo podporu p\u0159i cestov\u00e1n\u00ed. Jednou z v\u00fdzna\u010dn\u00fdch vlastnost\u00ed pol\u0161t\u00e1\u0159e B-Snooze 3 v 1 je nastaviteln\u00e1 op\u011brka hlavy, kter\u00e1 je navr\u017eena tak, aby se p\u0159izp\u016fsobila r\u016fstu a v\u00fdvoji va\u0161eho d\u00edt\u011bte. Jak va\u0161e d\u011b\u0165\u00e1tko roste, jednodu\u0161e upravte op\u011brku hlavy, abyste zajistili optim\u00e1ln\u00ed pohodl\u00ed a vyrovn\u00e1n\u00ed, a podpo\u0159ili tak zdrav\u00e9 sp\u00e1nkov\u00e9 n\u00e1vyky od kojeneck\u00e9ho v\u011bku a\u017e po batolec\u00ed. Tento leh\u00e1tko je navr\u017eeno z v\u011btrac\u00edch materi\u00e1l\u016f, kter\u00e9 podporuj\u00ed proud\u011bn\u00ed vzduchu a prody\u0161nost, tak\u017ee va\u0161e d\u00edt\u011b z\u016fstane v pohod\u011b a komfortu ve v\u0161ech ro\u010dn\u00edch obdob\u00edch. Pou\u017eit\u00ed prvot\u0159\u00eddn\u00edch, prody\u0161n\u00fdch tkanin nejen zvy\u0161uje pohodl\u00ed, ale tak\u00e9 up\u0159ednost\u0148uje bezpe\u010dnost, \u010d\u00edm\u017e zaji\u0161\u0165uje, \u017ee va\u0161e d\u00edt\u011b bude sp\u00e1t klidn\u011b a bez p\u0159eh\u0159\u00edv\u00e1n\u00ed. Bezpe\u010dnost je prvo\u0159ad\u00e1, a proto je B-Snooze 3 v 1 vybaven otvory pro bezpe\u010dnostn\u00ed p\u00e1sy, kter\u00e9 zaji\u0161\u0165uj\u00ed bezpe\u010dn\u00e9 a t\u011bsn\u00e9 uchycen\u00ed b\u011bhem cestov\u00e1n\u00ed nebo p\u0159i pou\u017eit\u00ed v ko\u010d\u00e1rku \u010di autoseda\u010dce. Spodn\u00ed \u010d\u00e1st je nav\u00edc vod\u011bodoln\u00e1, tak\u017ee poskytuje dodate\u010dnou ochranu proti nehod\u00e1m a rozlit\u00ed plenek, tak\u017ee m\u016f\u017eete b\u00fdt klidn\u00ed, proto\u017ee v\u00edte, \u017ee prost\u0159ed\u00ed pro sp\u00e1nek va\u0161eho d\u00edt\u011bte z\u016fstane \u010dist\u00e9 a hygienick\u00e9.<\/p>\n<p>Zlep\u0161ete z\u00e1\u017eitek z cestov\u00e1n\u00ed a sp\u00e1nku sv\u00e9ho d\u00edt\u011bte s autoseda\u010dkou B-Snooze 3 v 1 b\u00edl\u00e1\/\u0161ed\u00e1. Je navr\u017een pro v\u0161estrannost, pohodl\u00ed a bezpe\u010dnost a je dokonal\u00fdm spole\u010dn\u00edkem na cest\u00e1ch va\u0161eho d\u011b\u0165\u00e1tka!<\/p>\n<ul>\n<li>Univerz\u00e1ln\u00ed pol\u0161t\u00e1\u0159, kter\u00fd poskytuje oporu cel\u00e9mu t\u011blu d\u00edt\u011bte<\/li>\n<li>Tyto 3 \u010d\u00e1sti lze pou\u017e\u00edt i samostatn\u011b<\/li>\n<li>Op\u011brku hlavy lze nastavit podle toho, jak d\u00edt\u011b roste.<\/li>\n<li>V\u011btrac\u00ed l\u00e1tky poskytuj\u00ed v\u011bt\u0161\u00ed pohodl\u00ed a bezpe\u010dnost ve v\u0161ech ro\u010dn\u00edch obdob\u00edch.<\/li>\n<li>S otvory pro bezpe\u010dnostn\u00ed p\u00e1sy<\/li>\n<li>Spodn\u00ed \u010d\u00e1st je vod\u011bodoln\u00e1, aby poskytovala ochranu p\u0159ed nehodami s pono\u0159en\u00edm.<\/li>\n<\/ul>\n","protected":false},"excerpt":{"rendered":"<p>Objevte B-Snooze 3 v 1 B\u00edl\u00e1 \/ \u0160ed\u00e1, dokonal\u00e9 \u0159e\u0161en\u00ed pro pohodl\u00ed a bezpe\u010dnost va\u0161eho d\u00edt\u011bte b\u011bhem sp\u00e1nku a cestov\u00e1n\u00ed. Tento inovativn\u00ed univerz\u00e1ln\u00ed pol\u0161t\u00e1\u0159 je pe\u010dliv\u011b navr\u017een tak, aby poskytoval komplexn\u00ed podporu cel\u00e9mu t\u011blu va\u0161eho d\u011b\u0165\u00e1tka a zajistil mu tak poka\u017ed\u00e9 p\u0159\u00edjemn\u00fd a bezpe\u010dn\u00fd odpo\u010dinek.<\/p>\n","protected":false},"featured_media":56935,"comment_status":"closed","ping_status":"closed","template":"","meta":{"_lmt_disableupdate":"","_lmt_disable":""},"product_brand":[],"product_cat":[627,628],"product_tag":[],"woo-feed-brand":[],"class_list":{"0":"post-41013","1":"product","2":"type-product","3":"status-publish","4":"has-post-thumbnail","6":"product_cat-venkovni","7":"product_cat-venkovni-prislusenstvi","9":"first","10":"instock","11":"taxable","12":"shipping-taxable","13":"purchasable","14":"product-type-simple"},"_links":{"self":[{"href":"https:\/\/www.bojungle.eu\/cs\/wp-json\/wp\/v2\/product\/41013","targetHints":{"allow":["GET"]}}],"collection":[{"href":"https:\/\/www.bojungle.eu\/cs\/wp-json\/wp\/v2\/product"}],"about":[{"href":"https:\/\/www.bojungle.eu\/cs\/wp-json\/wp\/v2\/types\/product"}],"replies":[{"embeddable":true,"href":"https:\/\/www.bojungle.eu\/cs\/wp-json\/wp\/v2\/comments?post=41013"}],"version-history":[{"count":1,"href":"https:\/\/www.bojungle.eu\/cs\/wp-json\/wp\/v2\/product\/41013\/revisions"}],"predecessor-version":[{"id":65850,"href":"https:\/\/www.bojungle.eu\/cs\/wp-json\/wp\/v2\/product\/41013\/revisions\/65850"}],"wp:featuredmedia":[{"embeddable":true,"href":"https:\/\/www.bojungle.eu\/cs\/wp-json\/wp\/v2\/media\/56935"}],"wp:attachment":[{"href":"https:\/\/www.bojungle.eu\/cs\/wp-json\/wp\/v2\/media?parent=41013"}],"wp:term":[{"taxonomy":"product_brand","embeddable":true,"href":"https:\/\/www.bojungle.eu\/cs\/wp-json\/wp\/v2\/product_brand?post=41013"},{"taxonomy":"product_cat","embeddable":true,"href":"https:\/\/www.bojungle.eu\/cs\/wp-json\/wp\/v2\/product_cat?post=41013"},{"taxonomy":"product_tag","embeddable":true,"href":"https:\/\/www.bojungle.eu\/cs\/wp-json\/wp\/v2\/product_tag?post=41013"},{"taxonomy":"woo-feed-brand","embeddable":true,"href":"https:\/\/www.bojungle.eu\/cs\/wp-json\/wp\/v2\/woo-feed-brand?post=41013"}],"curies":[{"name":"wp","href":"https:\/\/api.w.org\/{rel}","templated":true}]}}