{"id":41066,"date":"2022-05-29T11:47:33","date_gmt":"2022-05-29T09:47:33","guid":{"rendered":"https:\/\/dev.authority.biz\/boj\/product\/b-silikonovy-bryndak-ruzovy\/"},"modified":"2022-05-29T11:47:33","modified_gmt":"2022-05-29T11:47:33","slug":"b-silicone-bib-pink-2","status":"publish","type":"product","link":"https:\/\/www.bojungle.eu\/cs\/produkt\/b-silicone-bib-pink-2\/","title":{"rendered":"B-silikonov\u00fd brynd\u00e1k r\u016f\u017eov\u00fd"},"content":{"rendered":"<ul>\n<li>Vyrobeno ze silikonu<\/li>\n<li>Jsou m\u011bkk\u00e9 a pohodln\u00e9 pro d\u011bti, snadno se \u010dist\u00ed a lze je sterilizovat p\u0159i vysok\u00fdch teplot\u00e1ch.<\/li>\n<li>Flexibiln\u00ed a p\u0159enosn\u00fd, snadno se skladuje a p\u0159epravuje.<\/li>\n<li>Chytejte j\u00eddlo, kdy\u017e pad\u00e1<\/li>\n<\/ul>\n","protected":false},"excerpt":{"rendered":"<p>Flexibiln\u00ed a p\u0159enosn\u00fd, snadno se skladuje a p\u0159epravuje.<\/p>\n","protected":false},"featured_media":73983,"comment_status":"closed","ping_status":"closed","template":"","meta":{"_lmt_disableupdate":"","_lmt_disable":""},"product_brand":[],"product_cat":[561,429,431],"product_tag":[],"woo-feed-brand":[],"class_list":{"0":"post-41066","1":"product","2":"type-product","3":"status-publish","4":"has-post-thumbnail","6":"product_cat-cas-vecere","7":"product_cat-jidlo-a-piti","8":"product_cat-silikonova-rada","10":"first","11":"instock","12":"taxable","13":"shipping-taxable","14":"purchasable","15":"product-type-simple"},"_links":{"self":[{"href":"https:\/\/www.bojungle.eu\/cs\/wp-json\/wp\/v2\/product\/41066","targetHints":{"allow":["GET"]}}],"collection":[{"href":"https:\/\/www.bojungle.eu\/cs\/wp-json\/wp\/v2\/product"}],"about":[{"href":"https:\/\/www.bojungle.eu\/cs\/wp-json\/wp\/v2\/types\/product"}],"replies":[{"embeddable":true,"href":"https:\/\/www.bojungle.eu\/cs\/wp-json\/wp\/v2\/comments?post=41066"}],"version-history":[{"count":0,"href":"https:\/\/www.bojungle.eu\/cs\/wp-json\/wp\/v2\/product\/41066\/revisions"}],"wp:featuredmedia":[{"embeddable":true,"href":"https:\/\/www.bojungle.eu\/cs\/wp-json\/wp\/v2\/media\/73983"}],"wp:attachment":[{"href":"https:\/\/www.bojungle.eu\/cs\/wp-json\/wp\/v2\/media?parent=41066"}],"wp:term":[{"taxonomy":"product_brand","embeddable":true,"href":"https:\/\/www.bojungle.eu\/cs\/wp-json\/wp\/v2\/product_brand?post=41066"},{"taxonomy":"product_cat","embeddable":true,"href":"https:\/\/www.bojungle.eu\/cs\/wp-json\/wp\/v2\/product_cat?post=41066"},{"taxonomy":"product_tag","embeddable":true,"href":"https:\/\/www.bojungle.eu\/cs\/wp-json\/wp\/v2\/product_tag?post=41066"},{"taxonomy":"woo-feed-brand","embeddable":true,"href":"https:\/\/www.bojungle.eu\/cs\/wp-json\/wp\/v2\/woo-feed-brand?post=41066"}],"curies":[{"name":"wp","href":"https:\/\/api.w.org\/{rel}","templated":true}]}}