{"id":41109,"date":"2022-05-29T11:46:49","date_gmt":"2022-05-29T11:46:49","guid":{"rendered":"https:\/\/dev.authority.biz\/boj\/product\/b-secure-teple-a-studene-gelove-obklady\/"},"modified":"2024-02-14T11:29:03","modified_gmt":"2024-02-14T10:29:03","slug":"b-secure-hot-cold-gel-packs","status":"publish","type":"product","link":"https:\/\/www.bojungle.eu\/cs\/produkt\/b-secure-hot-cold-gel-packs\/","title":{"rendered":"B-Secure tepl\u00e9 a studen\u00e9 gelov\u00e9 obklady"},"content":{"rendered":"<ul>\n<li>Tyto roztomil\u00e9 postavi\u010dky lze chladit, aby se zm\u00edrnila bolest po mal\u00e9 nehod\u011b nebo aby se sn\u00ed\u017eila hore\u010dka \u010di otok po kousnut\u00ed hmyzem.<\/li>\n<li>Lze je tak\u00e9 nah\u0159\u00edvat, aby se zm\u00edrnila nap\u0159. bolestivost sval\u016f.<\/li>\n<li>Gelov\u00e9 obklady B-Secure Hot &amp; Cold spl\u0148uj\u00ed v\u0161echny evropsk\u00e9 normy a neobsahuj\u00ed \u017e\u00e1dn\u00e9 \u0161kodliv\u00e9 l\u00e1tky, nap\u0159\u00edklad ftal\u00e1ty.<\/li>\n<li>Ka\u017ed\u00e9 zv\u00ed\u0159e se prod\u00e1v\u00e1 samostatn\u011b<\/li>\n<\/ul>\n","protected":false},"excerpt":{"rendered":"<div class=\"flex-1 overflow-hidden\">\n<div class=\"react-scroll-to-bottom--css-gdsgq-79elbk h-full\">\n<div class=\"react-scroll-to-bottom--css-gdsgq-1n7m0yu\">\n<div class=\"flex flex-col pb-9 text-sm\">\n<div class=\"w-full text-token-text-primary\" data-testid=\"conversation-turn-3\">\n<div class=\"px-4 py-2 justify-center text-base md:gap-6 m-auto\">\n<div class=\"flex flex-1 text-base mx-auto gap-3 md:px-5 lg:px-1 xl:px-5 md:max-w-3xl lg:max-w-[40rem] xl:max-w-[48rem] group final-completion\">\n<div class=\"relative flex w-full flex-col agent-turn\">\n<div class=\"flex-col gap-1 md:gap-3\">\n<div class=\"flex flex-grow flex-col max-w-full\">\n<div class=\"min-h-[20px] text-message flex flex-col items-start gap-3 whitespace-pre-wrap break-words [.text-message+&amp;]:mt-5 overflow-x-auto\" data-message-author-role=\"assistant\" data-message-id=\"d656732c-ab35-47f6-9aef-4e9b6f585ad8\">\n<div class=\"markdown prose w-full break-words dark:prose-invert light\">\n<p>Po\u0159i\u010fte si B-Secure Hot &amp; Cold Gel Packs s tvary zv\u00ed\u0159\u00e1tek &#8211; va\u0161e roztomil\u00e9 spole\u010dn\u00edky pro rychlou \u00falevu! Tyto roztomil\u00e9 postavi\u010dky jsou navr\u017eeny tak, aby zm\u00edrnily nepohodl\u00ed d\u00edky dvoj\u00ed funkci. Pot\u0159ebujete se zchladit po men\u0161\u00ed nehod\u011b nebo zklidnit otok? Jednodu\u0161e tyto obklady ochla\u010fte. Pot\u00fdk\u00e1te se s bolest\u00ed sval\u016f? Nah\u0159ejte je, abyste se zah\u0159\u00e1li. Bu\u010fte v klidu, proto\u017ee spl\u0148uj\u00ed p\u0159\u00edsn\u00e9 evropsk\u00e9 normy a neobsahuj\u00ed \u0161kodliv\u00e9 l\u00e1tky, jako jsou ftal\u00e1ty. Po\u0159i\u010fte si je je\u0161t\u011b dnes a nechte tato roztomil\u00e1 zv\u00ed\u0159\u00e1tka, aby v\u00e1m p\u0159inesla \u00fat\u011bchu, kdykoli ji budete pot\u0159ebovat. Ka\u017ed\u00e9 balen\u00ed se pro va\u0161e pohodl\u00ed prod\u00e1v\u00e1 samostatn\u011b.        <\/p>\n<\/div>\n<\/div>\n<\/div>\n<\/div>\n<\/div>\n<\/div>\n<\/div>\n<\/div>\n<\/div>\n<\/div>\n<\/div>\n<\/div>\n<div class=\"w-full pt-2 md:pt-0 dark:border-white\/20 md:border-transparent md:dark:border-transparent md:w-[calc(100%-.5rem)]\">\n<form class=\"stretch mx-2 flex flex-row gap-3 last:mb-2 md:mx-4 md:last:mb-6 lg:mx-auto lg:max-w-2xl xl:max-w-3xl\">\n<div class=\"relative flex h-full flex-1 items-stretch md:flex-col\">\n<div class=\"flex w-full items-center\"><\/div>\n<\/div>\n<\/form>\n<\/div>\n","protected":false},"featured_media":44463,"comment_status":"closed","ping_status":"closed","template":"","meta":{"_lmt_disableupdate":"","_lmt_disable":""},"product_brand":[],"product_cat":[579,506],"product_tag":[],"woo-feed-brand":[],"class_list":{"0":"post-41109","1":"product","2":"type-product","3":"status-publish","4":"has-post-thumbnail","6":"product_cat-krasa-a-zdravi-ditete","7":"product_cat-pece-o-telo","9":"first","10":"instock","11":"taxable","12":"shipping-taxable","13":"purchasable","14":"product-type-variable"},"_links":{"self":[{"href":"https:\/\/www.bojungle.eu\/cs\/wp-json\/wp\/v2\/product\/41109","targetHints":{"allow":["GET"]}}],"collection":[{"href":"https:\/\/www.bojungle.eu\/cs\/wp-json\/wp\/v2\/product"}],"about":[{"href":"https:\/\/www.bojungle.eu\/cs\/wp-json\/wp\/v2\/types\/product"}],"replies":[{"embeddable":true,"href":"https:\/\/www.bojungle.eu\/cs\/wp-json\/wp\/v2\/comments?post=41109"}],"version-history":[{"count":1,"href":"https:\/\/www.bojungle.eu\/cs\/wp-json\/wp\/v2\/product\/41109\/revisions"}],"predecessor-version":[{"id":66288,"href":"https:\/\/www.bojungle.eu\/cs\/wp-json\/wp\/v2\/product\/41109\/revisions\/66288"}],"wp:featuredmedia":[{"embeddable":true,"href":"https:\/\/www.bojungle.eu\/cs\/wp-json\/wp\/v2\/media\/44463"}],"wp:attachment":[{"href":"https:\/\/www.bojungle.eu\/cs\/wp-json\/wp\/v2\/media?parent=41109"}],"wp:term":[{"taxonomy":"product_brand","embeddable":true,"href":"https:\/\/www.bojungle.eu\/cs\/wp-json\/wp\/v2\/product_brand?post=41109"},{"taxonomy":"product_cat","embeddable":true,"href":"https:\/\/www.bojungle.eu\/cs\/wp-json\/wp\/v2\/product_cat?post=41109"},{"taxonomy":"product_tag","embeddable":true,"href":"https:\/\/www.bojungle.eu\/cs\/wp-json\/wp\/v2\/product_tag?post=41109"},{"taxonomy":"woo-feed-brand","embeddable":true,"href":"https:\/\/www.bojungle.eu\/cs\/wp-json\/wp\/v2\/woo-feed-brand?post=41109"}],"curies":[{"name":"wp","href":"https:\/\/api.w.org\/{rel}","templated":true}]}}