{"id":41130,"date":"2022-05-29T11:46:49","date_gmt":"2022-05-29T09:46:49","guid":{"rendered":"https:\/\/dev.authority.biz\/boj\/product\/cisticka-b-sensy-humi\/"},"modified":"2025-02-20T16:27:26","modified_gmt":"2025-02-20T15:27:26","slug":"b-sensy-humi-purifier-2","status":"publish","type":"product","link":"https:\/\/www.bojungle.eu\/cs\/produkt\/b-sensy-humi-purifier-2\/","title":{"rendered":"\u010cisti\u010dka Sensy Humi"},"content":{"rendered":"<h2>Vyberte si \u010disti\u010dku Sensy Humi pro pohodl\u00ed a zdrav\u00ed va\u0161eho d\u00edt\u011bte<\/h2>\n<p>Darujte sv\u00e9mu d\u00edt\u011bti uklid\u0148uj\u00edc\u00ed a zdravou atmosf\u00e9ru s \u010disti\u010dkou Sensy Humi. Tento digit\u00e1ln\u00ed zvlh\u010dova\u010d vzduchu, navr\u017een\u00fd speci\u00e1ln\u011b s ohledem na va\u0161e d\u011b\u0165\u00e1tko, nab\u00edz\u00ed jedine\u010dn\u00e9 v\u00fdhody pro jeho pohodu. Bojujte s probl\u00e9my such\u00e9ho vzduchu, kter\u00e9 \u010dasto vedou k vysu\u0161ov\u00e1n\u00ed poko\u017eky, podr\u00e1\u017ed\u011bn\u00ed o\u010d\u00ed a d\u00fdchac\u00edm pot\u00ed\u017e\u00edm, a vytvo\u0159te pe\u010duj\u00edc\u00ed prostor, kde se va\u0161emu d\u00edt\u011bti bude da\u0159it.  <\/p>\n<p>\u010cisti\u010dka Sensy Humi vyu\u017e\u00edv\u00e1 ioniza\u010dn\u00ed technologii, kter\u00e1 zaji\u0161\u0165uje optim\u00e1ln\u00ed zvlh\u010dov\u00e1n\u00ed vzduchu, tak\u017ee vzduch v d\u011btsk\u00e9m pokoji z\u016fst\u00e1v\u00e1 na ide\u00e1ln\u00ed \u00farovni vlhkosti. Krom\u011b zvlh\u010dov\u00e1n\u00ed filtr HEPA aktivn\u011b odstra\u0148uje alergeny, prach a zne\u010di\u0161\u0165uj\u00edc\u00ed l\u00e1tky, \u010d\u00edm\u017e p\u0159isp\u00edv\u00e1 k \u010dist\u0161\u00edmu a zdrav\u011bj\u0161\u00edmu prost\u0159ed\u00ed. <\/p>\n<p>Rozlu\u010dte se s obavami z d\u00fdchac\u00edch probl\u00e9m\u016f a p\u0159iv\u00edtejte klidn\u00e9 noci pro v\u00e1s i va\u0161e d\u00edt\u011b. Vyberte si \u010disti\u010dku Sensy Humi, proto\u017ee pohodl\u00ed a zdrav\u00ed va\u0161eho d\u00edt\u011bte si zaslou\u017e\u00ed maxim\u00e1ln\u00ed p\u00e9\u010di &#8211; je to nezbytn\u00fd dopln\u011bk k vytvo\u0159en\u00ed bezpe\u010dn\u00e9ho \u00fato\u010di\u0161t\u011b, kde m\u016f\u017ee va\u0161e d\u011b\u0165\u00e1tko klidn\u011b d\u00fdchat a spokojen\u011b sp\u00e1t. <\/p>\n<p><button type=\"button\"><a href=\"https:\/\/www.bojungle.eu\/why-should-i-buy-a-humidifier-baby-bedroom\/\" target=\"_blank\" rel=\"noopener\">P\u0159e\u010dt\u011bte si n\u00e1\u0161 blogpost o zvlh\u010dova\u010d\u00edch vzduchu<\/a><\/button><\/p>\n<h2>Kl\u00ed\u010dov\u00e9 vlastnosti<\/h2>\n<ul>\n<li><strong>Zvlh\u010dov\u00e1n\u00ed ionizac\u00ed:<\/strong> Tento zvlh\u010dova\u010d vzduchu vyu\u017e\u00edv\u00e1 pokro\u010dilou ioniza\u010dn\u00ed technologii a zaji\u0161\u0165uje \u00fa\u010dinn\u00e9 a efektivn\u00ed zvlh\u010dov\u00e1n\u00ed vzduchu, kter\u00e9 p\u0159isp\u00edv\u00e1 k p\u0159\u00edjemn\u00e9mu a zdrav\u00e9mu prost\u0159ed\u00ed.<\/li>\n<li><strong>HEPA filtr pro \u010di\u0161t\u011bn\u00ed vzduchu:<\/strong> \u010cisti\u010dka Sensy Humi je vybavena HEPA filtrem, kter\u00fd aktivn\u011b odstra\u0148uje ze vzduchu \u0161kodliviny, jako je prach, chemick\u00e9 l\u00e1tky, alergeny a nikotin, \u010d\u00edm\u017e podporuje \u010dist\u0161\u00ed a sv\u011b\u017eej\u0161\u00ed vzduch.<\/li>\n<li><strong>Velk\u00e1 n\u00e1dr\u017e na vodu:<\/strong> Tento zvlh\u010dova\u010d vzduchu s p\u016fsobivou kapacitou n\u00e1dr\u017eky na vodu 5 litr\u016f poskytuje dlouhodobou vlhkost pro v\u00e1\u0161 obytn\u00fd prostor a sni\u017euje pot\u0159ebu \u010dast\u00e9ho dopl\u0148ov\u00e1n\u00ed.<\/li>\n<li><strong>Vysok\u00e1 kapacita:<\/strong> Sensy Humi Purifier se py\u0161n\u00ed zvlh\u010dovac\u00ed kapacitou 300 ml za hodinu a \u00fa\u010dinn\u011b tak udr\u017euje optim\u00e1ln\u00ed \u00farove\u0148 vlhkosti, kter\u00e1 je obzvl\u00e1\u0161t\u011b d\u016fle\u017eit\u00e1 pro zdrav\u00e9 prost\u0159ed\u00ed pro sp\u00e1nek.<\/li>\n<li><strong>Aroma podlo\u017eka pro aromaterapii:<\/strong> Vylep\u0161ete sv\u016fj prostor terapeutick\u00fdmi \u00fa\u010dinky aromaterapie. Speci\u00e1ln\u00ed z\u00e1sobn\u00edk na aroma pol\u0161t\u00e1\u0159ky v\u00e1m umo\u017en\u00ed vychutnat si uklid\u0148uj\u00edc\u00ed v\u016fn\u011b va\u0161ich obl\u00edben\u00fdch esenci\u00e1ln\u00edch olej\u016f. <\/li>\n<li><strong>Automatick\u00fd zvlh\u010dova\u010d:<\/strong> Zabudovan\u00fd automatick\u00fd zvlh\u010dova\u010d zaji\u0161\u0165uje p\u0159esnou kontrolu \u00farovn\u011b vlhkosti a p\u0159izp\u016fsobuje se pot\u0159eb\u00e1m prost\u0159ed\u00ed pro optim\u00e1ln\u00ed pohodl\u00ed.<\/li>\n<li><strong>Funkce no\u010dn\u00edho osv\u011btlen\u00ed: <\/strong>S jemn\u00fdm no\u010dn\u00edm osv\u011btlen\u00edm, kter\u00e9 poskytuje jemnou z\u00e1\u0159i pro uklid\u0148uj\u00edc\u00ed atmosf\u00e9ru, vytvo\u0159\u00edte v ka\u017ed\u00e9 m\u00edstnosti relaxa\u010dn\u00ed atmosf\u00e9ru.<\/li>\n<li><strong>Rota\u010dn\u00ed tryska:<\/strong> Nastaviteln\u00e1 rota\u010dn\u00ed tryska umo\u017e\u0148uje nasm\u011brovat mlhu tam, kam je pot\u0159eba, a zajistit tak rovnom\u011brn\u00e9 rozlo\u017een\u00ed zvlh\u010den\u00e9ho vzduchu v cel\u00e9 m\u00edstnosti.<\/li>\n<li><strong>Funkce programovateln\u00e9ho \u010dasova\u010de:<\/strong> D\u00edky funkci programovateln\u00e9ho \u010dasova\u010de si m\u016f\u017eete za\u0159\u00edzen\u00ed nastavit na ur\u010dit\u00fd \u010das a optimalizovat tak pohodl\u00ed a energetickou \u00fa\u010dinnost.<\/li>\n<li><strong>Indikace teploty, \u010dasu a \u00farovn\u011b vlhkosti:<\/strong> Z\u016fsta\u0148te informov\u00e1ni o sv\u00e9m vnit\u0159n\u00edm prost\u0159ed\u00ed d\u00edky p\u0159ehledn\u00e9mu displeji s \u00fadaji o teplot\u011b, \u010dase a aktu\u00e1ln\u00ed \u00farovni vlhkosti.<\/li>\n<\/ul>\n<p>&nbsp;<\/p>\n<p>&nbsp;<\/p>\n<table border=\"1\">\n<tbody>\n<tr>\n<td>Manu\u00e1ln\u00ed\n<\/td>\n<td><a href=\"https:\/\/www.bojungle.eu\/wp-content\/uploads\/2022\/05\/B-Sensy-Humi_purifier_manual.pdf\">Klikn\u011bte zde<\/a><\/td>\n<\/tr>\n<\/tbody>\n<\/table>\n","protected":false},"excerpt":{"rendered":"<p>Vytvo\u0159te si zdrav\u011bj\u0161\u00ed obytn\u00fd prostor pro sebe a svou rodinu s \u010disti\u010dem vzduchu Sensy Humi Purifier od spole\u010dnosti Bo Jungle &#8211; multifunk\u010dn\u00edm digit\u00e1ln\u00edm zvlh\u010dova\u010dem vzduchu navr\u017een\u00fdm tak, aby zlep\u0161il kvalitu vzduchu ve va\u0161em interi\u00e9r Toto inovativn\u00ed za\u0159\u00edzen\u00ed nejen zvlh\u010duje vzduch, ale tak\u00e9 jej \u010dist\u00ed a vn\u00e1\u0161\u00ed do n\u011bj uklid\u0148uj\u00edc\u00ed v\u016fn\u011b prost\u0159ednictv\u00edm dif\u00faze esenci\u00e1ln\u00edch olej\u016f. <\/p>\n<p>V\u010detn\u011b d\u00e1lkov\u00e9ho ovl\u00e1d\u00e1n\u00ed.<\/p>\n<p>&nbsp;<\/p>\n","protected":false},"featured_media":64639,"comment_status":"closed","ping_status":"closed","template":"","meta":{"_lmt_disableupdate":"","_lmt_disable":""},"product_brand":[],"product_cat":[536],"product_tag":[],"woo-feed-brand":[],"class_list":{"0":"post-41130","1":"product","2":"type-product","3":"status-publish","4":"has-post-thumbnail","6":"product_cat-spanek","8":"first","9":"instock","10":"featured","11":"taxable","12":"shipping-taxable","13":"purchasable","14":"product-type-simple"},"_links":{"self":[{"href":"https:\/\/www.bojungle.eu\/cs\/wp-json\/wp\/v2\/product\/41130","targetHints":{"allow":["GET"]}}],"collection":[{"href":"https:\/\/www.bojungle.eu\/cs\/wp-json\/wp\/v2\/product"}],"about":[{"href":"https:\/\/www.bojungle.eu\/cs\/wp-json\/wp\/v2\/types\/product"}],"replies":[{"embeddable":true,"href":"https:\/\/www.bojungle.eu\/cs\/wp-json\/wp\/v2\/comments?post=41130"}],"version-history":[{"count":2,"href":"https:\/\/www.bojungle.eu\/cs\/wp-json\/wp\/v2\/product\/41130\/revisions"}],"predecessor-version":[{"id":79198,"href":"https:\/\/www.bojungle.eu\/cs\/wp-json\/wp\/v2\/product\/41130\/revisions\/79198"}],"wp:featuredmedia":[{"embeddable":true,"href":"https:\/\/www.bojungle.eu\/cs\/wp-json\/wp\/v2\/media\/64639"}],"wp:attachment":[{"href":"https:\/\/www.bojungle.eu\/cs\/wp-json\/wp\/v2\/media?parent=41130"}],"wp:term":[{"taxonomy":"product_brand","embeddable":true,"href":"https:\/\/www.bojungle.eu\/cs\/wp-json\/wp\/v2\/product_brand?post=41130"},{"taxonomy":"product_cat","embeddable":true,"href":"https:\/\/www.bojungle.eu\/cs\/wp-json\/wp\/v2\/product_cat?post=41130"},{"taxonomy":"product_tag","embeddable":true,"href":"https:\/\/www.bojungle.eu\/cs\/wp-json\/wp\/v2\/product_tag?post=41130"},{"taxonomy":"woo-feed-brand","embeddable":true,"href":"https:\/\/www.bojungle.eu\/cs\/wp-json\/wp\/v2\/woo-feed-brand?post=41130"}],"curies":[{"name":"wp","href":"https:\/\/api.w.org\/{rel}","templated":true}]}}