{"id":41147,"date":"2022-05-29T11:46:36","date_gmt":"2022-05-29T09:46:36","guid":{"rendered":"https:\/\/dev.authority.biz\/boj\/product\/b-rocker-taupe-0-18-kg\/"},"modified":"2025-06-11T16:42:42","modified_gmt":"2025-06-11T14:42:42","slug":"b-rocker-taupe-0-18-kg-2","status":"publish","type":"product","link":"https:\/\/www.bojungle.eu\/cs\/produkt\/b-rocker-taupe-0-18-kg-2\/","title":{"rendered":"B-Rocker Taupe (0 &#8211; 18 kg)"},"content":{"rendered":"<ul>\n<li>Jedna seda\u010dka od miminka po batole!<\/li>\n<li>Seda\u010dka z kombinace luxusn\u00ed velmi m\u011bkk\u00e9 velurov\u00e9 a prody\u0161n\u00e9 tkaniny<\/li>\n<li>Dva zp\u016fsoby pou\u017eit\u00ed: jako houpa\u010dka nebo ve stabiln\u00ed, pevn\u00e9 poloze.<\/li>\n<li>Op\u011bradlo nastaviteln\u00e9 do 3 poloh<\/li>\n<li>Funkce vibrac\u00ed (funguje na 2 x AA baterie, nejsou sou\u010d\u00e1st\u00ed dod\u00e1vky)<\/li>\n<li>A\u017e 18 kg! (+-5 let)<\/li>\n<li>Odn\u00edmateln\u00e9 tkaniny, kter\u00e9 lze pr\u00e1t v pra\u010dce<\/li>\n<li>Robustn\u00ed, luxusn\u00ed hlin\u00edkov\u00e9 trubky s pr\u00e1\u0161kov\u00fdm lakov\u00e1n\u00edm<\/li>\n<li>5bodov\u00e9 bezpe\u010dnostn\u00ed p\u00e1sy<\/li>\n<li>Snadno odn\u00edmateln\u00e1 a nastaviteln\u00e1 ty\u010d na hra\u010dky se 2 hra\u010dkami<\/li>\n<li>Snadno skl\u00e1dac\u00ed konstrukce pro skladov\u00e1n\u00ed a p\u0159epravu<\/li>\n<\/ul>\n<p>&nbsp;<\/p>\n<table border=\"1\">\n<tbody>\n<tr>\n<td>Manu\u00e1ln\u00ed\n<\/td>\n<td><a href=\"https:\/\/www.bojungle.eu\/wp-content\/uploads\/2025\/06\/Manual_Rocker.pdf\" target=\"_blank\" rel=\"noopener\">Klikn\u011bte zde<\/a><\/td>\n<\/tr>\n<\/tbody>\n<\/table>\n","protected":false},"excerpt":{"rendered":"<p>Jedna seda\u010dka od miminka po batole! Sed\u00e1k v kombinaci luxusn\u00ed ultra m\u011bkk\u00e9 velurov\u00e9 a prody\u0161n\u00e9 tkaniny, dva zp\u016fsoby pou\u017eit\u00ed: jako houpac\u00ed nebo ve stabiln\u00ed, pevn\u00e9 poloze.<\/p>\n","protected":false},"featured_media":71762,"comment_status":"closed","ping_status":"closed","template":"","meta":{"_lmt_disableupdate":"","_lmt_disable":""},"product_brand":[],"product_cat":[533],"product_tag":[],"woo-feed-brand":[],"class_list":{"0":"post-41147","1":"product","2":"type-product","3":"status-publish","4":"has-post-thumbnail","6":"product_cat-houpacky-a-houpadla","8":"first","9":"outofstock","10":"taxable","11":"shipping-taxable","12":"purchasable","13":"product-type-simple"},"_links":{"self":[{"href":"https:\/\/www.bojungle.eu\/cs\/wp-json\/wp\/v2\/product\/41147","targetHints":{"allow":["GET"]}}],"collection":[{"href":"https:\/\/www.bojungle.eu\/cs\/wp-json\/wp\/v2\/product"}],"about":[{"href":"https:\/\/www.bojungle.eu\/cs\/wp-json\/wp\/v2\/types\/product"}],"replies":[{"embeddable":true,"href":"https:\/\/www.bojungle.eu\/cs\/wp-json\/wp\/v2\/comments?post=41147"}],"version-history":[{"count":1,"href":"https:\/\/www.bojungle.eu\/cs\/wp-json\/wp\/v2\/product\/41147\/revisions"}],"predecessor-version":[{"id":80217,"href":"https:\/\/www.bojungle.eu\/cs\/wp-json\/wp\/v2\/product\/41147\/revisions\/80217"}],"wp:featuredmedia":[{"embeddable":true,"href":"https:\/\/www.bojungle.eu\/cs\/wp-json\/wp\/v2\/media\/71762"}],"wp:attachment":[{"href":"https:\/\/www.bojungle.eu\/cs\/wp-json\/wp\/v2\/media?parent=41147"}],"wp:term":[{"taxonomy":"product_brand","embeddable":true,"href":"https:\/\/www.bojungle.eu\/cs\/wp-json\/wp\/v2\/product_brand?post=41147"},{"taxonomy":"product_cat","embeddable":true,"href":"https:\/\/www.bojungle.eu\/cs\/wp-json\/wp\/v2\/product_cat?post=41147"},{"taxonomy":"product_tag","embeddable":true,"href":"https:\/\/www.bojungle.eu\/cs\/wp-json\/wp\/v2\/product_tag?post=41147"},{"taxonomy":"woo-feed-brand","embeddable":true,"href":"https:\/\/www.bojungle.eu\/cs\/wp-json\/wp\/v2\/woo-feed-brand?post=41147"}],"curies":[{"name":"wp","href":"https:\/\/api.w.org\/{rel}","templated":true}]}}