{"id":41194,"date":"2022-05-29T11:46:14","date_gmt":"2022-05-29T09:46:14","guid":{"rendered":"https:\/\/dev.authority.biz\/boj\/product\/b-rattle-symphony-flower\/"},"modified":"2022-05-29T11:46:14","modified_gmt":"2022-05-29T11:46:14","slug":"b-rattle-symphony-bloem-2","status":"publish","type":"product","link":"https:\/\/www.bojungle.eu\/cs\/produkt\/b-rattle-symphony-bloem-2\/","title":{"rendered":"B-Rattle Symphony Flower"},"content":{"rendered":"<ul>\n<li>Zat\u0159este zv\u00ed\u0159\u00e1tkem a pou\u017eijte ho jako chrast\u00edtko nebo na n\u011bj klepn\u011bte, aby se oto\u010dilo a vyd\u00e1valo zvuk.<\/li>\n<li>Bezpe\u010dn\u00e9 proveden\u00ed.<\/li>\n<\/ul>\n","protected":false},"excerpt":{"rendered":"<p>Zat\u0159este zv\u00ed\u0159\u00e1tkem a pou\u017eijte ho jako chrast\u00edtko nebo na n\u011bj klepn\u011bte, aby se oto\u010dilo a vyd\u00e1valo zvuk.<\/p>\n","protected":false},"featured_media":73564,"comment_status":"closed","ping_status":"closed","template":"","meta":{"_lmt_disableupdate":"","_lmt_disable":""},"product_brand":[],"product_cat":[483,669,605,471],"product_tag":[],"woo-feed-brand":[],"class_list":{"0":"post-41194","1":"product","2":"type-product","3":"status-publish","4":"has-post-thumbnail","6":"product_cat-barevne-hracky","7":"product_cat-chrastitka","8":"product_cat-hracky-pro-aktivity","9":"product_cat-playtime-cs","11":"first","12":"instock","13":"taxable","14":"shipping-taxable","15":"purchasable","16":"product-type-simple"},"_links":{"self":[{"href":"https:\/\/www.bojungle.eu\/cs\/wp-json\/wp\/v2\/product\/41194","targetHints":{"allow":["GET"]}}],"collection":[{"href":"https:\/\/www.bojungle.eu\/cs\/wp-json\/wp\/v2\/product"}],"about":[{"href":"https:\/\/www.bojungle.eu\/cs\/wp-json\/wp\/v2\/types\/product"}],"replies":[{"embeddable":true,"href":"https:\/\/www.bojungle.eu\/cs\/wp-json\/wp\/v2\/comments?post=41194"}],"version-history":[{"count":0,"href":"https:\/\/www.bojungle.eu\/cs\/wp-json\/wp\/v2\/product\/41194\/revisions"}],"wp:featuredmedia":[{"embeddable":true,"href":"https:\/\/www.bojungle.eu\/cs\/wp-json\/wp\/v2\/media\/73564"}],"wp:attachment":[{"href":"https:\/\/www.bojungle.eu\/cs\/wp-json\/wp\/v2\/media?parent=41194"}],"wp:term":[{"taxonomy":"product_brand","embeddable":true,"href":"https:\/\/www.bojungle.eu\/cs\/wp-json\/wp\/v2\/product_brand?post=41194"},{"taxonomy":"product_cat","embeddable":true,"href":"https:\/\/www.bojungle.eu\/cs\/wp-json\/wp\/v2\/product_cat?post=41194"},{"taxonomy":"product_tag","embeddable":true,"href":"https:\/\/www.bojungle.eu\/cs\/wp-json\/wp\/v2\/product_tag?post=41194"},{"taxonomy":"woo-feed-brand","embeddable":true,"href":"https:\/\/www.bojungle.eu\/cs\/wp-json\/wp\/v2\/woo-feed-brand?post=41194"}],"curies":[{"name":"wp","href":"https:\/\/api.w.org\/{rel}","templated":true}]}}