{"id":41234,"date":"2022-05-29T11:46:13","date_gmt":"2022-05-29T09:46:13","guid":{"rendered":"https:\/\/dev.authority.biz\/boj\/product\/b-powder-mixer-grey\/"},"modified":"2025-07-10T15:39:16","modified_gmt":"2025-07-10T13:39:16","slug":"b-powder-mixer-grey-2","status":"publish","type":"product","link":"https:\/\/www.bojungle.eu\/cs\/produkt\/b-powder-mixer-grey-2\/","title":{"rendered":"B-Powder Mixer Grey"},"content":{"rendered":"\t\t<div data-elementor-type=\"product-post\" data-elementor-id=\"41234\" class=\"elementor elementor-41234 elementor-22995\" data-elementor-post-type=\"product\">\n\t\t\t\t<div class=\"elementor-element elementor-element-e240817 e-flex e-con-boxed rael-particle-no e-con e-parent\" data-id=\"e240817\" data-element_type=\"container\" data-e-type=\"container\" data-settings=\"{&quot;rae_animations_entrance&quot;:&quot;none&quot;}\">\n\t\t\t\t\t<div class=\"e-con-inner\">\n\t\t\t\t<div class=\"elementor-element elementor-element-70f0e18c elementor-widget elementor-widget-text-editor\" data-id=\"70f0e18c\" data-element_type=\"widget\" data-e-type=\"widget\" data-widget_type=\"text-editor.default\">\n\t\t\t\t<div class=\"elementor-widget-container\">\n\t\t\t\t\t\t\t\t\t<ul><li>S na\u0161\u00edm mix\u00e9rem B-Powder p\u0159iprav\u00edte d\u011btskou stravu bez hrudek b\u011bhem chvilky!<\/li><li>Kompaktn\u00ed rozm\u011bry: snadn\u00e1 manipulace, snadn\u00e9 pou\u017eit\u00ed<\/li><li>\u0160leha\u010d nepo\u0161kod\u00ed n\u00e1dob\u00ed ani misky.<\/li><li>Snadno se \u010dist\u00ed vlhk\u00fdm had\u0159\u00edkem<\/li><li>Funguje na baterie : 2 x AA baterie (nejsou sou\u010d\u00e1st\u00ed balen\u00ed)<\/li><li>Velikost: 40 x 215 mm<\/li><\/ul>\t\t\t\t\t\t\t\t<\/div>\n\t\t\t\t<\/div>\n\t\t\t\t\t<\/div>\n\t\t\t\t<\/div>\n\t\t\t\t<\/div>\n\t\t","protected":false},"excerpt":{"rendered":"<p style=\"font-weight: 400;\">S na\u0161\u00edm mix\u00e9rem B-Powder p\u0159iprav\u00edte d\u011btskou stravu bez hrudek b\u011bhem chvilky!<\/p>\n","protected":false},"featured_media":73953,"comment_status":"closed","ping_status":"closed","template":"","meta":{"_lmt_disableupdate":"","_lmt_disable":""},"product_brand":[],"product_cat":[429,433],"product_tag":[],"woo-feed-brand":[],"class_list":{"0":"post-41234","1":"product","2":"type-product","3":"status-publish","4":"has-post-thumbnail","6":"product_cat-jidlo-a-piti","7":"product_cat-priprava-jidla","9":"first","10":"instock","11":"taxable","12":"shipping-taxable","13":"purchasable","14":"product-type-simple"},"_links":{"self":[{"href":"https:\/\/www.bojungle.eu\/cs\/wp-json\/wp\/v2\/product\/41234","targetHints":{"allow":["GET"]}}],"collection":[{"href":"https:\/\/www.bojungle.eu\/cs\/wp-json\/wp\/v2\/product"}],"about":[{"href":"https:\/\/www.bojungle.eu\/cs\/wp-json\/wp\/v2\/types\/product"}],"replies":[{"embeddable":true,"href":"https:\/\/www.bojungle.eu\/cs\/wp-json\/wp\/v2\/comments?post=41234"}],"version-history":[{"count":2,"href":"https:\/\/www.bojungle.eu\/cs\/wp-json\/wp\/v2\/product\/41234\/revisions"}],"predecessor-version":[{"id":80675,"href":"https:\/\/www.bojungle.eu\/cs\/wp-json\/wp\/v2\/product\/41234\/revisions\/80675"}],"wp:featuredmedia":[{"embeddable":true,"href":"https:\/\/www.bojungle.eu\/cs\/wp-json\/wp\/v2\/media\/73953"}],"wp:attachment":[{"href":"https:\/\/www.bojungle.eu\/cs\/wp-json\/wp\/v2\/media?parent=41234"}],"wp:term":[{"taxonomy":"product_brand","embeddable":true,"href":"https:\/\/www.bojungle.eu\/cs\/wp-json\/wp\/v2\/product_brand?post=41234"},{"taxonomy":"product_cat","embeddable":true,"href":"https:\/\/www.bojungle.eu\/cs\/wp-json\/wp\/v2\/product_cat?post=41234"},{"taxonomy":"product_tag","embeddable":true,"href":"https:\/\/www.bojungle.eu\/cs\/wp-json\/wp\/v2\/product_tag?post=41234"},{"taxonomy":"woo-feed-brand","embeddable":true,"href":"https:\/\/www.bojungle.eu\/cs\/wp-json\/wp\/v2\/woo-feed-brand?post=41234"}],"curies":[{"name":"wp","href":"https:\/\/api.w.org\/{rel}","templated":true}]}}