{"id":41243,"date":"2022-05-29T11:42:35","date_gmt":"2022-05-29T09:42:35","guid":{"rendered":"https:\/\/dev.authority.biz\/boj\/product\/b-prenosna-prebalovaci-podlozka\/"},"modified":"2022-05-29T11:42:35","modified_gmt":"2022-05-29T11:42:35","slug":"b-portable-changing-pad-2","status":"publish","type":"product","link":"https:\/\/www.bojungle.eu\/cs\/produkt\/b-portable-changing-pad-2\/","title":{"rendered":"B-p\u0159enosn\u00e1 p\u0159ebalovac\u00ed podlo\u017eka"},"content":{"rendered":"<ul>\n<li>P\u0159ebalovac\u00ed podlo\u017eka B-Mini<\/li>\n<li>S pam\u011b\u0165ovou p\u011bnou!<\/li>\n<li>Velmi pohodln\u00e9 a m\u011bkk\u00e9 pro d\u00edt\u011b: obsahuje pam\u011b\u0165ovou p\u011bnu!<\/li>\n<li>Velmi hygienick\u00fd a snadno ot\u00edrateln\u00fd povrch<\/li>\n<li>Extra dlouh\u00e1 konstrukce<\/li>\n<li>Vyj\u00edmateln\u00e9 p\u0159ihr\u00e1dky na pleny, vlh\u010den\u00e9 ubrousky atd.<\/li>\n<li>P\u0159ipev\u0148uje se ke ko\u010d\u00e1rk\u016fm, ta\u0161k\u00e1m na pleny atd. pomoc\u00ed syst\u00e9mu klip\u016f.<\/li>\n<li>100% polyuretanov\u00e1 p\u011bnov\u00e1 podlo\u017eka<\/li>\n<\/ul>\n","protected":false},"excerpt":{"rendered":"<p>Velmi pohodln\u00e9 a m\u011bkk\u00e9 pro d\u00edt\u011b: obsahuje pam\u011b\u0165ovou p\u011bnu!<\/p>\n","protected":false},"featured_media":75420,"comment_status":"closed","ping_status":"closed","template":"","meta":{"_lmt_disableupdate":"","_lmt_disable":""},"product_brand":[],"product_cat":[579,506,627,628],"product_tag":[],"woo-feed-brand":[],"class_list":{"0":"post-41243","1":"product","2":"type-product","3":"status-publish","4":"has-post-thumbnail","6":"product_cat-krasa-a-zdravi-ditete","7":"product_cat-pece-o-telo","8":"product_cat-venkovni","9":"product_cat-venkovni-prislusenstvi","11":"first","12":"outofstock","13":"taxable","14":"shipping-taxable","15":"purchasable","16":"product-type-simple"},"_links":{"self":[{"href":"https:\/\/www.bojungle.eu\/cs\/wp-json\/wp\/v2\/product\/41243","targetHints":{"allow":["GET"]}}],"collection":[{"href":"https:\/\/www.bojungle.eu\/cs\/wp-json\/wp\/v2\/product"}],"about":[{"href":"https:\/\/www.bojungle.eu\/cs\/wp-json\/wp\/v2\/types\/product"}],"replies":[{"embeddable":true,"href":"https:\/\/www.bojungle.eu\/cs\/wp-json\/wp\/v2\/comments?post=41243"}],"version-history":[{"count":0,"href":"https:\/\/www.bojungle.eu\/cs\/wp-json\/wp\/v2\/product\/41243\/revisions"}],"wp:featuredmedia":[{"embeddable":true,"href":"https:\/\/www.bojungle.eu\/cs\/wp-json\/wp\/v2\/media\/75420"}],"wp:attachment":[{"href":"https:\/\/www.bojungle.eu\/cs\/wp-json\/wp\/v2\/media?parent=41243"}],"wp:term":[{"taxonomy":"product_brand","embeddable":true,"href":"https:\/\/www.bojungle.eu\/cs\/wp-json\/wp\/v2\/product_brand?post=41243"},{"taxonomy":"product_cat","embeddable":true,"href":"https:\/\/www.bojungle.eu\/cs\/wp-json\/wp\/v2\/product_cat?post=41243"},{"taxonomy":"product_tag","embeddable":true,"href":"https:\/\/www.bojungle.eu\/cs\/wp-json\/wp\/v2\/product_tag?post=41243"},{"taxonomy":"woo-feed-brand","embeddable":true,"href":"https:\/\/www.bojungle.eu\/cs\/wp-json\/wp\/v2\/woo-feed-brand?post=41243"}],"curies":[{"name":"wp","href":"https:\/\/api.w.org\/{rel}","templated":true}]}}