{"id":41260,"date":"2022-05-29T11:41:41","date_gmt":"2022-05-29T09:41:41","guid":{"rendered":"https:\/\/dev.authority.biz\/boj\/product\/b-plysova-hracka-s-dekou-slon-zimbe\/"},"modified":"2022-05-29T11:41:41","modified_gmt":"2022-05-29T11:41:41","slug":"b-plush-hracka-s-blanketou-zimbe-slon","status":"publish","type":"product","link":"https:\/\/www.bojungle.eu\/cs\/produkt\/b-plush-hracka-s-blanketou-zimbe-slon\/","title":{"rendered":"B-Ply\u0161ov\u00e1 hra\u010dka s dekou Slon Zimbe"},"content":{"rendered":"<ul>\n<li>Sada se skl\u00e1d\u00e1 z ply\u0161ov\u00e9ho zv\u00ed\u0159ete z velmi m\u011bkk\u00e9ho frot\u00e9 a deky\/ru\u010dn\u00edku na koup\u00e1n\u00ed.<\/li>\n<li>Jedna strana deky je vyrobena z frot\u00e9, kter\u00e9 lze pou\u017e\u00edt jako ru\u010dn\u00edk, druh\u00e1 strana je vyrobena z m\u011bkk\u00e9ho fleecu a lze ji pou\u017e\u00edt jako p\u0159ikr\u00fdvku.<\/li>\n<li>Snadn\u00e1 \u00fadr\u017eba, lze pr\u00e1t v pra\u010dce<\/li>\n<li>Rozm\u011bry ply\u0161ov\u00e9ho zv\u00ed\u0159ete: Rozm\u011bry ply\u0161ov\u00e9ho zv\u00ed\u0159ete: +- 45 cm v otev\u0159en\u00e9 poloze<\/li>\n<li>Rozm\u011bry deky: Rozm\u011bry deky: 75 x 95 cm<\/li>\n<\/ul>\n","protected":false},"excerpt":{"rendered":"<p>Sada se skl\u00e1d\u00e1 z ply\u0161ov\u00e9ho zv\u00ed\u0159ete z velmi m\u011bkk\u00e9ho frot\u00e9 a deky\/ru\u010dn\u00edku na koup\u00e1n\u00ed.<\/p>\n","protected":false},"featured_media":56140,"comment_status":"closed","ping_status":"closed","template":"","meta":{"_lmt_disableupdate":"","_lmt_disable":""},"product_brand":[],"product_cat":[471,472],"product_tag":[],"woo-feed-brand":[],"class_list":{"0":"post-41260","1":"product","2":"type-product","3":"status-publish","4":"has-post-thumbnail","6":"product_cat-playtime-cs","7":"product_cat-plysove-hracky","9":"first","10":"instock","11":"taxable","12":"shipping-taxable","13":"purchasable","14":"product-type-simple"},"_links":{"self":[{"href":"https:\/\/www.bojungle.eu\/cs\/wp-json\/wp\/v2\/product\/41260","targetHints":{"allow":["GET"]}}],"collection":[{"href":"https:\/\/www.bojungle.eu\/cs\/wp-json\/wp\/v2\/product"}],"about":[{"href":"https:\/\/www.bojungle.eu\/cs\/wp-json\/wp\/v2\/types\/product"}],"replies":[{"embeddable":true,"href":"https:\/\/www.bojungle.eu\/cs\/wp-json\/wp\/v2\/comments?post=41260"}],"version-history":[{"count":0,"href":"https:\/\/www.bojungle.eu\/cs\/wp-json\/wp\/v2\/product\/41260\/revisions"}],"wp:featuredmedia":[{"embeddable":true,"href":"https:\/\/www.bojungle.eu\/cs\/wp-json\/wp\/v2\/media\/56140"}],"wp:attachment":[{"href":"https:\/\/www.bojungle.eu\/cs\/wp-json\/wp\/v2\/media?parent=41260"}],"wp:term":[{"taxonomy":"product_brand","embeddable":true,"href":"https:\/\/www.bojungle.eu\/cs\/wp-json\/wp\/v2\/product_brand?post=41260"},{"taxonomy":"product_cat","embeddable":true,"href":"https:\/\/www.bojungle.eu\/cs\/wp-json\/wp\/v2\/product_cat?post=41260"},{"taxonomy":"product_tag","embeddable":true,"href":"https:\/\/www.bojungle.eu\/cs\/wp-json\/wp\/v2\/product_tag?post=41260"},{"taxonomy":"woo-feed-brand","embeddable":true,"href":"https:\/\/www.bojungle.eu\/cs\/wp-json\/wp\/v2\/woo-feed-brand?post=41260"}],"curies":[{"name":"wp","href":"https:\/\/api.w.org\/{rel}","templated":true}]}}