{"id":41329,"date":"2022-05-29T11:36:33","date_gmt":"2022-05-29T09:36:33","guid":{"rendered":"https:\/\/dev.authority.biz\/boj\/product\/b-plush-chrastitko-slon-zimbe\/"},"modified":"2022-05-29T11:36:33","modified_gmt":"2022-05-29T11:36:33","slug":"b-plush-rattle-zimbe-the-elephant-2","status":"publish","type":"product","link":"https:\/\/www.bojungle.eu\/cs\/produkt\/b-plush-rattle-zimbe-the-elephant-2\/","title":{"rendered":"B-Plush Chrast\u00edtko slon Zimbe"},"content":{"rendered":"<ul>\n<li>Chrast\u00edtka ze super m\u011bkk\u00e9ho frot\u00e9, kter\u00e1 va\u0161e d\u00edt\u011b jist\u011b zabav\u00ed.<\/li>\n<li>M\u011bkk\u00e9 zvonky na vnit\u0159n\u00ed stran\u011b<\/li>\n<\/ul>\n","protected":false},"excerpt":{"rendered":"<p>Chrast\u00edtka ze super m\u011bkk\u00e9ho frot\u00e9, kter\u00e1 va\u0161e d\u00edt\u011b jist\u011b zabav\u00ed.<\/p>\n","protected":false},"featured_media":55894,"comment_status":"closed","ping_status":"closed","template":"","meta":{"_lmt_disableupdate":"","_lmt_disable":""},"product_brand":[],"product_cat":[471,472],"product_tag":[],"woo-feed-brand":[],"class_list":{"0":"post-41329","1":"product","2":"type-product","3":"status-publish","4":"has-post-thumbnail","6":"product_cat-playtime-cs","7":"product_cat-plysove-hracky","9":"first","10":"instock","11":"taxable","12":"shipping-taxable","13":"purchasable","14":"product-type-simple"},"_links":{"self":[{"href":"https:\/\/www.bojungle.eu\/cs\/wp-json\/wp\/v2\/product\/41329","targetHints":{"allow":["GET"]}}],"collection":[{"href":"https:\/\/www.bojungle.eu\/cs\/wp-json\/wp\/v2\/product"}],"about":[{"href":"https:\/\/www.bojungle.eu\/cs\/wp-json\/wp\/v2\/types\/product"}],"replies":[{"embeddable":true,"href":"https:\/\/www.bojungle.eu\/cs\/wp-json\/wp\/v2\/comments?post=41329"}],"version-history":[{"count":0,"href":"https:\/\/www.bojungle.eu\/cs\/wp-json\/wp\/v2\/product\/41329\/revisions"}],"wp:featuredmedia":[{"embeddable":true,"href":"https:\/\/www.bojungle.eu\/cs\/wp-json\/wp\/v2\/media\/55894"}],"wp:attachment":[{"href":"https:\/\/www.bojungle.eu\/cs\/wp-json\/wp\/v2\/media?parent=41329"}],"wp:term":[{"taxonomy":"product_brand","embeddable":true,"href":"https:\/\/www.bojungle.eu\/cs\/wp-json\/wp\/v2\/product_brand?post=41329"},{"taxonomy":"product_cat","embeddable":true,"href":"https:\/\/www.bojungle.eu\/cs\/wp-json\/wp\/v2\/product_cat?post=41329"},{"taxonomy":"product_tag","embeddable":true,"href":"https:\/\/www.bojungle.eu\/cs\/wp-json\/wp\/v2\/product_tag?post=41329"},{"taxonomy":"woo-feed-brand","embeddable":true,"href":"https:\/\/www.bojungle.eu\/cs\/wp-json\/wp\/v2\/woo-feed-brand?post=41329"}],"curies":[{"name":"wp","href":"https:\/\/api.w.org\/{rel}","templated":true}]}}