{"id":41471,"date":"2022-05-29T11:29:51","date_gmt":"2022-05-29T09:29:51","guid":{"rendered":"https:\/\/dev.authority.biz\/boj\/product\/b-elephant-piano\/"},"modified":"2024-05-08T11:38:49","modified_gmt":"2024-05-08T09:38:49","slug":"b-elephant-piano-2","status":"publish","type":"product","link":"https:\/\/www.bojungle.eu\/cs\/produkt\/b-elephant-piano-2\/","title":{"rendered":"E&#8217;L&#8217;E&#8217;Phant Piano"},"content":{"rendered":"<div id=\"description\" class=\"tab-pane fade in active\" role=\"tabpanel\">\n<div class=\"product-description\">\n<p>Seznamte se s klav\u00edrem E&#8217;Le&#8217;Phant &#8211; hudebn\u00ed z\u00e1bava pro d\u011bti! Je vyrobeno pro d\u011bti od 6 m\u011bs\u00edc\u016f a m\u00e1 spoustu z\u00e1bavn\u00fdch funkc\u00ed, kter\u00e9 jim pom\u00e1haj\u00ed u\u010dit se a hr\u00e1t si. M\u00e1 sv\u011btla a hudbu, kter\u00e9 d\u011bti miluj\u00ed, a nav\u00edc pohybliv\u00e9 \u010d\u00e1sti, kter\u00e9 je zabav\u00ed.<\/p>\n<p>Co je uvnit\u0159:<\/p>\n<ul>\n<li><strong>Sv\u011btlo a hudba Klav\u00edr:<\/strong> Tento klav\u00edr sv\u00edt\u00ed a hraje hudbu, tak\u017ee si s n\u00edm d\u011bti mohou hr\u00e1t velmi z\u00e1bavn\u011b.<\/li>\n<li><strong>Pom\u00e1h\u00e1 s pohyby rukou:<\/strong> Tla\u010d\u00edtka a knofl\u00edky na klav\u00edru pom\u00e1haj\u00ed d\u011btem nau\u010dit se pohybovat rukama a prsty.<\/li>\n<li><b>R\u016fzn\u00e9 re\u017eimy: <\/b> v\u00fdukov\u00fd a hudebn\u00ed re\u017eim<\/li>\n<\/ul>\n<p>Klav\u00edr E&#8217;Le&#8217;Phant je z\u00e1bava a u\u010den\u00ed v jednom! Nechte sv\u00e9 d\u00edt\u011b objevovat hudbu a pohyb s touto vzru\u0161uj\u00edc\u00ed hra\u010dkou! <\/p>\n<\/div>\n<\/div>\n<div id=\"product-details\" class=\"tab-pane fade\" style=\"box-sizing: inherit; opacity: 1; transition: opacity 0.15s linear 0s; display: block; margin-bottom: 20px; color: #000000; font-family: Roboto, Arial, Helvetica, sans-serif; font-size: 13px; font-style: normal; font-variant-ligatures: normal; font-variant-caps: normal; font-weight: 400; letter-spacing: normal; orphans: 2; text-align: start; text-indent: 0px; text-transform: none; white-space: normal; widows: 2; word-spacing: 0px; -webkit-text-stroke-width: 0px; background-color: #ffffff; text-decoration-thickness: initial; text-decoration-style: initial; text-decoration-color: initial;\" role=\"tabpanel\" data-product=\"{\"id_shop_default\":\"1\",\"id_manufacturer\":\"0\",\"id_supplier\":\"0\",\"reference\":\"B925300\",\"is_virtual\":\"0\",\"delivery_in_stock\":\"\",\"delivery_out_stock\":\"\",\"id_category_default\":\"346\",\"on_sale\":\"0\",\"online_only\":\"0\",\"ecotax\":0,\"minimal_quantity\":\"1\",\"low_stock_threshold\":null,\"low_stock_alert\":\"0\",\"price\":\"u20ac4.99\",\"unity\":\"\",\"unit_price_ratio\":\"0.000000\",\"additional_shipping_cost\":\"0.000000\",\"customizable\":\"0\",\"text_fields\":\"0\",\"uploadable_files\":\"0\",\"redirect_type\":\"301-category\",\"id_type_redirected\":\"0\",\"available_for_order\":\"1\",\"available_date\":\"0000-00-00\",\"show_condition\":\"0\",\"condition\":\"new\",\"show_price\":\"1\",\"indexed\":\"1\",\"visibility\":\"both\",\"cache_default_attribute\":\"0\",\"advanced_stock_management\":\"0\",\"date_add\":\"2021-10-06 13:37:28\",\"date_upd\":\"2022-02-01 10:25:15\",\"pack_stock_type\":\"0\",\"meta_description\":\"Discover our B-E'Le'Phant Piano from the product range: Playing | Bo Jungle\",\"meta_keywords\":\"\",\"meta_title\":\"B-E'Le'Phant Piano | Bo Jungle\",\"link_rewrite\":\"b-e-le-phant-piano\",\"name\":\"B-E'Le'Phant Piano\",\"description\":\"&lt;encoded_tag_open \/&gt;p&lt;encoded_tag_closed \/&gt;This toy is designed for babies of 6 months and older. It features a number of interactive and moving parts that help to improve dexterity and fine motor skills. It also encourages musical exploration and learning, through play.&lt;encoded_tag_open \/&gt;\/p&lt;encoded_tag_closed \/&gt;\",\"description_short\":\"&lt;encoded_tag_open \/&gt;p&lt;encoded_tag_closed \/&gt;B-E-Le-Phant Piano&lt;encoded_tag_open \/&gt;\/p&lt;encoded_tag_closed \/&gt;\",\"available_now\":\"\",\"available_later\":\"\",\"id\":1071,\"id_product\":1071,\"out_of_stock\":0,\"new\":0,\"id_product_attribute\":\"0\",\"quantity_wanted\":1,\"extraContent\":[],\"allow_oosp\":true,\"category\":\"klein-speelgoed\",\"category_name\":\"Small toys\",\"link\":\"https:\/\/bojungle.eu\/gb\/klein-speelgoed\/1071-b-e-le-phant-piano.html\",\"attribute_price\":0,\"price_tax_exc\":4.99,\"price_without_reduction\":4.99,\"reduction\":0,\"specific_prices\":[],\"quantity\":0,\"quantity_all_versions\":0,\"id_image\":\"gb-default\",\"features\":[],\"attachments\":[],\"virtual\":0,\"pack\":0,\"packItems\":[],\"nopackprice\":0,\"customization_required\":false,\"rate\":0,\"tax_name\":\"\",\"ecotax_rate\":0,\"unit_price\":\"\",\"customizations\":{\"fields\":[]},\"id_customization\":0,\"is_customizable\":false,\"show_quantities\":false,\"quantity_label\":\"Item\",\"quantity_discounts\":[],\"customer_group_discount\":0,\"images\":[{\"bySize\":{\"small_default\":{\"url\":\"https:\/\/bojungle.eu\/3251-small_default\/b-e-le-phant-piano.jpg\",\"width\":98,\"height\":98},\"cart_default\":{\"url\":\"https:\/\/bojungle.eu\/3251-cart_default\/b-e-le-phant-piano.jpg\",\"width\":125,\"height\":125},\"home_default\":{\"url\":\"https:\/\/bojungle.eu\/3251-home_default\/b-e-le-phant-piano.jpg\",\"width\":259,\"height\":259},\"medium_default\":{\"url\":\"https:\/\/bojungle.eu\/3251-medium_default\/b-e-le-phant-piano.jpg\",\"width\":452,\"height\":452},\"large_default\":{\"url\":\"https:\/\/bojungle.eu\/3251-large_default\/b-e-le-phant-piano.jpg\",\"width\":800,\"height\":800}},\"small\":{\"url\":\"https:\/\/bojungle.eu\/3251-small_default\/b-e-le-phant-piano.jpg\",\"width\":98,\"height\":98},\"medium\":{\"url\":\"https:\/\/bojungle.eu\/3251-home_default\/b-e-le-phant-piano.jpg\",\"width\":259,\"height\":259},\"large\":{\"url\":\"https:\/\/bojungle.eu\/3251-large_default\/b-e-le-phant-piano.jpg\",\"width\":800,\"height\":800},\"legend\":\"\",\"id_image\":\"3251\",\"cover\":\"1\",\"position\":\"1\",\"associatedVariants\":[]}],\"cover\":{\"bySize\":{\"small_default\":{\"url\":\"https:\/\/bojungle.eu\/3251-small_default\/b-e-le-phant-piano.jpg\",\"width\":98,\"height\":98},\"cart_default\":{\"url\":\"https:\/\/bojungle.eu\/3251-cart_default\/b-e-le-phant-piano.jpg\",\"width\":125,\"height\":125},\"home_default\":{\"url\":\"https:\/\/bojungle.eu\/3251-home_default\/b-e-le-phant-piano.jpg\",\"width\":259,\"height\":259},\"medium_default\":{\"url\":\"https:\/\/bojungle.eu\/3251-medium_default\/b-e-le-phant-piano.jpg\",\"width\":452,\"height\":452},\"large_default\":{\"url\":\"https:\/\/bojungle.eu\/3251-large_default\/b-e-le-phant-piano.jpg\",\"width\":800,\"height\":800}},\"small\":{\"url\":\"https:\/\/bojungle.eu\/3251-small_default\/b-e-le-phant-piano.jpg\",\"width\":98,\"height\":98},\"medium\":{\"url\":\"https:\/\/bojungle.eu\/3251-home_default\/b-e-le-phant-piano.jpg\",\"width\":259,\"height\":259},\"large\":{\"url\":\"https:\/\/bojungle.eu\/3251-large_default\/b-e-le-phant-piano.jpg\",\"width\":800,\"height\":800},\"legend\":\"\",\"id_image\":\"3251\",\"cover\":\"1\",\"position\":\"1\",\"associatedVariants\":[]},\"has_discount\":false,\"discount_type\":null,\"discount_percentage\":null,\"discount_percentage_absolute\":null,\"discount_amount\":null,\"discount_amount_to_display\":null,\"price_amount\":4.99,\"unit_price_full\":\"\",\"show_availability\":false,\"availability_message\":null,\"availability_date\":null,\"availability\":null}\"><\/div>\n","protected":false},"excerpt":{"rendered":"<div id=\"description\" class=\"tab-pane fade in active\" role=\"tabpanel\">\n<div class=\"product-description\">\n<p>Toto interaktivn\u00ed piano E&#8217;Le&#8217;Phant je ur\u010deno pro d\u011bti od 6 m\u011bs\u00edc\u016f a je vybaveno sv\u011btly, hudbou a pohybliv\u00fdmi \u010d\u00e1stmi, kter\u00e9 va\u0161e d\u00edt\u011b zaujmou. D\u00edky tla\u010d\u00edtk\u016fm a knofl\u00edk\u016fm pom\u00e1h\u00e1 rozv\u00edjet pohyby rukou a z\u00e1rove\u0148 nab\u00edz\u00ed r\u016fzn\u00e9 re\u017eimy pro u\u010den\u00ed a hudebn\u00ed hru. <\/p>\n<\/div>\n<\/div>\n<div id=\"product-details\" class=\"tab-pane fade\" style=\"box-sizing: inherit; opacity: 1; transition: opacity 0.15s linear 0s; display: block; margin-bottom: 20px; color: #000000; font-family: Roboto, Arial, Helvetica, sans-serif; font-size: 13px; font-style: normal; font-variant-ligatures: normal; font-variant-caps: normal; font-weight: 400; letter-spacing: normal; orphans: 2; text-align: start; text-indent: 0px; text-transform: none; white-space: normal; widows: 2; word-spacing: 0px; -webkit-text-stroke-width: 0px; background-color: #ffffff; text-decoration-thickness: initial; text-decoration-style: initial; text-decoration-color: initial;\" role=\"tabpanel\" data-product=\"{\"id_shop_default\":\"1\",\"id_manufacturer\":\"0\",\"id_supplier\":\"0\",\"reference\":\"B925300\",\"is_virtual\":\"0\",\"delivery_in_stock\":\"\",\"delivery_out_stock\":\"\",\"id_category_default\":\"346\",\"on_sale\":\"0\",\"online_only\":\"0\",\"ecotax\":0,\"minimal_quantity\":\"1\",\"low_stock_threshold\":null,\"low_stock_alert\":\"0\",\"price\":\"u20ac4.99\",\"unity\":\"\",\"unit_price_ratio\":\"0.000000\",\"additional_shipping_cost\":\"0.000000\",\"customizable\":\"0\",\"text_fields\":\"0\",\"uploadable_files\":\"0\",\"redirect_type\":\"301-category\",\"id_type_redirected\":\"0\",\"available_for_order\":\"1\",\"available_date\":\"0000-00-00\",\"show_condition\":\"0\",\"condition\":\"new\",\"show_price\":\"1\",\"indexed\":\"1\",\"visibility\":\"both\",\"cache_default_attribute\":\"0\",\"advanced_stock_management\":\"0\",\"date_add\":\"2021-10-06 13:37:28\",\"date_upd\":\"2022-02-01 10:25:15\",\"pack_stock_type\":\"0\",\"meta_description\":\"Discover our B-E'Le'Phant Piano from the product range: Playing | Bo Jungle\",\"meta_keywords\":\"\",\"meta_title\":\"B-E'Le'Phant Piano | Bo Jungle\",\"link_rewrite\":\"b-e-le-phant-piano\",\"name\":\"B-E'Le'Phant Piano\",\"description\":\"&lt;encoded_tag_open \/&gt;p&lt;encoded_tag_closed \/&gt;This toy is designed for babies of 6 months and older. It features a number of interactive and moving parts that help to improve dexterity and fine motor skills. It also encourages musical exploration and learning, through play.&lt;encoded_tag_open \/&gt;\/p&lt;encoded_tag_closed \/&gt;\",\"description_short\":\"&lt;encoded_tag_open \/&gt;p&lt;encoded_tag_closed \/&gt;B-E-Le-Phant Piano&lt;encoded_tag_open \/&gt;\/p&lt;encoded_tag_closed \/&gt;\",\"available_now\":\"\",\"available_later\":\"\",\"id\":1071,\"id_product\":1071,\"out_of_stock\":0,\"new\":0,\"id_product_attribute\":\"0\",\"quantity_wanted\":1,\"extraContent\":[],\"allow_oosp\":true,\"category\":\"klein-speelgoed\",\"category_name\":\"Small toys\",\"link\":\"https:\/\/bojungle.eu\/gb\/klein-speelgoed\/1071-b-e-le-phant-piano.html\",\"attribute_price\":0,\"price_tax_exc\":4.99,\"price_without_reduction\":4.99,\"reduction\":0,\"specific_prices\":[],\"quantity\":0,\"quantity_all_versions\":0,\"id_image\":\"gb-default\",\"features\":[],\"attachments\":[],\"virtual\":0,\"pack\":0,\"packItems\":[],\"nopackprice\":0,\"customization_required\":false,\"rate\":0,\"tax_name\":\"\",\"ecotax_rate\":0,\"unit_price\":\"\",\"customizations\":{\"fields\":[]},\"id_customization\":0,\"is_customizable\":false,\"show_quantities\":false,\"quantity_label\":\"Item\",\"quantity_discounts\":[],\"customer_group_discount\":0,\"images\":[{\"bySize\":{\"small_default\":{\"url\":\"https:\/\/bojungle.eu\/3251-small_default\/b-e-le-phant-piano.jpg\",\"width\":98,\"height\":98},\"cart_default\":{\"url\":\"https:\/\/bojungle.eu\/3251-cart_default\/b-e-le-phant-piano.jpg\",\"width\":125,\"height\":125},\"home_default\":{\"url\":\"https:\/\/bojungle.eu\/3251-home_default\/b-e-le-phant-piano.jpg\",\"width\":259,\"height\":259},\"medium_default\":{\"url\":\"https:\/\/bojungle.eu\/3251-medium_default\/b-e-le-phant-piano.jpg\",\"width\":452,\"height\":452},\"large_default\":{\"url\":\"https:\/\/bojungle.eu\/3251-large_default\/b-e-le-phant-piano.jpg\",\"width\":800,\"height\":800}},\"small\":{\"url\":\"https:\/\/bojungle.eu\/3251-small_default\/b-e-le-phant-piano.jpg\",\"width\":98,\"height\":98},\"medium\":{\"url\":\"https:\/\/bojungle.eu\/3251-home_default\/b-e-le-phant-piano.jpg\",\"width\":259,\"height\":259},\"large\":{\"url\":\"https:\/\/bojungle.eu\/3251-large_default\/b-e-le-phant-piano.jpg\",\"width\":800,\"height\":800},\"legend\":\"\",\"id_image\":\"3251\",\"cover\":\"1\",\"position\":\"1\",\"associatedVariants\":[]}],\"cover\":{\"bySize\":{\"small_default\":{\"url\":\"https:\/\/bojungle.eu\/3251-small_default\/b-e-le-phant-piano.jpg\",\"width\":98,\"height\":98},\"cart_default\":{\"url\":\"https:\/\/bojungle.eu\/3251-cart_default\/b-e-le-phant-piano.jpg\",\"width\":125,\"height\":125},\"home_default\":{\"url\":\"https:\/\/bojungle.eu\/3251-home_default\/b-e-le-phant-piano.jpg\",\"width\":259,\"height\":259},\"medium_default\":{\"url\":\"https:\/\/bojungle.eu\/3251-medium_default\/b-e-le-phant-piano.jpg\",\"width\":452,\"height\":452},\"large_default\":{\"url\":\"https:\/\/bojungle.eu\/3251-large_default\/b-e-le-phant-piano.jpg\",\"width\":800,\"height\":800}},\"small\":{\"url\":\"https:\/\/bojungle.eu\/3251-small_default\/b-e-le-phant-piano.jpg\",\"width\":98,\"height\":98},\"medium\":{\"url\":\"https:\/\/bojungle.eu\/3251-home_default\/b-e-le-phant-piano.jpg\",\"width\":259,\"height\":259},\"large\":{\"url\":\"https:\/\/bojungle.eu\/3251-large_default\/b-e-le-phant-piano.jpg\",\"width\":800,\"height\":800},\"legend\":\"\",\"id_image\":\"3251\",\"cover\":\"1\",\"position\":\"1\",\"associatedVariants\":[]},\"has_discount\":false,\"discount_type\":null,\"discount_percentage\":null,\"discount_percentage_absolute\":null,\"discount_amount\":null,\"discount_amount_to_display\":null,\"price_amount\":4.99,\"unit_price_full\":\"\",\"show_availability\":false,\"availability_message\":null,\"availability_date\":null,\"availability\":null}\"><\/div>\n","protected":false},"featured_media":71621,"comment_status":"closed","ping_status":"closed","template":"","meta":{"_lmt_disableupdate":"","_lmt_disable":""},"product_brand":[],"product_cat":[483,605,608,471],"product_tag":[],"woo-feed-brand":[],"class_list":{"0":"post-41471","1":"product","2":"type-product","3":"status-publish","4":"has-post-thumbnail","6":"product_cat-barevne-hracky","7":"product_cat-hracky-pro-aktivity","8":"product_cat-hudebni-hracky","9":"product_cat-playtime-cs","11":"first","12":"instock","13":"taxable","14":"shipping-taxable","15":"purchasable","16":"product-type-simple"},"_links":{"self":[{"href":"https:\/\/www.bojungle.eu\/cs\/wp-json\/wp\/v2\/product\/41471","targetHints":{"allow":["GET"]}}],"collection":[{"href":"https:\/\/www.bojungle.eu\/cs\/wp-json\/wp\/v2\/product"}],"about":[{"href":"https:\/\/www.bojungle.eu\/cs\/wp-json\/wp\/v2\/types\/product"}],"replies":[{"embeddable":true,"href":"https:\/\/www.bojungle.eu\/cs\/wp-json\/wp\/v2\/comments?post=41471"}],"version-history":[{"count":1,"href":"https:\/\/www.bojungle.eu\/cs\/wp-json\/wp\/v2\/product\/41471\/revisions"}],"predecessor-version":[{"id":75652,"href":"https:\/\/www.bojungle.eu\/cs\/wp-json\/wp\/v2\/product\/41471\/revisions\/75652"}],"wp:featuredmedia":[{"embeddable":true,"href":"https:\/\/www.bojungle.eu\/cs\/wp-json\/wp\/v2\/media\/71621"}],"wp:attachment":[{"href":"https:\/\/www.bojungle.eu\/cs\/wp-json\/wp\/v2\/media?parent=41471"}],"wp:term":[{"taxonomy":"product_brand","embeddable":true,"href":"https:\/\/www.bojungle.eu\/cs\/wp-json\/wp\/v2\/product_brand?post=41471"},{"taxonomy":"product_cat","embeddable":true,"href":"https:\/\/www.bojungle.eu\/cs\/wp-json\/wp\/v2\/product_cat?post=41471"},{"taxonomy":"product_tag","embeddable":true,"href":"https:\/\/www.bojungle.eu\/cs\/wp-json\/wp\/v2\/product_tag?post=41471"},{"taxonomy":"woo-feed-brand","embeddable":true,"href":"https:\/\/www.bojungle.eu\/cs\/wp-json\/wp\/v2\/woo-feed-brand?post=41471"}],"curies":[{"name":"wp","href":"https:\/\/api.w.org\/{rel}","templated":true}]}}