{"id":41509,"date":"2022-05-29T11:29:48","date_gmt":"2022-05-29T09:29:48","guid":{"rendered":"https:\/\/dev.authority.biz\/boj\/product\/polstarek-b-neck-kenzi-the-lion\/"},"modified":"2022-05-29T11:29:48","modified_gmt":"2022-05-29T11:29:48","slug":"b-neck-cushion-kenzi-the-lion-2","status":"publish","type":"product","link":"https:\/\/www.bojungle.eu\/cs\/produkt\/b-neck-cushion-kenzi-the-lion-2\/","title":{"rendered":"Pol\u0161t\u00e1\u0159ek B-Neck Kenzi the Lion"},"content":{"rendered":"<ul>\n<li>M\u011bkk\u00fd pol\u0161t\u00e1\u0159 na krk d\u011btsk\u00e9 velikosti, d\u00edky kter\u00e9mu budou dlouh\u00e9 cesty pro va\u0161e d\u00edt\u011b mnohem pohodln\u011bj\u0161\u00ed.<\/li>\n<li>Spodn\u00ed strana z fleecu<\/li>\n<li>Snadn\u00e1 \u00fadr\u017eba, lze pr\u00e1t v pra\u010dce<\/li>\n<\/ul>\n","protected":false},"excerpt":{"rendered":"<p>M\u011bkk\u00fd pol\u0161t\u00e1\u0159 na krk d\u011btsk\u00e9 velikosti, d\u00edky kter\u00e9mu budou dlouh\u00e9 cesty pro va\u0161e d\u00edt\u011b mnohem pohodln\u011bj\u0161\u00ed.<\/p>\n","protected":false},"featured_media":68529,"comment_status":"closed","ping_status":"closed","template":"","meta":{"_lmt_disableupdate":"","_lmt_disable":""},"product_brand":[],"product_cat":[627,628],"product_tag":[],"woo-feed-brand":[],"class_list":{"0":"post-41509","1":"product","2":"type-product","3":"status-publish","4":"has-post-thumbnail","6":"product_cat-venkovni","7":"product_cat-venkovni-prislusenstvi","9":"first","10":"instock","11":"taxable","12":"shipping-taxable","13":"purchasable","14":"product-type-simple"},"_links":{"self":[{"href":"https:\/\/www.bojungle.eu\/cs\/wp-json\/wp\/v2\/product\/41509","targetHints":{"allow":["GET"]}}],"collection":[{"href":"https:\/\/www.bojungle.eu\/cs\/wp-json\/wp\/v2\/product"}],"about":[{"href":"https:\/\/www.bojungle.eu\/cs\/wp-json\/wp\/v2\/types\/product"}],"replies":[{"embeddable":true,"href":"https:\/\/www.bojungle.eu\/cs\/wp-json\/wp\/v2\/comments?post=41509"}],"version-history":[{"count":0,"href":"https:\/\/www.bojungle.eu\/cs\/wp-json\/wp\/v2\/product\/41509\/revisions"}],"wp:featuredmedia":[{"embeddable":true,"href":"https:\/\/www.bojungle.eu\/cs\/wp-json\/wp\/v2\/media\/68529"}],"wp:attachment":[{"href":"https:\/\/www.bojungle.eu\/cs\/wp-json\/wp\/v2\/media?parent=41509"}],"wp:term":[{"taxonomy":"product_brand","embeddable":true,"href":"https:\/\/www.bojungle.eu\/cs\/wp-json\/wp\/v2\/product_brand?post=41509"},{"taxonomy":"product_cat","embeddable":true,"href":"https:\/\/www.bojungle.eu\/cs\/wp-json\/wp\/v2\/product_cat?post=41509"},{"taxonomy":"product_tag","embeddable":true,"href":"https:\/\/www.bojungle.eu\/cs\/wp-json\/wp\/v2\/product_tag?post=41509"},{"taxonomy":"woo-feed-brand","embeddable":true,"href":"https:\/\/www.bojungle.eu\/cs\/wp-json\/wp\/v2\/woo-feed-brand?post=41509"}],"curies":[{"name":"wp","href":"https:\/\/api.w.org\/{rel}","templated":true}]}}