{"id":41521,"date":"2022-05-29T11:29:48","date_gmt":"2022-05-29T09:29:48","guid":{"rendered":"https:\/\/dev.authority.biz\/boj\/product\/b-muj-prvni-chytry-telefon-cervena\/"},"modified":"2022-05-29T11:29:48","modified_gmt":"2022-05-29T11:29:48","slug":"b-my-first-smart-phone-rood-2","status":"publish","type":"product","link":"https:\/\/www.bojungle.eu\/cs\/produkt\/b-my-first-smart-phone-rood-2\/","title":{"rendered":"B-M\u016fj prvn\u00ed chytr\u00fd telefon \u010cerven\u00e1"},"content":{"rendered":"<p>Tato hra\u010dka je vhodn\u00e1 pro d\u011bti od 12 m\u011bs\u00edc\u016f.<\/p>\n<p>V tomto v\u011bku se u d\u011bt\u00ed rozv\u00edj\u00ed siln\u00fd smysl pro zv\u011bdavost a r\u00e1dy napodobuj\u00ed sv\u00e9 rodi\u010de. Tento chytr\u00fd telefon s hra\u010dkou va\u0161e d\u00edt\u011b jist\u011b zabav\u00ed a je z\u00e1bavn\u00fdm prvkem, kter\u00fd mu pom\u016f\u017ee u\u010dit se p\u0159i h\u0159e.<\/p>\n","protected":false},"excerpt":{"rendered":"<p>Tento chytr\u00fd telefon s hra\u010dkou va\u0161e d\u00edt\u011b jist\u011b zabav\u00ed a je z\u00e1bavn\u00fdm prvkem, kter\u00fd mu pom\u016f\u017ee u\u010dit se p\u0159i h\u0159e.<\/p>\n","protected":false},"featured_media":71571,"comment_status":"closed","ping_status":"closed","template":"","meta":{"_lmt_disableupdate":"","_lmt_disable":""},"product_brand":[],"product_cat":[483,605,608,471],"product_tag":[],"woo-feed-brand":[],"class_list":{"0":"post-41521","1":"product","2":"type-product","3":"status-publish","4":"has-post-thumbnail","6":"product_cat-barevne-hracky","7":"product_cat-hracky-pro-aktivity","8":"product_cat-hudebni-hracky","9":"product_cat-playtime-cs","11":"first","12":"instock","13":"taxable","14":"shipping-taxable","15":"purchasable","16":"product-type-simple"},"_links":{"self":[{"href":"https:\/\/www.bojungle.eu\/cs\/wp-json\/wp\/v2\/product\/41521","targetHints":{"allow":["GET"]}}],"collection":[{"href":"https:\/\/www.bojungle.eu\/cs\/wp-json\/wp\/v2\/product"}],"about":[{"href":"https:\/\/www.bojungle.eu\/cs\/wp-json\/wp\/v2\/types\/product"}],"replies":[{"embeddable":true,"href":"https:\/\/www.bojungle.eu\/cs\/wp-json\/wp\/v2\/comments?post=41521"}],"version-history":[{"count":0,"href":"https:\/\/www.bojungle.eu\/cs\/wp-json\/wp\/v2\/product\/41521\/revisions"}],"wp:featuredmedia":[{"embeddable":true,"href":"https:\/\/www.bojungle.eu\/cs\/wp-json\/wp\/v2\/media\/71571"}],"wp:attachment":[{"href":"https:\/\/www.bojungle.eu\/cs\/wp-json\/wp\/v2\/media?parent=41521"}],"wp:term":[{"taxonomy":"product_brand","embeddable":true,"href":"https:\/\/www.bojungle.eu\/cs\/wp-json\/wp\/v2\/product_brand?post=41521"},{"taxonomy":"product_cat","embeddable":true,"href":"https:\/\/www.bojungle.eu\/cs\/wp-json\/wp\/v2\/product_cat?post=41521"},{"taxonomy":"product_tag","embeddable":true,"href":"https:\/\/www.bojungle.eu\/cs\/wp-json\/wp\/v2\/product_tag?post=41521"},{"taxonomy":"woo-feed-brand","embeddable":true,"href":"https:\/\/www.bojungle.eu\/cs\/wp-json\/wp\/v2\/woo-feed-brand?post=41521"}],"curies":[{"name":"wp","href":"https:\/\/api.w.org\/{rel}","templated":true}]}}