{"id":41563,"date":"2022-05-29T11:29:48","date_gmt":"2022-05-29T09:29:48","guid":{"rendered":"https:\/\/dev.authority.biz\/boj\/product\/b-nightlight\/"},"modified":"2025-05-14T14:57:16","modified_gmt":"2025-05-14T12:57:16","slug":"b-nightlight-2","status":"publish","type":"product","link":"https:\/\/www.bojungle.eu\/cs\/produkt\/b-nightlight-2\/","title":{"rendered":"B-Nightlight"},"content":{"rendered":"<ul>\n<li>Energeticky \u00fa\u010dinn\u00e9 sv\u011btlo LED s dlouhou \u017eivotnost\u00ed<\/li>\n<li>A\u017e 10 000 pracovn\u00edch hodin!<\/li>\n<li>Dv\u011b mo\u017enosti: automatick\u00fd denn\u00ed\/no\u010dn\u00ed senzor nebo manu\u00e1ln\u00ed tla\u010d\u00edtko zapnut\u00ed\/vypnut\u00ed<\/li>\n<li>Jedine\u010dn\u00e1 funkce: za\u0159\u00edzen\u00ed automaticky p\u0159izp\u016fsobuje intenzitu sv\u011btla tmavosti m\u00edstnosti; \u010d\u00edm tmav\u0161\u00ed je m\u00edstnost, t\u00edm jasn\u011bji sv\u011btlo sv\u00edt\u00ed!<\/li>\n<\/ul>\n<p>&nbsp;<\/p>\n<table border=\"1\">\n<tbody>\n<tr>\n<td>Manu\u00e1ln\u00ed\n<\/td>\n<td><a href=\"https:\/\/www.bojungle.eu\/wp-content\/uploads\/2025\/05\/B-Nightlight.pdf\" target=\"_blank\" rel=\"noopener\">Klikn\u011bte zde<\/a><\/td>\n<\/tr>\n<\/tbody>\n<\/table>\n","protected":false},"excerpt":{"rendered":"<p>Na\u0161e no\u010dn\u00ed sv\u011btlo pro va\u0161e nejmen\u0161\u00ed je dokonal\u00fdm spole\u010dn\u00edkem p\u0159ed span\u00edm! D\u00edky automatick\u00e9mu adaptivn\u00edmu sv\u00edcen\u00ed se p\u0159izp\u016fsob\u00ed tm\u011b v m\u00edstnosti a zajist\u00ed tu spr\u00e1vnou z\u00e1\u0159i. D\u00edky energeticky \u00fasporn\u00e9 technologii LED s \u017eivotnost\u00ed a\u017e 10 000 hodin je \u0161etrn\u00fd k \u017eivotn\u00edmu prost\u0159ed\u00ed i pen\u011b\u017eence. Vyberte si mezi automatick\u00fdm senzorem nebo ru\u010dn\u00edm ovl\u00e1d\u00e1n\u00edm, co\u017e zajist\u00ed snadn\u00e9 pou\u017eit\u00ed. Je \u0161etrn\u00fd k mal\u00fdm o\u010d\u00edm a poskytuje uklid\u0148uj\u00edc\u00ed atmosf\u00e9ru bez tepla. Vneste do postele klid a pohodu s na\u0161\u00edm v\u0161estrann\u00fdm no\u010dn\u00edm sv\u011btlem vhodn\u00fdm pro d\u011bti.     <\/p>\n","protected":false},"featured_media":66424,"comment_status":"closed","ping_status":"closed","template":"","meta":{"_lmt_disableupdate":"","_lmt_disable":""},"product_brand":[],"product_cat":[536],"product_tag":[],"woo-feed-brand":[],"class_list":{"0":"post-41563","1":"product","2":"type-product","3":"status-publish","4":"has-post-thumbnail","6":"product_cat-spanek","8":"first","9":"instock","10":"taxable","11":"shipping-taxable","12":"purchasable","13":"product-type-simple"},"_links":{"self":[{"href":"https:\/\/www.bojungle.eu\/cs\/wp-json\/wp\/v2\/product\/41563","targetHints":{"allow":["GET"]}}],"collection":[{"href":"https:\/\/www.bojungle.eu\/cs\/wp-json\/wp\/v2\/product"}],"about":[{"href":"https:\/\/www.bojungle.eu\/cs\/wp-json\/wp\/v2\/types\/product"}],"replies":[{"embeddable":true,"href":"https:\/\/www.bojungle.eu\/cs\/wp-json\/wp\/v2\/comments?post=41563"}],"version-history":[{"count":2,"href":"https:\/\/www.bojungle.eu\/cs\/wp-json\/wp\/v2\/product\/41563\/revisions"}],"predecessor-version":[{"id":79691,"href":"https:\/\/www.bojungle.eu\/cs\/wp-json\/wp\/v2\/product\/41563\/revisions\/79691"}],"wp:featuredmedia":[{"embeddable":true,"href":"https:\/\/www.bojungle.eu\/cs\/wp-json\/wp\/v2\/media\/66424"}],"wp:attachment":[{"href":"https:\/\/www.bojungle.eu\/cs\/wp-json\/wp\/v2\/media?parent=41563"}],"wp:term":[{"taxonomy":"product_brand","embeddable":true,"href":"https:\/\/www.bojungle.eu\/cs\/wp-json\/wp\/v2\/product_brand?post=41563"},{"taxonomy":"product_cat","embeddable":true,"href":"https:\/\/www.bojungle.eu\/cs\/wp-json\/wp\/v2\/product_cat?post=41563"},{"taxonomy":"product_tag","embeddable":true,"href":"https:\/\/www.bojungle.eu\/cs\/wp-json\/wp\/v2\/product_tag?post=41563"},{"taxonomy":"woo-feed-brand","embeddable":true,"href":"https:\/\/www.bojungle.eu\/cs\/wp-json\/wp\/v2\/woo-feed-brand?post=41563"}],"curies":[{"name":"wp","href":"https:\/\/api.w.org\/{rel}","templated":true}]}}