{"id":41612,"date":"2022-05-29T11:29:11","date_gmt":"2022-05-29T09:29:11","guid":{"rendered":"https:\/\/dev.authority.biz\/boj\/product\/b-light-music-rattle-koala\/"},"modified":"2022-05-29T11:29:11","modified_gmt":"2022-05-29T11:29:11","slug":"b-light-music-rattle-koala-2","status":"publish","type":"product","link":"https:\/\/www.bojungle.eu\/cs\/produkt\/b-light-music-rattle-koala-2\/","title":{"rendered":"B-Light &amp; Music Rattle Koala"},"content":{"rendered":"<ul>\n<li>Lehk\u00e1 konstrukce s bezbarv\u00fdm materi\u00e1lem a vestav\u011bn\u00fdm p\u0159\u00edslu\u0161enstv\u00edm pro kous\u00e1n\u00ed<\/li>\n<li>\u010cty\u0159i re\u017eimy<\/li>\n<li>Blikaj\u00edc\u00ed sv\u011btlo<\/li>\n<li>Vestav\u011bn\u00fd senzor<\/li>\n<li>Kousac\u00ed hra\u010dka<\/li>\n<\/ul>\n","protected":false},"excerpt":{"rendered":"<p>Lehk\u00e1 konstrukce s bezbarv\u00fdm materi\u00e1lem a vestav\u011bn\u00fdm p\u0159\u00edslu\u0161enstv\u00edm pro kous\u00e1n\u00ed<\/p>\n","protected":false},"featured_media":55013,"comment_status":"closed","ping_status":"closed","template":"","meta":{"_lmt_disableupdate":"","_lmt_disable":""},"product_brand":[],"product_cat":[483,669,605,608,471],"product_tag":[],"woo-feed-brand":[],"class_list":{"0":"post-41612","1":"product","2":"type-product","3":"status-publish","4":"has-post-thumbnail","6":"product_cat-barevne-hracky","7":"product_cat-chrastitka","8":"product_cat-hracky-pro-aktivity","9":"product_cat-hudebni-hracky","10":"product_cat-playtime-cs","12":"first","13":"instock","14":"taxable","15":"shipping-taxable","16":"purchasable","17":"product-type-simple"},"_links":{"self":[{"href":"https:\/\/www.bojungle.eu\/cs\/wp-json\/wp\/v2\/product\/41612","targetHints":{"allow":["GET"]}}],"collection":[{"href":"https:\/\/www.bojungle.eu\/cs\/wp-json\/wp\/v2\/product"}],"about":[{"href":"https:\/\/www.bojungle.eu\/cs\/wp-json\/wp\/v2\/types\/product"}],"replies":[{"embeddable":true,"href":"https:\/\/www.bojungle.eu\/cs\/wp-json\/wp\/v2\/comments?post=41612"}],"version-history":[{"count":0,"href":"https:\/\/www.bojungle.eu\/cs\/wp-json\/wp\/v2\/product\/41612\/revisions"}],"wp:featuredmedia":[{"embeddable":true,"href":"https:\/\/www.bojungle.eu\/cs\/wp-json\/wp\/v2\/media\/55013"}],"wp:attachment":[{"href":"https:\/\/www.bojungle.eu\/cs\/wp-json\/wp\/v2\/media?parent=41612"}],"wp:term":[{"taxonomy":"product_brand","embeddable":true,"href":"https:\/\/www.bojungle.eu\/cs\/wp-json\/wp\/v2\/product_brand?post=41612"},{"taxonomy":"product_cat","embeddable":true,"href":"https:\/\/www.bojungle.eu\/cs\/wp-json\/wp\/v2\/product_cat?post=41612"},{"taxonomy":"product_tag","embeddable":true,"href":"https:\/\/www.bojungle.eu\/cs\/wp-json\/wp\/v2\/product_tag?post=41612"},{"taxonomy":"woo-feed-brand","embeddable":true,"href":"https:\/\/www.bojungle.eu\/cs\/wp-json\/wp\/v2\/woo-feed-brand?post=41612"}],"curies":[{"name":"wp","href":"https:\/\/api.w.org\/{rel}","templated":true}]}}