{"id":41634,"date":"2022-05-29T11:29:11","date_gmt":"2022-05-29T09:29:11","guid":{"rendered":"https:\/\/dev.authority.biz\/boj\/product\/b-light-music-chrastitko-kralik\/"},"modified":"2023-07-10T11:09:37","modified_gmt":"2023-07-10T09:09:37","slug":"b-light-music-rattle-rabbit","status":"publish","type":"product","link":"https:\/\/www.bojungle.eu\/cs\/produkt\/b-light-music-rattle-rabbit\/","title":{"rendered":"B-Light &amp; Music Chrast\u00edtko kr\u00e1l\u00edk"},"content":{"rendered":"<ul>\n<li>Lehk\u00e1 konstrukce s bezbarv\u00fdm materi\u00e1lem a vestav\u011bn\u00fdm p\u0159\u00edslu\u0161enstv\u00edm pro kous\u00e1n\u00ed<\/li>\n<li>\u010cty\u0159i re\u017eimy<\/li>\n<li>Blikaj\u00edc\u00ed sv\u011btlo<\/li>\n<li>Vestav\u011bn\u00fd senzor<\/li>\n<li>Kousac\u00ed hra\u010dka<\/li>\n<\/ul>\n","protected":false},"excerpt":{"rendered":"<p>Sta\u010d\u00ed zat\u0159\u00e1st t\u00edmto mil\u00e1\u010dkem, aby se rozblikala sv\u011btla a za\u010dala hr\u00e1t hudba. Toto chrast\u00edtko s m\u011bkk\u00fdma u\u0161ima, kter\u00e9 m\u016f\u017ee va\u0161e d\u00edt\u011b \u017eu\u017elat, se stane jeho nejobl\u00edben\u011bj\u0161\u00edm!<\/p>\n","protected":false},"featured_media":55035,"comment_status":"closed","ping_status":"closed","template":"","meta":{"_lmt_disableupdate":"","_lmt_disable":""},"product_brand":[],"product_cat":[483,669,605,608,471],"product_tag":[1153,1154,1016,1152,1015],"woo-feed-brand":[],"class_list":{"0":"post-41634","1":"product","2":"type-product","3":"status-publish","4":"has-post-thumbnail","6":"product_cat-barevne-hracky","7":"product_cat-chrastitka","8":"product_cat-hracky-pro-aktivity","9":"product_cat-hudebni-hracky","10":"product_cat-playtime-cs","11":"product_tag-chrastitko","12":"product_tag-hrajici","13":"product_tag-hudba","14":"product_tag-miminko","15":"product_tag-svetla","17":"first","18":"instock","19":"taxable","20":"shipping-taxable","21":"purchasable","22":"product-type-simple"},"_links":{"self":[{"href":"https:\/\/www.bojungle.eu\/cs\/wp-json\/wp\/v2\/product\/41634","targetHints":{"allow":["GET"]}}],"collection":[{"href":"https:\/\/www.bojungle.eu\/cs\/wp-json\/wp\/v2\/product"}],"about":[{"href":"https:\/\/www.bojungle.eu\/cs\/wp-json\/wp\/v2\/types\/product"}],"replies":[{"embeddable":true,"href":"https:\/\/www.bojungle.eu\/cs\/wp-json\/wp\/v2\/comments?post=41634"}],"version-history":[{"count":0,"href":"https:\/\/www.bojungle.eu\/cs\/wp-json\/wp\/v2\/product\/41634\/revisions"}],"wp:featuredmedia":[{"embeddable":true,"href":"https:\/\/www.bojungle.eu\/cs\/wp-json\/wp\/v2\/media\/55035"}],"wp:attachment":[{"href":"https:\/\/www.bojungle.eu\/cs\/wp-json\/wp\/v2\/media?parent=41634"}],"wp:term":[{"taxonomy":"product_brand","embeddable":true,"href":"https:\/\/www.bojungle.eu\/cs\/wp-json\/wp\/v2\/product_brand?post=41634"},{"taxonomy":"product_cat","embeddable":true,"href":"https:\/\/www.bojungle.eu\/cs\/wp-json\/wp\/v2\/product_cat?post=41634"},{"taxonomy":"product_tag","embeddable":true,"href":"https:\/\/www.bojungle.eu\/cs\/wp-json\/wp\/v2\/product_tag?post=41634"},{"taxonomy":"woo-feed-brand","embeddable":true,"href":"https:\/\/www.bojungle.eu\/cs\/wp-json\/wp\/v2\/woo-feed-brand?post=41634"}],"curies":[{"name":"wp","href":"https:\/\/api.w.org\/{rel}","templated":true}]}}