{"id":42809,"date":"2022-05-29T11:29:10","date_gmt":"2022-05-29T09:29:10","guid":{"rendered":"https:\/\/bojungle.eu\/shop\/product\/b-keys-silikonove-sedabilamodraruzova\/"},"modified":"2024-04-11T13:47:19","modified_gmt":"2024-04-11T11:47:19","slug":"b-klice-silikonove-zeleno-bilo-modro-ruzove","status":"publish","type":"product","link":"https:\/\/www.bojungle.eu\/cs\/produkt\/b-klice-silikonove-zeleno-bilo-modro-ruzove\/","title":{"rendered":"Kl\u00ed\u010de silikonov\u00e9 (\u0161ed\u00e9,b\u00edl\u00e9,modr\u00e9,r\u016f\u017eov\u00e9)"},"content":{"rendered":"<p>Pod\u00edvejte se na na\u0161e silikonov\u00e9 kl\u00ed\u010de (\u0161ed\u00e9, b\u00edl\u00e9, modr\u00e9, r\u016f\u017eov\u00e9) &#8211; jsou nezbytn\u00fdm dopl\u0148kem pro hran\u00ed va\u0161eho d\u011b\u0165\u00e1tka! Tyto kl\u00ed\u010de, vyroben\u00e9 z ekologick\u00e9ho silikonu, jsou v\u00edce ne\u017e jen kous\u00e1tko. D\u00edky voln\u00fdm kl\u00ed\u010d\u016fm, kter\u00e9 obklopuj\u00ed centr\u00e1ln\u00ed kous\u00e1tko, nab\u00edzej\u00ed snadno uchopiteln\u00fd design, kter\u00fd je ide\u00e1ln\u00ed pro zkoum\u00e1n\u00ed a hran\u00ed mal\u00fdch ru\u010di\u010dek. Nejen\u017ee ulevuj\u00ed od nep\u0159\u00edjemn\u00fdch pocit\u016f p\u0159i pro\u0159ez\u00e1v\u00e1n\u00ed zoubk\u016f, ale tak\u00e9 stimuluj\u00ed smysly va\u0161eho d\u00edt\u011bte d\u00edky sv\u00fdm z\u00e1\u0159iv\u00fdm barv\u00e1m a rozmanit\u00fdm tvar\u016fm. P\u0159edstavte si radost na tv\u00e1\u0159i va\u0161eho d\u011b\u0165\u00e1tka, kdy\u017e objevuje r\u016fzn\u00e9 textury a odst\u00edny! A t\u0159e\u0161ni\u010dka na dortu: Silikonov\u00e1 sada Keys je bezpe\u010dn\u00e1 nejen pro va\u0161e d\u00edt\u011b, ale tak\u00e9 pro planetu. Je vyrobena z vysoce kvalitn\u00edho silikonu, tak\u017ee si m\u016f\u017eete b\u00fdt jisti, \u017ee hran\u00ed va\u0161eho d\u00edt\u011bte je p\u0159\u00edjemn\u00e9 a z\u00e1rove\u0148 ekologick\u00e9. Pro\u010d se tedy spokojit s oby\u010dejn\u00fdmi hra\u010dkami, kdy\u017e m\u016f\u017eete pozvednout z\u00e1\u017eitek z hran\u00ed va\u0161eho d\u00edt\u011bte s na\u0161\u00ed silikonovou sadou kl\u00ed\u010d\u016f? P\u0159idejte do sv\u011bta sv\u00e9ho d\u00edt\u011bte barevnost, pohodl\u00ed a ekologi\u010dnost je\u0161t\u011b dnes!  <\/p>\n","protected":false},"excerpt":{"rendered":"<div class=\"w-full text-token-text-primary\" dir=\"auto\" data-testid=\"conversation-turn-5\">\n<div class=\"px-4 py-2 justify-center text-base md:gap-6 m-auto\">\n<div class=\"flex flex-1 text-base mx-auto gap-3 juice:gap-4 juice:md:gap-6 md:px-5 lg:px-1 xl:px-5 md:max-w-3xl lg:max-w-[40rem] xl:max-w-[48rem] group\">\n<div class=\"relative flex w-full flex-col agent-turn\">\n<div class=\"flex-col gap-1 md:gap-3\">\n<div class=\"flex flex-grow flex-col max-w-full\">\n<div class=\"min-h-[20px] text-message flex flex-col items-start gap-3 whitespace-pre-wrap break-words [.text-message+&amp;]:mt-5 overflow-x-auto\" dir=\"auto\" data-message-author-role=\"assistant\" data-message-id=\"17b7d7b6-b91e-4499-b753-bc31b4cdf645\">\n<div class=\"markdown prose w-full break-words dark:prose-invert light\">\n<p>Pod\u00edvejte se na na\u0161e silikonov\u00e9 kl\u00ed\u010de (\u0161ed\u00e9, b\u00edl\u00e9, modr\u00e9, r\u016f\u017eov\u00e9) &#8211; jsou pro va\u0161e d\u011b\u0165\u00e1tko fantastick\u00e9! Tyto kl\u00ed\u010de jsou vyrobeny z ekologick\u00e9ho silikonu a nejsou ur\u010deny pouze k pro\u0159ez\u00e1v\u00e1n\u00ed zoubk\u016f. Jsou tak\u00e9 skv\u011bl\u00e9 jako hra\u010dky na uchopen\u00ed, proto\u017ee kolem hlavn\u00edho kous\u00e1tka jsou voln\u00e9 kl\u00ed\u010de. Nav\u00edc jsou v r\u016fzn\u00fdch barv\u00e1ch a tvarech, co\u017e je super z\u00e1bava pro smysly va\u0161eho d\u00edt\u011bte. A to nejlep\u0161\u00ed? Jsou bezpe\u010dn\u00e9 pro va\u0161e d\u00edt\u011b i \u017eivotn\u00ed prost\u0159ed\u00ed. Tak pro\u010d \u010dekat? Po\u0159i\u010fte si sadu silikonov\u00fdch kl\u00ed\u010d\u016f je\u0161t\u011b dnes!       <\/p>\n<\/div>\n<\/div>\n<\/div>\n<\/div>\n<div class=\"absolute\">\n<div class=\"flex w-full gap-2 items-center justify-center\"><\/div>\n<\/div>\n<\/div>\n<\/div>\n<\/div>\n<\/div>\n<div class=\"w-full text-token-text-primary\" dir=\"auto\" data-testid=\"conversation-turn-6\">\n<div class=\"px-4 py-2 justify-center text-base md:gap-6 m-auto\">\n<div class=\"flex flex-1 text-base mx-auto gap-3 juice:gap-4 juice:md:gap-6 md:px-5 lg:px-1 xl:px-5 md:max-w-3xl lg:max-w-[40rem] xl:max-w-[48rem] group\">\n<div class=\"flex-shrink-0 flex flex-col relative items-end\">\n<div>\n<div class=\"pt-0.5\">\n<div class=\"gizmo-shadow-stroke flex h-6 w-6 items-center justify-center overflow-hidden rounded-full\"><\/div>\n<\/div>\n<\/div>\n<\/div>\n<\/div>\n<\/div>\n<\/div>\n","protected":false},"featured_media":73010,"comment_status":"closed","ping_status":"closed","template":"","meta":{"_lmt_disableupdate":"","_lmt_disable":""},"product_brand":[],"product_cat":[471,489],"product_tag":[],"woo-feed-brand":[],"class_list":{"0":"post-42809","1":"product","2":"type-product","3":"status-publish","4":"has-post-thumbnail","6":"product_cat-playtime-cs","7":"product_cat-silikonove-hracky","9":"first","10":"instock","11":"taxable","12":"shipping-taxable","13":"purchasable","14":"product-type-simple"},"_links":{"self":[{"href":"https:\/\/www.bojungle.eu\/cs\/wp-json\/wp\/v2\/product\/42809","targetHints":{"allow":["GET"]}}],"collection":[{"href":"https:\/\/www.bojungle.eu\/cs\/wp-json\/wp\/v2\/product"}],"about":[{"href":"https:\/\/www.bojungle.eu\/cs\/wp-json\/wp\/v2\/types\/product"}],"replies":[{"embeddable":true,"href":"https:\/\/www.bojungle.eu\/cs\/wp-json\/wp\/v2\/comments?post=42809"}],"version-history":[{"count":1,"href":"https:\/\/www.bojungle.eu\/cs\/wp-json\/wp\/v2\/product\/42809\/revisions"}],"predecessor-version":[{"id":73032,"href":"https:\/\/www.bojungle.eu\/cs\/wp-json\/wp\/v2\/product\/42809\/revisions\/73032"}],"wp:featuredmedia":[{"embeddable":true,"href":"https:\/\/www.bojungle.eu\/cs\/wp-json\/wp\/v2\/media\/73010"}],"wp:attachment":[{"href":"https:\/\/www.bojungle.eu\/cs\/wp-json\/wp\/v2\/media?parent=42809"}],"wp:term":[{"taxonomy":"product_brand","embeddable":true,"href":"https:\/\/www.bojungle.eu\/cs\/wp-json\/wp\/v2\/product_brand?post=42809"},{"taxonomy":"product_cat","embeddable":true,"href":"https:\/\/www.bojungle.eu\/cs\/wp-json\/wp\/v2\/product_cat?post=42809"},{"taxonomy":"product_tag","embeddable":true,"href":"https:\/\/www.bojungle.eu\/cs\/wp-json\/wp\/v2\/product_tag?post=42809"},{"taxonomy":"woo-feed-brand","embeddable":true,"href":"https:\/\/www.bojungle.eu\/cs\/wp-json\/wp\/v2\/woo-feed-brand?post=42809"}],"curies":[{"name":"wp","href":"https:\/\/api.w.org\/{rel}","templated":true}]}}