{"id":42817,"date":"2022-05-29T11:29:10","date_gmt":"2022-05-29T09:29:10","guid":{"rendered":"https:\/\/bojungle.eu\/shop\/product\/stul-b-learn-discovery\/"},"modified":"2025-08-06T14:38:35","modified_gmt":"2025-08-06T12:38:35","slug":"b-learn-discovery-table","status":"publish","type":"product","link":"https:\/\/www.bojungle.eu\/cs\/produkt\/b-learn-discovery-table\/","title":{"rendered":"St\u016fl pro u\u010den\u00ed a objevov\u00e1n\u00ed"},"content":{"rendered":"<p>Seznamte se s na\u0161\u00edm stolem Learn &amp; Discovery, kter\u00fd je ide\u00e1ln\u00ed pro va\u0161eho mal\u00e9ho objevitele!<\/p>\n<p>Tento st\u016fl je velmi pestr\u00fd a nab\u00edz\u00ed spoustu z\u00e1bavn\u00fdch v\u011bc\u00ed. Pus\u0165te m\u00ed\u010dek na st\u016fl a sledujte, jak se to\u010d\u00ed, ne\u017e propadne otvorem. Je to jako kouzlo! Pom\u00e1h\u00e1 to va\u0161emu batoleti sledovat v\u011bci o\u010dima.   <\/p>\n<p>Ale po\u010dkejte, je toho v\u00edc! Stiskn\u011bte hro\u0161\u00ed zuby a usly\u0161\u00edte skv\u011blou hudbu a zvuky zv\u00ed\u0159at. Je to tak z\u00e1bavn\u00e9! A pom\u00e1h\u00e1 va\u0161emu d\u011b\u0165\u00e1tku nau\u010dit se, jak v\u011bci funguj\u00ed.   <\/p>\n<p>Tento st\u016fl se sv\u011btly a hudbou je z\u00e1\u017eitkem pro va\u0161e smysly. Va\u0161e d\u00edt\u011b si s n\u00edm bude r\u00e1do hr\u00e1t a u\u010dit se! <\/p>\n<p>P\u0159ipravte se na hodiny z\u00e1bavy a u\u010den\u00ed s na\u0161\u00edm stolem Learn &amp; Discovery Table!<\/p>\n<p>&nbsp;<\/p>\n<table border=\"1\">\n<tbody>\n<tr>\n<td>Manu\u00e1ln\u00ed\n<\/td>\n<td><a href=\"https:\/\/www.bojungle.eu\/wp-content\/uploads\/2025\/08\/Manual-B925210-2.pdf\">Klikn\u011bte zde<\/a><\/td>\n<\/tr>\n<\/tbody>\n<\/table>\n","protected":false},"excerpt":{"rendered":"<div class=\"flex-1 overflow-hidden\">\n<div class=\"react-scroll-to-bottom--css-jpaix-79elbk h-full\">\n<div class=\"react-scroll-to-bottom--css-jpaix-1n7m0yu\">\n<div class=\"flex flex-col text-sm pb-9\">\n<div class=\"w-full text-token-text-primary\" dir=\"auto\" data-testid=\"conversation-turn-7\" data-scroll-anchor=\"true\">\n<div class=\"py-2 px-3 text-base md:px-4 m-auto md:px-5 lg:px-1 xl:px-5\">\n<div class=\"mx-auto flex flex-1 gap-3 text-base juice:gap-4 juice:md:gap-6 md:max-w-3xl lg:max-w-[40rem] xl:max-w-[48rem]\">\n<div class=\"relative flex w-full min-w-0 flex-col agent-turn\">\n<div class=\"flex-col gap-1 md:gap-3\">\n<div class=\"flex flex-grow flex-col max-w-full\">\n<div class=\"min-h-[20px] text-message flex flex-col items-start whitespace-pre-wrap break-words [.text-message+&amp;]:mt-5 overflow-x-auto gap-3\" dir=\"auto\" data-message-author-role=\"assistant\" data-message-id=\"e862e374-493f-440c-bba9-50430143b1bf\">\n<div class=\"markdown prose w-full break-words dark:prose-invert light\">\n<p>P\u0159edstavujeme n\u00e1\u0161 st\u016fl Learn &amp; Discovery Table! D\u00edky barevn\u00fdm m\u00ed\u010dk\u016fm, kter\u00e9 se ot\u00e1\u010dej\u00ed a propad\u00e1vaj\u00ed otvory, z\u00e1bavn\u00e9 hudb\u011b a skv\u011bl\u00fdm zvuk\u016fm zv\u00ed\u0159at je ide\u00e1ln\u00ed pro u\u010den\u00ed a hran\u00ed t\u011bch nejmen\u0161\u00edch. Sledujte, jak va\u0161e d\u00edt\u011b zkoum\u00e1 p\u0159\u00ed\u010diny a n\u00e1sledky a z\u00e1rove\u0148 se bav\u00ed sv\u011btly a hudbou!  <\/p>\n<\/div>\n<\/div>\n<\/div>\n<\/div>\n<\/div>\n<\/div>\n<\/div>\n<\/div>\n<\/div>\n<\/div>\n<\/div>\n<\/div>\n","protected":false},"featured_media":71511,"comment_status":"closed","ping_status":"closed","template":"","meta":{"_lmt_disableupdate":"","_lmt_disable":""},"product_brand":[],"product_cat":[483,605,608,471,1337],"product_tag":[1011,1016,1014,1013,1010,1015,1012],"woo-feed-brand":[],"class_list":{"0":"post-42817","1":"product","2":"type-product","3":"status-publish","4":"has-post-thumbnail","6":"product_cat-barevne-hracky","7":"product_cat-hracky-pro-aktivity","8":"product_cat-hudebni-hracky","9":"product_cat-playtime-cs","10":"product_cat-prodej","11":"product_tag-aktivity","12":"product_tag-hudba","13":"product_tag-micove-hry","14":"product_tag-objevovani","15":"product_tag-stul","16":"product_tag-svetla","17":"product_tag-ucit-se","19":"first","20":"instock","21":"sale","22":"taxable","23":"shipping-taxable","24":"purchasable","25":"product-type-simple"},"_links":{"self":[{"href":"https:\/\/www.bojungle.eu\/cs\/wp-json\/wp\/v2\/product\/42817","targetHints":{"allow":["GET"]}}],"collection":[{"href":"https:\/\/www.bojungle.eu\/cs\/wp-json\/wp\/v2\/product"}],"about":[{"href":"https:\/\/www.bojungle.eu\/cs\/wp-json\/wp\/v2\/types\/product"}],"replies":[{"embeddable":true,"href":"https:\/\/www.bojungle.eu\/cs\/wp-json\/wp\/v2\/comments?post=42817"}],"version-history":[{"count":2,"href":"https:\/\/www.bojungle.eu\/cs\/wp-json\/wp\/v2\/product\/42817\/revisions"}],"predecessor-version":[{"id":80812,"href":"https:\/\/www.bojungle.eu\/cs\/wp-json\/wp\/v2\/product\/42817\/revisions\/80812"}],"wp:featuredmedia":[{"embeddable":true,"href":"https:\/\/www.bojungle.eu\/cs\/wp-json\/wp\/v2\/media\/71511"}],"wp:attachment":[{"href":"https:\/\/www.bojungle.eu\/cs\/wp-json\/wp\/v2\/media?parent=42817"}],"wp:term":[{"taxonomy":"product_brand","embeddable":true,"href":"https:\/\/www.bojungle.eu\/cs\/wp-json\/wp\/v2\/product_brand?post=42817"},{"taxonomy":"product_cat","embeddable":true,"href":"https:\/\/www.bojungle.eu\/cs\/wp-json\/wp\/v2\/product_cat?post=42817"},{"taxonomy":"product_tag","embeddable":true,"href":"https:\/\/www.bojungle.eu\/cs\/wp-json\/wp\/v2\/product_tag?post=42817"},{"taxonomy":"woo-feed-brand","embeddable":true,"href":"https:\/\/www.bojungle.eu\/cs\/wp-json\/wp\/v2\/woo-feed-brand?post=42817"}],"curies":[{"name":"wp","href":"https:\/\/api.w.org\/{rel}","templated":true}]}}